{"id":43403,"date":"2025-03-18T16:16:10","date_gmt":"2025-03-18T15:16:10","guid":{"rendered":"https:\/\/lsa-global.com\/?page_id=43403"},"modified":"2025-04-25T11:46:49","modified_gmt":"2025-04-25T10:46:49","slug":"croatian-translation-services-accurate-certified","status":"publish","type":"page","link":"https:\/\/lsa-global.com\/de\/croatian-translation-services-accurate-certified\/","title":{"rendered":"Professionelle kroatische \u00dcbersetzungsdienste \u2013 pr\u00e4zise und zertifiziert"},"content":{"rendered":"<div data-elementor-type=\"wp-page\" data-elementor-id=\"43403\" class=\"elementor elementor-43403\" data-elementor-post-type=\"page\">\n\t\t\t\t<div class=\"elementor-element elementor-element-45686fc e-flex e-con-boxed e-con e-parent\" data-id=\"45686fc\" data-element_type=\"container\" data-e-type=\"container\">\n\t\t\t\t\t<div class=\"e-con-inner\">\n\t\t\t\t<div class=\"elementor-element elementor-element-e60ddd7 elementor-widget elementor-widget-heading\" data-id=\"e60ddd7\" data-element_type=\"widget\" data-e-type=\"widget\" data-widget_type=\"heading.default\">\n\t\t\t\t\t<h2 class=\"elementor-heading-title elementor-size-default\">Professionelle kroatische \u00dcbersetzungsdienste \u2013 pr\u00e4zise und zertifiziert<\/h2>\t\t\t\t<\/div>\n\t\t\t\t<div class=\"elementor-element elementor-element-8ef7b45 elementor-widget elementor-widget-image\" data-id=\"8ef7b45\" data-element_type=\"widget\" data-e-type=\"widget\" data-widget_type=\"image.default\">\n\t\t\t\t\t\t\t\t\t\t\t\t\t\t\t<img decoding=\"async\" data-attachment-id=\"43692\" data-permalink=\"https:\/\/lsa-global.com\/fr\/croatian-translation-services-accurate-certified\/croatian\/\" data-orig-file=\"https:\/\/i0.wp.com\/lsa-global.com\/wp-content\/uploads\/2025\/03\/Croatian.png?fit=2560%2C1280&amp;ssl=1\" data-orig-size=\"2560,1280\" data-comments-opened=\"0\" data-image-meta=\"{&quot;aperture&quot;:&quot;0&quot;,&quot;credit&quot;:&quot;&quot;,&quot;camera&quot;:&quot;&quot;,&quot;caption&quot;:&quot;&quot;,&quot;created_timestamp&quot;:&quot;0&quot;,&quot;copyright&quot;:&quot;&quot;,&quot;focal_length&quot;:&quot;0&quot;,&quot;iso&quot;:&quot;0&quot;,&quot;shutter_speed&quot;:&quot;0&quot;,&quot;title&quot;:&quot;&quot;,&quot;orientation&quot;:&quot;0&quot;}\" data-image-title=\"Croatian Translation Services\" data-image-description=\"&lt;p&gt;Croatian Translation Services&lt;\/p&gt;\" data-image-caption=\"\" data-large-file=\"https:\/\/i0.wp.com\/lsa-global.com\/wp-content\/uploads\/2025\/03\/Croatian.png?fit=1024%2C512&amp;ssl=1\" width=\"300\" height=\"150\" src=\"https:\/\/i0.wp.com\/lsa-global.com\/wp-content\/uploads\/2025\/03\/Croatian.png?fit=300%2C150&amp;ssl=1\" class=\"attachment-medium size-medium wp-image-43692\" alt=\"Croatian Translation Services\" srcset=\"https:\/\/i0.wp.com\/lsa-global.com\/wp-content\/uploads\/2025\/03\/Croatian.png?w=2560&amp;ssl=1 2560w, https:\/\/i0.wp.com\/lsa-global.com\/wp-content\/uploads\/2025\/03\/Croatian.png?resize=300%2C150&amp;ssl=1 300w, https:\/\/i0.wp.com\/lsa-global.com\/wp-content\/uploads\/2025\/03\/Croatian.png?resize=1024%2C512&amp;ssl=1 1024w, https:\/\/i0.wp.com\/lsa-global.com\/wp-content\/uploads\/2025\/03\/Croatian.png?resize=150%2C75&amp;ssl=1 150w, https:\/\/i0.wp.com\/lsa-global.com\/wp-content\/uploads\/2025\/03\/Croatian.png?resize=768%2C384&amp;ssl=1 768w, https:\/\/i0.wp.com\/lsa-global.com\/wp-content\/uploads\/2025\/03\/Croatian.png?resize=1536%2C768&amp;ssl=1 1536w, https:\/\/i0.wp.com\/lsa-global.com\/wp-content\/uploads\/2025\/03\/Croatian.png?resize=2048%2C1024&amp;ssl=1 2048w, https:\/\/i0.wp.com\/lsa-global.com\/wp-content\/uploads\/2025\/03\/Croatian.png?resize=18%2C9&amp;ssl=1 18w, https:\/\/i0.wp.com\/lsa-global.com\/wp-content\/uploads\/2025\/03\/Croatian.png?resize=370%2C185&amp;ssl=1 370w, https:\/\/i0.wp.com\/lsa-global.com\/wp-content\/uploads\/2025\/03\/Croatian.png?resize=760%2C380&amp;ssl=1 760w, https:\/\/i0.wp.com\/lsa-global.com\/wp-content\/uploads\/2025\/03\/Croatian.png?resize=805%2C400&amp;ssl=1 805w\" sizes=\"(max-width: 300px) 100vw, 300px\" title=\"\">\t\t\t\t\t\t\t\t\t\t\t\t\t\t\t<\/div>\n\t\t\t\t<div class=\"elementor-element elementor-element-2951ee8 elementor-widget elementor-widget-heading\" data-id=\"2951ee8\" data-element_type=\"widget\" data-e-type=\"widget\" data-widget_type=\"heading.default\">\n\t\t\t\t\t<h3 class=\"elementor-heading-title elementor-size-default\">Expert Croatian Translation Services for Businesses &amp; Individuals<\/h3>\t\t\t\t<\/div>\n\t\t\t\t<div class=\"elementor-element elementor-element-0879759 elementor-widget elementor-widget-text-editor\" data-id=\"0879759\" data-element_type=\"widget\" data-e-type=\"widget\" data-widget_type=\"text-editor.default\">\n\t\t\t\t\t\t\t\t\t<p><span style=\"color: #0000ff;\"><span style=\"font-size: 16px; text-align: var(--text-align);\">Suchen Sie hochwertige <\/span><span style=\"color: #0000ff;\">Croatian<\/span> <span style=\"color: #0000ff;\">\u00dcbersetzungsdienste<\/span><span style=\"font-size: 16px; text-align: var(--text-align);\"><span style=\"color: #0000ff;\">? <\/span>Our team of professional translators specializes in delivering accurate, culturally adapted translations tailored to Croatian-speaking audiences. We offer a comprehensive range of services, including document translation<\/span><span style=\"font-size: 16px; text-align: var(--text-align);\">, website localization<\/span><span style=\"font-size: 16px; text-align: var(--text-align);\">, technical translation<\/span><span style=\"font-size: 16px; text-align: var(--text-align);\">und mehr, um sicherzustellen, dass Ihre Inhalte bei Ihrer Zielgruppe Anklang finden.<\/span><\/span><\/p>\t\t\t\t\t\t\t\t<\/div>\n\t\t\t\t\t<\/div>\n\t\t\t\t<\/div>\n\t\t<div class=\"elementor-element elementor-element-74a83e9 e-flex e-con-boxed e-con e-parent\" data-id=\"74a83e9\" data-element_type=\"container\" data-e-type=\"container\">\n\t\t\t\t\t<div class=\"e-con-inner\">\n\t\t\t\t<div class=\"elementor-element elementor-element-2e924a4 elementor-widget elementor-widget-heading\" data-id=\"2e924a4\" data-element_type=\"widget\" data-e-type=\"widget\" data-widget_type=\"heading.default\">\n\t\t\t\t\t<h3 class=\"elementor-heading-title elementor-size-default\">Why Choose Our Croatian Translation Services?<\/h3>\t\t\t\t<\/div>\n\t\t\t\t<div class=\"elementor-element elementor-element-764824f elementor-widget elementor-widget-text-editor\" data-id=\"764824f\" data-element_type=\"widget\" data-e-type=\"widget\" data-widget_type=\"text-editor.default\">\n\t\t\t\t\t\t\t\t\t<ul><li><p>Native Croatian Translators: Our translators are native Croatian speakers with years of full-time experience, ensuring precise and contextually appropriate translations.\u00a0<\/p><\/li><li><p>Beglaubigte \u00dcbersetzungen: Wir erstellen beglaubigte \u00dcbersetzungen, die von Regierungsbeh\u00f6rden und Rechtsinstitutionen anerkannt werden und gew\u00e4hrleisten so Konformit\u00e4t und Authentizit\u00e4t.\u00a0<\/p><\/li><li><p>SEO-optimierter Inhalt: Unsere \u00dcbersetzungen ber\u00fccksichtigen bew\u00e4hrte SEO-Methoden und helfen Ihrer Website, in Suchmaschinen wie Google und Bing ein h\u00f6heres Ranking zu erzielen.<\/p><\/li><li><p>Schnelle Bearbeitung und wettbewerbsf\u00e4hige Preise: Wir liefern qualitativ hochwertige \u00dcbersetzungen umgehend und zu wettbewerbsf\u00e4higen Preisen und halten Ihre Termine und Budgetanforderungen ein.\u00a0<\/p><\/li><li><p>Industry Expertise: Our translators possess specialized knowledge across various industries, including legal, medical, technical, and business sectors. lsaglobal-translate.co.uk<\/p><\/li><\/ul>\t\t\t\t\t\t\t\t<\/div>\n\t\t\t\t<div class=\"elementor-element elementor-element-b18921c elementor-widget elementor-widget-heading\" data-id=\"b18921c\" data-element_type=\"widget\" data-e-type=\"widget\" data-widget_type=\"heading.default\">\n\t\t\t\t\t<h3 class=\"elementor-heading-title elementor-size-default\">Our Croatian Translation Services<\/h3>\t\t\t\t<\/div>\n\t\t\t\t<div class=\"elementor-element elementor-element-bcc3efb elementor-widget elementor-widget-heading\" data-id=\"bcc3efb\" data-element_type=\"widget\" data-e-type=\"widget\" data-widget_type=\"heading.default\">\n\t\t\t\t\t<h5 class=\"elementor-heading-title elementor-size-default\">1. Beglaubigte Dokumenten\u00fcbersetzung<\/h5>\t\t\t\t<\/div>\n\t\t\t\t<div class=\"elementor-element elementor-element-6122e63 elementor-widget elementor-widget-text-editor\" data-id=\"6122e63\" data-element_type=\"widget\" data-e-type=\"widget\" data-widget_type=\"text-editor.default\">\n\t\t\t\t\t\t\t\t\t<p>Wir bieten beglaubigte \u00dcbersetzungen f\u00fcr eine Vielzahl von Dokumenten an und gew\u00e4hrleisten dabei Genauigkeit und Anerkennung durch offizielle Stellen:<\/p><ul><li><p>Legal Documents: Contracts, agreements, court documents<\/p><\/li><li><p>Pers\u00f6nliche Dokumente: Geburtsurkunden, Heiratsurkunden, akademische Zeugnisse.<\/p><\/li><li><p>Gesch\u00e4ftsdokumente: Lizenzen, Jahresabschl\u00fcsse, Unternehmensberichte.<\/p><\/li><\/ul>\t\t\t\t\t\t\t\t<\/div>\n\t\t\t\t<div class=\"elementor-element elementor-element-9e48586 elementor-widget elementor-widget-heading\" data-id=\"9e48586\" data-element_type=\"widget\" data-e-type=\"widget\" data-widget_type=\"heading.default\">\n\t\t\t\t\t<h5 class=\"elementor-heading-title elementor-size-default\">2. Website- und App-Lokalisierung<\/h5>\t\t\t\t<\/div>\n\t\t\t\t<div class=\"elementor-element elementor-element-3be194e elementor-widget elementor-widget-text-editor\" data-id=\"3be194e\" data-element_type=\"widget\" data-e-type=\"widget\" data-widget_type=\"text-editor.default\">\n\t\t\t\t\t\t\t\t\t<p>Expand your digital presence in Croatian-speaking markets with our localization services:<\/p><ul><li><p>Website-Lokalisierung: Anpassung der Inhalte Ihrer Website an kulturelle Nuancen und Vorlieben.<\/p><\/li><li><p>App Localization: Ensuring your mobile applications are user-friendly for Croatian-speaking users.<\/p><\/li><li><p>SEO-Optimierung: Implementierung lokalisierter Schl\u00fcsselw\u00f6rter und Meta-Tags zur Verbesserung des Suchmaschinen-Rankings.\u00a0<\/p><\/li><\/ul>\t\t\t\t\t\t\t\t<\/div>\n\t\t\t\t<div class=\"elementor-element elementor-element-455a013 elementor-widget elementor-widget-heading\" data-id=\"455a013\" data-element_type=\"widget\" data-e-type=\"widget\" data-widget_type=\"heading.default\">\n\t\t\t\t\t<h5 class=\"elementor-heading-title elementor-size-default\">3. Technische und medizinische \u00dcbersetzungen<\/h5>\t\t\t\t<\/div>\n\t\t\t\t<div class=\"elementor-element elementor-element-3b7213e elementor-widget elementor-widget-text-editor\" data-id=\"3b7213e\" data-element_type=\"widget\" data-e-type=\"widget\" data-widget_type=\"text-editor.default\">\n\t\t\t\t\t\t\t\t\t<p><span style=\"color: #0000ff;\">Unsere Experten bearbeiten komplexe technische und medizinische Dokumente mit Pr\u00e4zision:<\/span><\/p><ul><li><p><span style=\"color: #0000ff;\">Technische Handb\u00fccher: Benutzerhandb\u00fccher, Produkthandb\u00fccher, technische Daten.<\/span><\/p><\/li><li><p><span style=\"color: #0000ff;\">Medizinische Dokumente: Klinische Berichte, pharmazeutische Informationen, medizinische Forschungsarbeiten.<\/span><\/p><\/li><\/ul>\t\t\t\t\t\t\t\t<\/div>\n\t\t\t\t<div class=\"elementor-element elementor-element-7228b40 elementor-widget elementor-widget-heading\" data-id=\"7228b40\" data-element_type=\"widget\" data-e-type=\"widget\" data-widget_type=\"heading.default\">\n\t\t\t\t\t<h5 class=\"elementor-heading-title elementor-size-default\">4. Gesch\u00e4fts- und Marketing\u00fcbersetzungen<\/h5>\t\t\t\t<\/div>\n\t\t\t\t<div class=\"elementor-element elementor-element-73c19bd elementor-widget elementor-widget-text-editor\" data-id=\"73c19bd\" data-element_type=\"widget\" data-e-type=\"widget\" data-widget_type=\"text-editor.default\">\n\t\t\t\t\t\t\t\t\t<p>Effectively communicate your brand message to Croatian-speaking audiences:<\/p><ul><li><p>Marketingmaterialien: Brosch\u00fcren, Anzeigen, Pressemitteilungen.<\/p><\/li><li><p>Gesch\u00e4ftskommunikation: Pr\u00e4sentationen, E-Mails, Unternehmenskommunikation.<\/p><\/li><\/ul>\t\t\t\t\t\t\t\t<\/div>\n\t\t\t\t<div class=\"elementor-element elementor-element-2d25322 elementor-widget elementor-widget-heading\" data-id=\"2d25322\" data-element_type=\"widget\" data-e-type=\"widget\" data-widget_type=\"heading.default\">\n\t\t\t\t\t<h3 class=\"elementor-heading-title elementor-size-default\">Branchen, die wir bedienen<\/h3>\t\t\t\t<\/div>\n\t\t\t\t<div class=\"elementor-element elementor-element-18be4ad elementor-widget elementor-widget-text-editor\" data-id=\"18be4ad\" data-element_type=\"widget\" data-e-type=\"widget\" data-widget_type=\"text-editor.default\">\n\t\t\t\t\t\t\t\t\t<p>Wir beliefern ein breites Spektrum an Branchen, darunter:<\/p><ul><li><p>Recht und Beh\u00f6rden: Bereitstellung von \u00dcbersetzungen f\u00fcr Gerichtsverfahren und beh\u00f6rdliche Mitteilungen.<\/p><\/li><li><p>Gesundheitswesen und Pharmazeutika: \u00dcbersetzung von Krankenakten, Forschungsarbeiten und pharmazeutischen Dokumenten.<\/p><\/li><li><p>Technologie und IT: Lokalisierung von Software, Benutzerhandb\u00fcchern und technischer Dokumentation.<\/p><\/li><li><p>Finanzen und Bankwesen: \u00dcbersetzung von Finanzberichten, Anlagedokumenten und Bankmaterialien.<\/p><\/li><li><p>E-Commerce und Einzelhandel: Lokalisierung von Produktbeschreibungen, Kundenbewertungen und Marketinginhalten.<\/p><\/li><\/ul>\t\t\t\t\t\t\t\t<\/div>\n\t\t\t\t<div class=\"elementor-element elementor-element-db23853 elementor-widget elementor-widget-heading\" data-id=\"db23853\" data-element_type=\"widget\" data-e-type=\"widget\" data-widget_type=\"heading.default\">\n\t\t\t\t\t<h3 class=\"elementor-heading-title elementor-size-default\">Why Professional Croatian Translation Matters<\/h3>\t\t\t\t<\/div>\n\t\t\t\t<div class=\"elementor-element elementor-element-1226ba7 elementor-widget elementor-widget-text-editor\" data-id=\"1226ba7\" data-element_type=\"widget\" data-e-type=\"widget\" data-widget_type=\"text-editor.default\">\n\t\t\t\t\t\t\t\t\t<p>Croatian is spoken by millions of people worldwide, making it essential for businesses and organizations aiming to connect with Croatian-speaking audiences. Professional translation ensures:<\/p><ul><li><p>Kulturelle Relevanz: Pr\u00e4zise \u00dcbersetzungen, die mit der lokalen Kultur und den Br\u00e4uchen im Einklang stehen.<\/p><\/li><li><p>Einhaltung gesetzlicher Vorschriften: Sicherstellen, dass die Dokumente den regionalen gesetzlichen Standards und Anforderungen entsprechen.<\/p><\/li><li><p>Brand Credibility: Presenting your business professionally to Croatian-speaking audiences.<\/p><\/li><\/ul>\t\t\t\t\t\t\t\t<\/div>\n\t\t\t\t<div class=\"elementor-element elementor-element-4041fbd elementor-widget elementor-widget-heading\" data-id=\"4041fbd\" data-element_type=\"widget\" data-e-type=\"widget\" data-widget_type=\"heading.default\">\n\t\t\t\t\t<h3 class=\"elementor-heading-title elementor-size-default\">SEO-Optimized Croatian Translation Services<\/h3>\t\t\t\t<\/div>\n\t\t\t\t<div class=\"elementor-element elementor-element-4a7c79e elementor-widget elementor-widget-text-editor\" data-id=\"4a7c79e\" data-element_type=\"widget\" data-e-type=\"widget\" data-widget_type=\"text-editor.default\">\n\t\t\t\t\t\t\t\t\t<p>Unsere \u00dcbersetzungen basieren auf den bew\u00e4hrten SEO-Methoden, um Ihre Online-Sichtbarkeit zu verbessern:<\/p><ul><li><p>Localized Keywords: Incorporating region-specific search terms to improve rankings.\u00a0\u00a0lsaglobal-translate.co.uk<\/p><\/li><li><p>Meta Tag Optimization: Translating and optimizing meta descriptions and titles for better click-through rates.\u00a0\u00a0lsaglobal-translate.co.uk<\/p><\/li><li><p>User-Friendly URLs: Creating URLs that are readable and relevant in Croatian.\u00a0\u00a0lsaglobal-translate.co.uk<\/p><\/li><\/ul>\t\t\t\t\t\t\t\t<\/div>\n\t\t\t\t<div class=\"elementor-element elementor-element-b42a2b3 elementor-widget elementor-widget-heading\" data-id=\"b42a2b3\" data-element_type=\"widget\" data-e-type=\"widget\" data-widget_type=\"heading.default\">\n\t\t\t\t\t<h3 class=\"elementor-heading-title elementor-size-default\">Get a Free Quote for Croatian Translation Services<\/h3>\t\t\t\t<\/div>\n\t\t\t\t<div class=\"elementor-element elementor-element-7e5e2e3 elementor-widget elementor-widget-text-editor\" data-id=\"7e5e2e3\" data-element_type=\"widget\" data-e-type=\"widget\" data-widget_type=\"text-editor.default\">\n\t\t\t\t\t\t\t\t\t<p>Need professional Croatian translation services? Contact us today for a free quote. We ensure fast, precise, and confidential translations for all your needs.<\/p><h3><span style=\"color: #000000;\"><a style=\"color: #000000;\" href=\"https:\/\/lsa-global.com\/de\/fordern-sie-ein-kostenloses-angebot-an-lsa-global\/\">Kontaktieren Sie uns noch heute!<\/a><\/span><\/h3><p>Globaler Service \u2013 Weltweit verf\u00fcgbar<\/p><p>Expand your reach with expert Croatian translation! Reach out now to discuss your project.<\/p>\t\t\t\t\t\t\t\t<\/div>\n\t\t\t\t<div class=\"elementor-element elementor-element-26e8221 elementor-widget elementor-widget-heading\" data-id=\"26e8221\" data-element_type=\"widget\" data-e-type=\"widget\" data-widget_type=\"heading.default\">\n\t\t\t\t\t<h3 class=\"elementor-heading-title elementor-size-default\">Dar\u00fcber hinausgehen<\/h3>\t\t\t\t<\/div>\n\t\t\t\t<div class=\"elementor-element elementor-element-7de9de5 elementor-widget elementor-widget-text-editor\" data-id=\"7de9de5\" data-element_type=\"widget\" data-e-type=\"widget\" data-widget_type=\"text-editor.default\">\n\t\t\t\t\t\t\t\t\t<h5><span style=\"color: #0000ff;\"><a style=\"color: #0000ff;\" href=\"https:\/\/lsa-global.com\/de\/deutsche-sprache-lernen\/\">Kostenloses Angebot<\/a><\/span><\/h5>\t\t\t\t\t\t\t\t<\/div>\n\t\t\t\t<div class=\"elementor-element elementor-element-ab0fa5d elementor-widget elementor-widget-text-editor\" data-id=\"ab0fa5d\" data-element_type=\"widget\" data-e-type=\"widget\" data-widget_type=\"text-editor.default\">\n\t\t\t\t\t\t\t\t\t<h5><span style=\"color: #0000ff;\"><a style=\"color: #0000ff;\" href=\"https:\/\/lsa-global.com\/de\/preise-und-bedingungen-fur-ubersetzungen\/\">Preispl\u00e4ne und mehr<\/a><\/span><\/h5>\t\t\t\t\t\t\t\t<\/div>\n\t\t\t\t<div class=\"elementor-element elementor-element-d1478c5 elementor-widget elementor-widget-text-editor\" data-id=\"d1478c5\" data-element_type=\"widget\" data-e-type=\"widget\" data-widget_type=\"text-editor.default\">\n\t\t\t\t\t\t\t\t\t<h5><span style=\"color: #0000ff;\"><a style=\"color: #0000ff;\" href=\"https:\/\/lsaglobal-translate.co.uk\/services\/translation-services\/\" target=\"_blank\" rel=\"noopener\">\u00dcbersetzungsprofi.<\/a><\/span><\/h5>\t\t\t\t\t\t\t\t<\/div>\n\t\t\t\t<div class=\"elementor-element elementor-element-5f2d5e5 elementor-widget elementor-widget-image\" data-id=\"5f2d5e5\" data-element_type=\"widget\" data-e-type=\"widget\" data-widget_type=\"image.default\">\n\t\t\t\t\t\t\t\t\t\t\t\t\t\t\t<img decoding=\"async\" data-attachment-id=\"43692\" data-permalink=\"https:\/\/lsa-global.com\/fr\/croatian-translation-services-accurate-certified\/croatian\/\" data-orig-file=\"https:\/\/i0.wp.com\/lsa-global.com\/wp-content\/uploads\/2025\/03\/Croatian.png?fit=2560%2C1280&amp;ssl=1\" data-orig-size=\"2560,1280\" data-comments-opened=\"0\" data-image-meta=\"{&quot;aperture&quot;:&quot;0&quot;,&quot;credit&quot;:&quot;&quot;,&quot;camera&quot;:&quot;&quot;,&quot;caption&quot;:&quot;&quot;,&quot;created_timestamp&quot;:&quot;0&quot;,&quot;copyright&quot;:&quot;&quot;,&quot;focal_length&quot;:&quot;0&quot;,&quot;iso&quot;:&quot;0&quot;,&quot;shutter_speed&quot;:&quot;0&quot;,&quot;title&quot;:&quot;&quot;,&quot;orientation&quot;:&quot;0&quot;}\" data-image-title=\"Croatian Translation Services\" data-image-description=\"&lt;p&gt;Croatian Translation Services&lt;\/p&gt;\" data-image-caption=\"\" data-large-file=\"https:\/\/i0.wp.com\/lsa-global.com\/wp-content\/uploads\/2025\/03\/Croatian.png?fit=1024%2C512&amp;ssl=1\" width=\"300\" height=\"150\" src=\"https:\/\/i0.wp.com\/lsa-global.com\/wp-content\/uploads\/2025\/03\/Croatian.png?fit=300%2C150&amp;ssl=1\" class=\"attachment-medium size-medium wp-image-43692\" alt=\"Croatian Translation Services\" srcset=\"https:\/\/i0.wp.com\/lsa-global.com\/wp-content\/uploads\/2025\/03\/Croatian.png?w=2560&amp;ssl=1 2560w, https:\/\/i0.wp.com\/lsa-global.com\/wp-content\/uploads\/2025\/03\/Croatian.png?resize=300%2C150&amp;ssl=1 300w, https:\/\/i0.wp.com\/lsa-global.com\/wp-content\/uploads\/2025\/03\/Croatian.png?resize=1024%2C512&amp;ssl=1 1024w, https:\/\/i0.wp.com\/lsa-global.com\/wp-content\/uploads\/2025\/03\/Croatian.png?resize=150%2C75&amp;ssl=1 150w, https:\/\/i0.wp.com\/lsa-global.com\/wp-content\/uploads\/2025\/03\/Croatian.png?resize=768%2C384&amp;ssl=1 768w, https:\/\/i0.wp.com\/lsa-global.com\/wp-content\/uploads\/2025\/03\/Croatian.png?resize=1536%2C768&amp;ssl=1 1536w, https:\/\/i0.wp.com\/lsa-global.com\/wp-content\/uploads\/2025\/03\/Croatian.png?resize=2048%2C1024&amp;ssl=1 2048w, https:\/\/i0.wp.com\/lsa-global.com\/wp-content\/uploads\/2025\/03\/Croatian.png?resize=18%2C9&amp;ssl=1 18w, https:\/\/i0.wp.com\/lsa-global.com\/wp-content\/uploads\/2025\/03\/Croatian.png?resize=370%2C185&amp;ssl=1 370w, https:\/\/i0.wp.com\/lsa-global.com\/wp-content\/uploads\/2025\/03\/Croatian.png?resize=760%2C380&amp;ssl=1 760w, https:\/\/i0.wp.com\/lsa-global.com\/wp-content\/uploads\/2025\/03\/Croatian.png?resize=805%2C400&amp;ssl=1 805w\" sizes=\"(max-width: 300px) 100vw, 300px\" title=\"\">\t\t\t\t\t\t\t\t\t\t\t\t\t\t\t<\/div>\n\t\t\t\t\t<\/div>\n\t\t\t\t<\/div>\n\t\t<div class=\"elementor-element elementor-element-2f320b0 e-flex e-con-boxed e-con e-parent\" data-id=\"2f320b0\" data-element_type=\"container\" data-e-type=\"container\">\n\t\t\t\t\t<div class=\"e-con-inner\">\n\t\t\t\t\t<\/div>\n\t\t\t\t<\/div>\n\t\t\t\t<\/div>","protected":false},"excerpt":{"rendered":"<p>Professional Croatian Translation Services \u2013 Accurate &amp; Certified Expert Croatian Translation Services for Businesses &amp; Individuals Are you seeking high-quality&hellip;<\/p>","protected":false},"author":1,"featured_media":43692,"parent":0,"menu_order":0,"comment_status":"closed","ping_status":"closed","template":"","meta":{"jetpack_post_was_ever_published":false,"footnotes":""},"class_list":["post-43403","page","type-page","status-publish","has-post-thumbnail","hentry"],"jetpack_sharing_enabled":true,"jetpack_likes_enabled":true,"jetpack-related-posts":[],"jetpack_shortlink":"https:\/\/wp.me\/PerFda-bi3","_links":{"self":[{"href":"https:\/\/lsa-global.com\/de\/wp-json\/wp\/v2\/pages\/43403","targetHints":{"allow":["GET"]}}],"collection":[{"href":"https:\/\/lsa-global.com\/de\/wp-json\/wp\/v2\/pages"}],"about":[{"href":"https:\/\/lsa-global.com\/de\/wp-json\/wp\/v2\/types\/page"}],"author":[{"embeddable":true,"href":"https:\/\/lsa-global.com\/de\/wp-json\/wp\/v2\/users\/1"}],"replies":[{"embeddable":true,"href":"https:\/\/lsa-global.com\/de\/wp-json\/wp\/v2\/comments?post=43403"}],"version-history":[{"count":0,"href":"https:\/\/lsa-global.com\/de\/wp-json\/wp\/v2\/pages\/43403\/revisions"}],"wp:featuredmedia":[{"embeddable":true,"href":"https:\/\/lsa-global.com\/de\/wp-json\/wp\/v2\/media\/43692"}],"wp:attachment":[{"href":"https:\/\/lsa-global.com\/de\/wp-json\/wp\/v2\/media?parent=43403"}],"curies":[{"name":"wp","href":"https:\/\/api.w.org\/{rel}","templated":true}]}}