{"id":43390,"date":"2025-03-18T15:51:45","date_gmt":"2025-03-18T14:51:45","guid":{"rendered":"https:\/\/lsa-global.com\/?page_id=43390"},"modified":"2025-04-25T11:29:21","modified_gmt":"2025-04-25T10:29:21","slug":"georgian-translation-services-accurate-certified","status":"publish","type":"page","link":"https:\/\/lsa-global.com\/de\/georgian-translation-services-accurate-certified\/","title":{"rendered":"Professionelle georgische \u00dcbersetzungsdienste \u2013 pr\u00e4zise und zertifiziert"},"content":{"rendered":"<div data-elementor-type=\"wp-page\" data-elementor-id=\"43390\" class=\"elementor elementor-43390\" data-elementor-post-type=\"page\">\n\t\t\t\t<div class=\"elementor-element elementor-element-1e1a94e e-con-full e-flex e-con e-parent\" data-id=\"1e1a94e\" data-element_type=\"container\" data-e-type=\"container\">\n\t\t\t\t<div class=\"elementor-element elementor-element-89c8d16 elementor-widget elementor-widget-heading\" data-id=\"89c8d16\" data-element_type=\"widget\" data-e-type=\"widget\" data-widget_type=\"heading.default\">\n\t\t\t\t\t<h2 class=\"elementor-heading-title elementor-size-default\">Professionelle georgische \u00dcbersetzungsdienste \u2013 pr\u00e4zise und zertifiziert<\/h2>\t\t\t\t<\/div>\n\t\t\t\t<div class=\"elementor-element elementor-element-bf95865 elementor-widget elementor-widget-image\" data-id=\"bf95865\" data-element_type=\"widget\" data-e-type=\"widget\" data-widget_type=\"image.default\">\n\t\t\t\t\t\t\t\t\t\t\t\t\t\t\t<img fetchpriority=\"high\" decoding=\"async\" data-attachment-id=\"43482\" data-permalink=\"https:\/\/lsa-global.com\/georgian-translation-services-accurate-certified\/georgian\/\" data-orig-file=\"https:\/\/i0.wp.com\/lsa-global.com\/wp-content\/uploads\/2025\/03\/Georgian.png?fit=2560%2C1707&amp;ssl=1\" data-orig-size=\"2560,1707\" data-comments-opened=\"0\" data-image-meta=\"{&quot;aperture&quot;:&quot;0&quot;,&quot;credit&quot;:&quot;&quot;,&quot;camera&quot;:&quot;&quot;,&quot;caption&quot;:&quot;&quot;,&quot;created_timestamp&quot;:&quot;0&quot;,&quot;copyright&quot;:&quot;&quot;,&quot;focal_length&quot;:&quot;0&quot;,&quot;iso&quot;:&quot;0&quot;,&quot;shutter_speed&quot;:&quot;0&quot;,&quot;title&quot;:&quot;&quot;,&quot;orientation&quot;:&quot;0&quot;}\" data-image-title=\"Georgian translation Services\" data-image-description=\"&lt;p&gt;Georgian translation Services&lt;\/p&gt;\" data-image-caption=\"\" data-medium-file=\"https:\/\/i0.wp.com\/lsa-global.com\/wp-content\/uploads\/2025\/03\/Georgian.png?fit=300%2C200&amp;ssl=1\" data-large-file=\"https:\/\/i0.wp.com\/lsa-global.com\/wp-content\/uploads\/2025\/03\/Georgian.png?fit=1024%2C683&amp;ssl=1\" width=\"300\" height=\"200\" src=\"https:\/\/i0.wp.com\/lsa-global.com\/wp-content\/uploads\/2025\/03\/Georgian.png?fit=300%2C200&amp;ssl=1\" class=\"attachment-medium size-medium wp-image-43482\" alt=\"Georgian translation Services\" srcset=\"https:\/\/i0.wp.com\/lsa-global.com\/wp-content\/uploads\/2025\/03\/Georgian.png?w=2560&amp;ssl=1 2560w, https:\/\/i0.wp.com\/lsa-global.com\/wp-content\/uploads\/2025\/03\/Georgian.png?resize=300%2C200&amp;ssl=1 300w, https:\/\/i0.wp.com\/lsa-global.com\/wp-content\/uploads\/2025\/03\/Georgian.png?resize=1024%2C683&amp;ssl=1 1024w, https:\/\/i0.wp.com\/lsa-global.com\/wp-content\/uploads\/2025\/03\/Georgian.png?resize=150%2C100&amp;ssl=1 150w, https:\/\/i0.wp.com\/lsa-global.com\/wp-content\/uploads\/2025\/03\/Georgian.png?resize=768%2C512&amp;ssl=1 768w, https:\/\/i0.wp.com\/lsa-global.com\/wp-content\/uploads\/2025\/03\/Georgian.png?resize=1536%2C1024&amp;ssl=1 1536w, https:\/\/i0.wp.com\/lsa-global.com\/wp-content\/uploads\/2025\/03\/Georgian.png?resize=2048%2C1366&amp;ssl=1 2048w, https:\/\/i0.wp.com\/lsa-global.com\/wp-content\/uploads\/2025\/03\/Georgian.png?resize=18%2C12&amp;ssl=1 18w, https:\/\/i0.wp.com\/lsa-global.com\/wp-content\/uploads\/2025\/03\/Georgian.png?resize=370%2C247&amp;ssl=1 370w, https:\/\/i0.wp.com\/lsa-global.com\/wp-content\/uploads\/2025\/03\/Georgian.png?resize=760%2C507&amp;ssl=1 760w\" sizes=\"(max-width: 300px) 100vw, 300px\" title=\"\">\t\t\t\t\t\t\t\t\t\t\t\t\t\t\t<\/div>\n\t\t\t\t<div class=\"elementor-element elementor-element-ed191de elementor-widget elementor-widget-heading\" data-id=\"ed191de\" data-element_type=\"widget\" data-e-type=\"widget\" data-widget_type=\"heading.default\">\n\t\t\t\t\t<h3 class=\"elementor-heading-title elementor-size-default\">Expert Georgian Translation Services for Businesses and Individuals<\/h3>\t\t\t\t<\/div>\n\t\t\t\t<div class=\"elementor-element elementor-element-db57333 elementor-widget elementor-widget-text-editor\" data-id=\"db57333\" data-element_type=\"widget\" data-e-type=\"widget\" data-widget_type=\"text-editor.default\">\n\t\t\t\t\t\t\t\t\t<p>Are you seeking high-quality\u00a0Georgian translation services? Our team of professional translators specializes in delivering accurate, culturally adapted translations tailored to Georgian-speaking audiences. We offer a comprehensive range of services, including\u00a0document translation,\u00a0website localization,\u00a0technical translations, and more, ensuring your content resonates with your target market.<\/p>\t\t\t\t\t\t\t\t<\/div>\n\t\t\t\t<div class=\"elementor-element elementor-element-cd66119 elementor-widget elementor-widget-heading\" data-id=\"cd66119\" data-element_type=\"widget\" data-e-type=\"widget\" data-widget_type=\"heading.default\">\n\t\t\t\t\t<h3 class=\"elementor-heading-title elementor-size-default\">Warum sollten Sie sich f\u00fcr unsere georgischen \u00dcbersetzungsdienste entscheiden?<\/h3>\t\t\t\t<\/div>\n\t\t\t\t<div class=\"elementor-element elementor-element-a60fc6f elementor-widget elementor-widget-text-editor\" data-id=\"a60fc6f\" data-element_type=\"widget\" data-e-type=\"widget\" data-widget_type=\"text-editor.default\">\n\t\t\t\t\t\t\t\t\t<ul>\n<li>\n<p>Native Georgian Translators: Our translators are native Georgian speakers with years of full-time experience, ensuring precise and contextually appropriate translations.\u00a0<\/p>\n<\/li>\n<li>\n<p>Beglaubigte \u00dcbersetzungen: Wir erstellen beglaubigte \u00dcbersetzungen, die von Regierungsbeh\u00f6rden und Rechtsinstitutionen anerkannt werden und gew\u00e4hrleisten so Konformit\u00e4t und Authentizit\u00e4t.\u00a0<\/p>\n<\/li>\n<li>\n<p>SEO-optimierter Inhalt: Unsere \u00dcbersetzungen ber\u00fccksichtigen bew\u00e4hrte SEO-Methoden und helfen Ihrer Website, in Suchmaschinen wie Google und Bing ein h\u00f6heres Ranking zu erzielen.<\/p>\n<\/li>\n<li>\n<p>Schnelle Bearbeitung und wettbewerbsf\u00e4hige Preise: Wir liefern qualitativ hochwertige \u00dcbersetzungen umgehend und zu wettbewerbsf\u00e4higen Preisen und halten Ihre Termine und Budgetanforderungen ein.\u00a0<\/p>\n<\/li>\n<li>\n<p>Branchenkenntnisse: Unsere \u00dcbersetzer verf\u00fcgen \u00fcber Fachkenntnisse in verschiedenen Branchen, darunter im juristischen, medizinischen, technischen und betriebswirtschaftlichen Bereich.<\/p>\n<\/li>\n<\/ul>\t\t\t\t\t\t\t\t<\/div>\n\t\t\t\t<div class=\"elementor-element elementor-element-247e7cc elementor-widget elementor-widget-heading\" data-id=\"247e7cc\" data-element_type=\"widget\" data-e-type=\"widget\" data-widget_type=\"heading.default\">\n\t\t\t\t\t<h3 class=\"elementor-heading-title elementor-size-default\">Unsere georgischen \u00dcbersetzungsdienste<\/h3>\t\t\t\t<\/div>\n\t\t\t\t<div class=\"elementor-element elementor-element-31a6e40 elementor-widget elementor-widget-heading\" data-id=\"31a6e40\" data-element_type=\"widget\" data-e-type=\"widget\" data-widget_type=\"heading.default\">\n\t\t\t\t\t<h5 class=\"elementor-heading-title elementor-size-default\">1. Beglaubigte Dokumenten\u00fcbersetzung<\/h5>\t\t\t\t<\/div>\n\t\t\t\t<div class=\"elementor-element elementor-element-96c80bb elementor-widget elementor-widget-text-editor\" data-id=\"96c80bb\" data-element_type=\"widget\" data-e-type=\"widget\" data-widget_type=\"text-editor.default\">\n\t\t\t\t\t\t\t\t\t<p>Wir bieten beglaubigte \u00dcbersetzungen f\u00fcr eine Vielzahl von Dokumenten an und gew\u00e4hrleisten dabei Genauigkeit und Anerkennung durch offizielle Stellen:<\/p>\n<ul>\n<li>\n<p>Rechtsdokumente: Vertr\u00e4ge, Vereinbarungen, Gerichtsdokumente.<\/p>\n<\/li>\n<li>\n<p>Pers\u00f6nliche Dokumente: Geburtsurkunden, Heiratsurkunden, akademische Zeugnisse.<\/p>\n<\/li>\n<li>\n<p>Gesch\u00e4ftsdokumente: Lizenzen, Jahresabschl\u00fcsse, Unternehmensberichte.<\/p>\n<\/li>\n<\/ul>\t\t\t\t\t\t\t\t<\/div>\n\t\t\t\t<div class=\"elementor-element elementor-element-2dc00f4 elementor-widget elementor-widget-heading\" data-id=\"2dc00f4\" data-element_type=\"widget\" data-e-type=\"widget\" data-widget_type=\"heading.default\">\n\t\t\t\t\t<h5 class=\"elementor-heading-title elementor-size-default\">2. Website- und App-Lokalisierung<\/h5>\t\t\t\t<\/div>\n\t\t\t\t<div class=\"elementor-element elementor-element-c30482e elementor-widget elementor-widget-text-editor\" data-id=\"c30482e\" data-element_type=\"widget\" data-e-type=\"widget\" data-widget_type=\"text-editor.default\">\n\t\t\t\t\t\t\t\t\t<p style=\"font-family: Helvetica, serif; font-size: 16px; font-weight: 400; font-style: normal; color: #f87979;\"><span style=\"color: #ff0000;\">Expand your digital presence in Georgian-speaking markets with our localization services:<\/span><\/p>\n<ul style=\"margin-bottom: 1em; font-family: Helvetica, serif; font-size: 16px; font-weight: 400; font-style: normal; color: #f87979;\">\n<li style=\"font-size: 16px;\">\n<p style=\"font-size: 16px;\"><span style=\"color: #ff0000;\">Website-Lokalisierung: Anpassung der Inhalte Ihrer Website an kulturelle Nuancen und Vorlieben.<\/span><\/p>\n<\/li>\n<li style=\"font-size: 16px;\">\n<p style=\"font-size: 16px;\"><span style=\"color: #ff0000;\">App Localization: Ensuring your mobile applications are user-friendly for Georgian-speaking users.<\/span><\/p>\n<\/li>\n<li style=\"font-size: 16px;\">\n<p style=\"font-size: 16px;\"><span style=\"color: #ff0000;\">SEO-Optimierung: Implementierung lokalisierter Schl\u00fcsselw\u00f6rter und Meta-Tags zur Verbesserung des Suchmaschinen-Rankings.<\/span><\/p>\n<\/li>\n<\/ul>\t\t\t\t\t\t\t\t<\/div>\n\t\t\t\t<div class=\"elementor-element elementor-element-60aa31c elementor-widget elementor-widget-heading\" data-id=\"60aa31c\" data-element_type=\"widget\" data-e-type=\"widget\" data-widget_type=\"heading.default\">\n\t\t\t\t\t<h5 class=\"elementor-heading-title elementor-size-default\">3. Technische und medizinische \u00dcbersetzungen<\/h5>\t\t\t\t<\/div>\n\t\t\t\t<div class=\"elementor-element elementor-element-6063bb0 elementor-widget elementor-widget-text-editor\" data-id=\"6063bb0\" data-element_type=\"widget\" data-e-type=\"widget\" data-widget_type=\"text-editor.default\">\n\t\t\t\t\t\t\t\t\t<p>Unsere Experten bearbeiten komplexe technische und medizinische Dokumente mit Pr\u00e4zision:<\/p>\n<ul>\n<li>\n<p>Technische Handb\u00fccher: Benutzerhandb\u00fccher, Produkthandb\u00fccher, technische Daten.<\/p>\n<\/li>\n<li>\n<p>Medizinische Dokumente: Klinische Berichte, pharmazeutische Informationen, medizinische Forschungsarbeiten.<\/p>\n<\/li>\n<\/ul>\t\t\t\t\t\t\t\t<\/div>\n\t\t\t\t<div class=\"elementor-element elementor-element-448b4ac elementor-widget elementor-widget-heading\" data-id=\"448b4ac\" data-element_type=\"widget\" data-e-type=\"widget\" data-widget_type=\"heading.default\">\n\t\t\t\t\t<h5 class=\"elementor-heading-title elementor-size-default\">4. Gesch\u00e4fts- und Marketing\u00fcbersetzungen<\/h5>\t\t\t\t<\/div>\n\t\t\t\t<div class=\"elementor-element elementor-element-19da728 elementor-widget elementor-widget-text-editor\" data-id=\"19da728\" data-element_type=\"widget\" data-e-type=\"widget\" data-widget_type=\"text-editor.default\">\n\t\t\t\t\t\t\t\t\t<p>Effectively communicate your brand message to Georgian-speaking audiences:<\/p>\n<ul>\n<li>\n<p>Marketingmaterialien: Brosch\u00fcren, Anzeigen, Pressemitteilungen.<\/p>\n<\/li>\n<li>\n<p>Gesch\u00e4ftskommunikation: Pr\u00e4sentationen, E-Mails, Unternehmenskommunikation.<\/p>\n<\/li>\n<\/ul>\t\t\t\t\t\t\t\t<\/div>\n\t\t\t\t<div class=\"elementor-element elementor-element-0af3a9f elementor-widget elementor-widget-heading\" data-id=\"0af3a9f\" data-element_type=\"widget\" data-e-type=\"widget\" data-widget_type=\"heading.default\">\n\t\t\t\t\t<h3 class=\"elementor-heading-title elementor-size-default\">Branchen, die wir bedienen<\/h3>\t\t\t\t<\/div>\n\t\t\t\t<div class=\"elementor-element elementor-element-f052695 elementor-widget elementor-widget-text-editor\" data-id=\"f052695\" data-element_type=\"widget\" data-e-type=\"widget\" data-widget_type=\"text-editor.default\">\n\t\t\t\t\t\t\t\t\t<p>Wir beliefern ein breites Spektrum an Branchen, darunter:\ue206<\/p>\n<ul>\n<li>\n<p>Recht und Beh\u00f6rden: Bereitstellung von \u00dcbersetzungen f\u00fcr Gerichtsverfahren und beh\u00f6rdliche Mitteilungen.<\/p>\n<\/li>\n<li>\n<p>Gesundheitswesen und Pharmazeutika: \u00dcbersetzung von Krankenakten, Forschungsarbeiten und pharmazeutischen Dokumenten.<\/p>\n<\/li>\n<li>\n<p>Technologie und IT: Lokalisierung von Software, Benutzerhandb\u00fcchern und technischer Dokumentation.<\/p>\n<\/li>\n<li>\n<p>Finanzen und Bankwesen: \u00dcbersetzung von Finanzberichten, Anlagedokumenten und Bankmaterialien.<\/p>\n<\/li>\n<li>\n<p>E-Commerce und Einzelhandel: Lokalisierung von Produktbeschreibungen, Kundenbewertungen und Marketinginhalten.<\/p>\n<\/li>\n<\/ul>\t\t\t\t\t\t\t\t<\/div>\n\t\t\t\t<div class=\"elementor-element elementor-element-753b9c3 elementor-widget elementor-widget-heading\" data-id=\"753b9c3\" data-element_type=\"widget\" data-e-type=\"widget\" data-widget_type=\"heading.default\">\n\t\t\t\t\t<h3 class=\"elementor-heading-title elementor-size-default\">Warum professionelle georgische \u00dcbersetzungen wichtig sind<\/h3>\t\t\t\t<\/div>\n\t\t\t\t<div class=\"elementor-element elementor-element-4fe6b6b elementor-widget elementor-widget-text-editor\" data-id=\"4fe6b6b\" data-element_type=\"widget\" data-e-type=\"widget\" data-widget_type=\"text-editor.default\">\n\t\t\t\t\t\t\t\t\t<ul>\n<li>\n<p>Native Georgian Translators: Our translators are native Georgian speakers with years of full-time experience, ensuring precise and contextually appropriate translations.\u00a0<\/p>\n<\/li>\n<li>\n<p>Beglaubigte \u00dcbersetzungen: Wir erstellen beglaubigte \u00dcbersetzungen, die von Regierungsbeh\u00f6rden und Rechtsinstitutionen anerkannt werden und gew\u00e4hrleisten so Konformit\u00e4t und Authentizit\u00e4t.\u00a0<\/p>\n<\/li>\n<li>\n<p>SEO-optimierter Inhalt: Unsere \u00dcbersetzungen ber\u00fccksichtigen bew\u00e4hrte SEO-Methoden und helfen Ihrer Website, in Suchmaschinen wie Google und Bing ein h\u00f6heres Ranking zu erzielen.<\/p>\n<\/li>\n<li>\n<p>Schnelle Bearbeitung und wettbewerbsf\u00e4hige Preise: Wir liefern qualitativ hochwertige \u00dcbersetzungen umgehend und zu wettbewerbsf\u00e4higen Preisen und halten Ihre Termine und Budgetanforderungen ein.\u00a0<\/p>\n<\/li>\n<li>\n<p>Branchenkenntnisse: Unsere \u00dcbersetzer verf\u00fcgen \u00fcber Fachkenntnisse in verschiedenen Branchen, darunter im juristischen, medizinischen, technischen und betriebswirtschaftlichen Bereich.<\/p>\n<\/li>\n<\/ul>\t\t\t\t\t\t\t\t<\/div>\n\t\t\t\t<div class=\"elementor-element elementor-element-f66903f elementor-widget elementor-widget-heading\" data-id=\"f66903f\" data-element_type=\"widget\" data-e-type=\"widget\" data-widget_type=\"heading.default\">\n\t\t\t\t\t<h3 class=\"elementor-heading-title elementor-size-default\">SEO-optimierte georgische \u00dcbersetzungsdienste<\/h3>\t\t\t\t<\/div>\n\t\t\t\t<div class=\"elementor-element elementor-element-d8e0b4b elementor-widget elementor-widget-text-editor\" data-id=\"d8e0b4b\" data-element_type=\"widget\" data-e-type=\"widget\" data-widget_type=\"text-editor.default\">\n\t\t\t\t\t\t\t\t\t<p>Unsere \u00dcbersetzungen basieren auf den bew\u00e4hrten SEO-Methoden, um Ihre Online-Sichtbarkeit zu verbessern:<\/p>\n<ul>\n<li>\n<p>Lokalisierte Schl\u00fcsselw\u00f6rter: Einbeziehung regionsspezifischer Suchbegriffe zur Verbesserung des Rankings.<\/p>\n<\/li>\n<li>\n<p>Meta-Tag-Optimierung: \u00dcbersetzen und Optimieren von Meta-Beschreibungen und Titeln f\u00fcr bessere Klickraten.<\/p>\n<\/li>\n<li>\n<p>User-Friendly URLs: Creating URLs that are readable and relevant in Georgian.<\/p>\n<\/li>\n<\/ul>\t\t\t\t\t\t\t\t<\/div>\n\t\t\t\t<div class=\"elementor-element elementor-element-3d95909 elementor-widget elementor-widget-heading\" data-id=\"3d95909\" data-element_type=\"widget\" data-e-type=\"widget\" data-widget_type=\"heading.default\">\n\t\t\t\t\t<h3 class=\"elementor-heading-title elementor-size-default\">Fordern Sie ein kostenloses Angebot f\u00fcr georgische \u00dcbersetzungsdienste an<\/h3>\t\t\t\t<\/div>\n\t\t\t\t<div class=\"elementor-element elementor-element-19ad640 elementor-widget elementor-widget-text-editor\" data-id=\"19ad640\" data-element_type=\"widget\" data-e-type=\"widget\" data-widget_type=\"text-editor.default\">\n\t\t\t\t\t\t\t\t\t<p>Need professional Georgian translation services? Contact us today for a free quote. We ensure fast, precise, and confidential translations for all your needs.<\/p><h4>\u00a0<a href=\"https:\/\/lsa-global.com\/de\/fordern-sie-ein-kostenloses-angebot-an-lsa-global\/\"><span style=\"color: #ff0000;\">Kontaktieren Sie uns noch heute!<\/span><\/a><\/h4><p><span style=\"color: #ff0000;\"><img decoding=\"async\" class=\"emoji\" role=\"img\" draggable=\"false\" src=\"https:\/\/s.w.org\/images\/core\/emoji\/15.0.3\/svg\/1f4cd.svg\" alt=\"\ud83d\udccd\" title=\"\">\u00a0Globaler Service \u2013 Weltweit verf\u00fcgbar<\/span><\/p><p><span style=\"color: #ff0000;\">Expand your reach with expert Georgian translation! \ue203Reach out now to discuss your project.<\/span><\/p>\t\t\t\t\t\t\t\t<\/div>\n\t\t\t\t<div class=\"elementor-element elementor-element-819e714 elementor-widget elementor-widget-heading\" data-id=\"819e714\" data-element_type=\"widget\" data-e-type=\"widget\" data-widget_type=\"heading.default\">\n\t\t\t\t\t<h3 class=\"elementor-heading-title elementor-size-default\">Dar\u00fcber hinausgehen<\/h3>\t\t\t\t<\/div>\n\t\t\t\t<div class=\"elementor-element elementor-element-cb3c61c elementor-widget elementor-widget-text-editor\" data-id=\"cb3c61c\" data-element_type=\"widget\" data-e-type=\"widget\" data-widget_type=\"text-editor.default\">\n\t\t\t\t\t\t\t\t\t<h5><a href=\"https:\/\/lsa-global.com\/de\/deutsche-sprache-lernen\/\"><span style=\"color: #ff0000;\">Deutschkurs<\/span><\/a><\/h5>\t\t\t\t\t\t\t\t<\/div>\n\t\t\t\t<div class=\"elementor-element elementor-element-1882d6f elementor-widget elementor-widget-text-editor\" data-id=\"1882d6f\" data-element_type=\"widget\" data-e-type=\"widget\" data-widget_type=\"text-editor.default\">\n\t\t\t\t\t\t\t\t\t<h5><a href=\"https:\/\/lsa-global.com\/de\/beitrage\/\"><span style=\"color: #ff0000;\">Weitere Beitr\u00e4ge<\/span><\/a><\/h5>\t\t\t\t\t\t\t\t<\/div>\n\t\t\t\t<div class=\"elementor-element elementor-element-4c9aeee elementor-widget elementor-widget-text-editor\" data-id=\"4c9aeee\" data-element_type=\"widget\" data-e-type=\"widget\" data-widget_type=\"text-editor.default\">\n\t\t\t\t\t\t\t\t\t<h5><a href=\"https:\/\/lsaglobal-translate.co.uk\/services\/translation-services\/\" target=\"_blank\" rel=\"noopener\"><span style=\"color: #ff0000;\">\u00dcbersetzungsprofi.<\/span><\/a><\/h5>\t\t\t\t\t\t\t\t<\/div>\n\t\t\t\t<div class=\"elementor-element elementor-element-c2f0770 elementor-widget elementor-widget-image\" data-id=\"c2f0770\" data-element_type=\"widget\" data-e-type=\"widget\" data-widget_type=\"image.default\">\n\t\t\t\t\t\t\t\t\t\t\t\t\t\t\t<img fetchpriority=\"high\" decoding=\"async\" data-attachment-id=\"43482\" data-permalink=\"https:\/\/lsa-global.com\/georgian-translation-services-accurate-certified\/georgian\/\" data-orig-file=\"https:\/\/i0.wp.com\/lsa-global.com\/wp-content\/uploads\/2025\/03\/Georgian.png?fit=2560%2C1707&amp;ssl=1\" data-orig-size=\"2560,1707\" data-comments-opened=\"0\" data-image-meta=\"{&quot;aperture&quot;:&quot;0&quot;,&quot;credit&quot;:&quot;&quot;,&quot;camera&quot;:&quot;&quot;,&quot;caption&quot;:&quot;&quot;,&quot;created_timestamp&quot;:&quot;0&quot;,&quot;copyright&quot;:&quot;&quot;,&quot;focal_length&quot;:&quot;0&quot;,&quot;iso&quot;:&quot;0&quot;,&quot;shutter_speed&quot;:&quot;0&quot;,&quot;title&quot;:&quot;&quot;,&quot;orientation&quot;:&quot;0&quot;}\" data-image-title=\"Georgian translation Services\" data-image-description=\"&lt;p&gt;Georgian translation Services&lt;\/p&gt;\" data-image-caption=\"\" data-medium-file=\"https:\/\/i0.wp.com\/lsa-global.com\/wp-content\/uploads\/2025\/03\/Georgian.png?fit=300%2C200&amp;ssl=1\" data-large-file=\"https:\/\/i0.wp.com\/lsa-global.com\/wp-content\/uploads\/2025\/03\/Georgian.png?fit=1024%2C683&amp;ssl=1\" width=\"300\" height=\"200\" src=\"https:\/\/i0.wp.com\/lsa-global.com\/wp-content\/uploads\/2025\/03\/Georgian.png?fit=300%2C200&amp;ssl=1\" class=\"attachment-medium size-medium wp-image-43482\" alt=\"Georgian translation Services\" srcset=\"https:\/\/i0.wp.com\/lsa-global.com\/wp-content\/uploads\/2025\/03\/Georgian.png?w=2560&amp;ssl=1 2560w, https:\/\/i0.wp.com\/lsa-global.com\/wp-content\/uploads\/2025\/03\/Georgian.png?resize=300%2C200&amp;ssl=1 300w, https:\/\/i0.wp.com\/lsa-global.com\/wp-content\/uploads\/2025\/03\/Georgian.png?resize=1024%2C683&amp;ssl=1 1024w, https:\/\/i0.wp.com\/lsa-global.com\/wp-content\/uploads\/2025\/03\/Georgian.png?resize=150%2C100&amp;ssl=1 150w, https:\/\/i0.wp.com\/lsa-global.com\/wp-content\/uploads\/2025\/03\/Georgian.png?resize=768%2C512&amp;ssl=1 768w, https:\/\/i0.wp.com\/lsa-global.com\/wp-content\/uploads\/2025\/03\/Georgian.png?resize=1536%2C1024&amp;ssl=1 1536w, https:\/\/i0.wp.com\/lsa-global.com\/wp-content\/uploads\/2025\/03\/Georgian.png?resize=2048%2C1366&amp;ssl=1 2048w, https:\/\/i0.wp.com\/lsa-global.com\/wp-content\/uploads\/2025\/03\/Georgian.png?resize=18%2C12&amp;ssl=1 18w, https:\/\/i0.wp.com\/lsa-global.com\/wp-content\/uploads\/2025\/03\/Georgian.png?resize=370%2C247&amp;ssl=1 370w, https:\/\/i0.wp.com\/lsa-global.com\/wp-content\/uploads\/2025\/03\/Georgian.png?resize=760%2C507&amp;ssl=1 760w\" sizes=\"(max-width: 300px) 100vw, 300px\" title=\"\">\t\t\t\t\t\t\t\t\t\t\t\t\t\t\t<\/div>\n\t\t\t\t<\/div>\n\t\t\t\t<\/div>","protected":false},"excerpt":{"rendered":"<p>Professional Georgian Translation Services \u2013 Accurate &amp; Certified Expert Georgian Translation Services for Businesses and Individuals Are you seeking high-quality\u00a0Georgian&hellip;<\/p>","protected":false},"author":1,"featured_media":43482,"parent":0,"menu_order":0,"comment_status":"closed","ping_status":"closed","template":"","meta":{"jetpack_post_was_ever_published":false,"footnotes":""},"class_list":["post-43390","page","type-page","status-publish","has-post-thumbnail","hentry"],"jetpack_sharing_enabled":true,"jetpack_likes_enabled":true,"jetpack-related-posts":[],"jetpack_shortlink":"https:\/\/wp.me\/PerFda-bhQ","_links":{"self":[{"href":"https:\/\/lsa-global.com\/de\/wp-json\/wp\/v2\/pages\/43390","targetHints":{"allow":["GET"]}}],"collection":[{"href":"https:\/\/lsa-global.com\/de\/wp-json\/wp\/v2\/pages"}],"about":[{"href":"https:\/\/lsa-global.com\/de\/wp-json\/wp\/v2\/types\/page"}],"author":[{"embeddable":true,"href":"https:\/\/lsa-global.com\/de\/wp-json\/wp\/v2\/users\/1"}],"replies":[{"embeddable":true,"href":"https:\/\/lsa-global.com\/de\/wp-json\/wp\/v2\/comments?post=43390"}],"version-history":[{"count":0,"href":"https:\/\/lsa-global.com\/de\/wp-json\/wp\/v2\/pages\/43390\/revisions"}],"wp:featuredmedia":[{"embeddable":true,"href":"https:\/\/lsa-global.com\/de\/wp-json\/wp\/v2\/media\/43482"}],"wp:attachment":[{"href":"https:\/\/lsa-global.com\/de\/wp-json\/wp\/v2\/media?parent=43390"}],"curies":[{"name":"wp","href":"https:\/\/api.w.org\/{rel}","templated":true}]}}