{"id":43187,"date":"2025-03-18T12:58:10","date_gmt":"2025-03-18T11:58:10","guid":{"rendered":"https:\/\/lsa-global.com\/?page_id=43187"},"modified":"2025-04-25T15:08:00","modified_gmt":"2025-04-25T14:08:00","slug":"europaische-portugiesisch-ubersetzungsdienste-prazise","status":"publish","type":"page","link":"https:\/\/lsa-global.com\/de\/europaische-portugiesisch-ubersetzungsdienste-prazise\/","title":{"rendered":"Professionelle \u00dcbersetzungsdienste f\u00fcr europ\u00e4isches Portugiesisch \u2013 pr\u00e4zise und zertifiziert"},"content":{"rendered":"<div data-elementor-type=\"wp-page\" data-elementor-id=\"43187\" class=\"elementor elementor-43187\" data-elementor-post-type=\"page\">\n\t\t\t\t<div class=\"elementor-element elementor-element-6848194b e-flex e-con-boxed e-con e-parent\" data-id=\"6848194b\" data-element_type=\"container\" data-e-type=\"container\">\n\t\t\t\t\t<div class=\"e-con-inner\">\n\t\t\t\t<div class=\"elementor-element elementor-element-b717535 elementor-widget elementor-widget-heading\" data-id=\"b717535\" data-element_type=\"widget\" data-e-type=\"widget\" data-widget_type=\"heading.default\">\n\t\t\t\t\t<h2 class=\"elementor-heading-title elementor-size-default\">Professionelle \u00dcbersetzungsdienste f\u00fcr europ\u00e4isches Portugiesisch \u2013 pr\u00e4zise und zertifiziert<\/h2>\t\t\t\t<\/div>\n\t\t\t\t\t<\/div>\n\t\t\t\t<\/div>\n\t\t<div class=\"elementor-element elementor-element-5d39a32 e-flex e-con-boxed e-con e-parent\" data-id=\"5d39a32\" data-element_type=\"container\" data-e-type=\"container\">\n\t\t\t\t\t<div class=\"e-con-inner\">\n\t\t\t\t<div class=\"elementor-element elementor-element-cc92b7f elementor-widget elementor-widget-image\" data-id=\"cc92b7f\" data-element_type=\"widget\" data-e-type=\"widget\" data-widget_type=\"image.default\">\n\t\t\t\t\t\t\t\t\t\t\t\t\t\t\t<img fetchpriority=\"high\" decoding=\"async\" data-attachment-id=\"43698\" data-permalink=\"https:\/\/lsa-global.com\/zh\/%e6%ac%a7%e6%b4%b2%e8%91%a1%e8%90%84%e7%89%99%e8%af%ad%e7%bf%bb%e8%af%91%e6%9c%8d%e5%8a%a1%e5%87%86%e7%a1%ae\/portuguese-portugal\/\" data-orig-file=\"https:\/\/i0.wp.com\/lsa-global.com\/wp-content\/uploads\/2025\/03\/Portuguese-Portugal.png?fit=2560%2C1707&amp;ssl=1\" data-orig-size=\"2560,1707\" data-comments-opened=\"0\" data-image-meta=\"{&quot;aperture&quot;:&quot;0&quot;,&quot;credit&quot;:&quot;&quot;,&quot;camera&quot;:&quot;&quot;,&quot;caption&quot;:&quot;&quot;,&quot;created_timestamp&quot;:&quot;0&quot;,&quot;copyright&quot;:&quot;&quot;,&quot;focal_length&quot;:&quot;0&quot;,&quot;iso&quot;:&quot;0&quot;,&quot;shutter_speed&quot;:&quot;0&quot;,&quot;title&quot;:&quot;&quot;,&quot;orientation&quot;:&quot;0&quot;}\" data-image-title=\"Portuguese (Portugal) Translations\" data-image-description=\"&lt;p&gt;Portuguese (Portugal) Translations&lt;\/p&gt;\" data-image-caption=\"\" data-medium-file=\"https:\/\/i0.wp.com\/lsa-global.com\/wp-content\/uploads\/2025\/03\/Portuguese-Portugal.png?fit=300%2C200&amp;ssl=1\" data-large-file=\"https:\/\/i0.wp.com\/lsa-global.com\/wp-content\/uploads\/2025\/03\/Portuguese-Portugal.png?fit=1024%2C683&amp;ssl=1\" width=\"300\" height=\"200\" src=\"https:\/\/i0.wp.com\/lsa-global.com\/wp-content\/uploads\/2025\/03\/Portuguese-Portugal.png?fit=300%2C200&amp;ssl=1\" class=\"attachment-medium size-medium wp-image-43698\" alt=\"Portugiesische (Portugal) \u00dcbersetzungen\" srcset=\"https:\/\/i0.wp.com\/lsa-global.com\/wp-content\/uploads\/2025\/03\/Portuguese-Portugal.png?w=2560&amp;ssl=1 2560w, https:\/\/i0.wp.com\/lsa-global.com\/wp-content\/uploads\/2025\/03\/Portuguese-Portugal.png?resize=300%2C200&amp;ssl=1 300w, https:\/\/i0.wp.com\/lsa-global.com\/wp-content\/uploads\/2025\/03\/Portuguese-Portugal.png?resize=1024%2C683&amp;ssl=1 1024w, https:\/\/i0.wp.com\/lsa-global.com\/wp-content\/uploads\/2025\/03\/Portuguese-Portugal.png?resize=150%2C100&amp;ssl=1 150w, https:\/\/i0.wp.com\/lsa-global.com\/wp-content\/uploads\/2025\/03\/Portuguese-Portugal.png?resize=768%2C512&amp;ssl=1 768w, https:\/\/i0.wp.com\/lsa-global.com\/wp-content\/uploads\/2025\/03\/Portuguese-Portugal.png?resize=1536%2C1024&amp;ssl=1 1536w, https:\/\/i0.wp.com\/lsa-global.com\/wp-content\/uploads\/2025\/03\/Portuguese-Portugal.png?resize=2048%2C1366&amp;ssl=1 2048w, https:\/\/i0.wp.com\/lsa-global.com\/wp-content\/uploads\/2025\/03\/Portuguese-Portugal.png?resize=18%2C12&amp;ssl=1 18w, https:\/\/i0.wp.com\/lsa-global.com\/wp-content\/uploads\/2025\/03\/Portuguese-Portugal.png?resize=370%2C247&amp;ssl=1 370w, https:\/\/i0.wp.com\/lsa-global.com\/wp-content\/uploads\/2025\/03\/Portuguese-Portugal.png?resize=760%2C507&amp;ssl=1 760w\" sizes=\"(max-width: 300px) 100vw, 300px\" title=\"\">\t\t\t\t\t\t\t\t\t\t\t\t\t\t\t<\/div>\n\t\t\t\t<div class=\"elementor-element elementor-element-137a457 elementor-widget elementor-widget-heading\" data-id=\"137a457\" data-element_type=\"widget\" data-e-type=\"widget\" data-widget_type=\"heading.default\">\n\t\t\t\t\t<h3 class=\"elementor-heading-title elementor-size-default\">Fachkundige \u00dcbersetzungsdienste f\u00fcr europ\u00e4isches Portugiesisch f\u00fcr Unternehmen und Privatpersonen<\/h3>\t\t\t\t<\/div>\n\t\t\t\t<div class=\"elementor-element elementor-element-c217c06 elementor-widget elementor-widget-text-editor\" data-id=\"c217c06\" data-element_type=\"widget\" data-e-type=\"widget\" data-widget_type=\"text-editor.default\">\n\t\t\t\t\t\t\t\t\t<p>Suchen Sie hochwertige \u00dcbersetzungsdienste f\u00fcr europ\u00e4isches Portugiesisch? Unser Team professioneller \u00dcbersetzer ist auf pr\u00e4zise, kulturell angepasste \u00dcbersetzungen spezialisiert, die auf das portugiesischsprachige europ\u00e4ische Publikum zugeschnitten sind. Wir bieten ein umfassendes Leistungsspektrum, darunter Dokument\u00fcbersetzung, Website-Lokalisierung, technische \u00dcbersetzungen und mehr, um sicherzustellen, dass Ihre Inhalte Ihre Zielgruppe erreichen.<\/p>\t\t\t\t\t\t\t\t<\/div>\n\t\t\t\t<div class=\"elementor-element elementor-element-e0e1689 elementor-widget elementor-widget-heading\" data-id=\"e0e1689\" data-element_type=\"widget\" data-e-type=\"widget\" data-widget_type=\"heading.default\">\n\t\t\t\t\t<h3 class=\"elementor-heading-title elementor-size-default\">Warum sollten Sie sich f\u00fcr unsere \u00dcbersetzungsdienste f\u00fcr europ\u00e4isches Portugiesisch entscheiden?<\/h3>\t\t\t\t<\/div>\n\t\t\t\t<div class=\"elementor-element elementor-element-86a1094 elementor-widget elementor-widget-text-editor\" data-id=\"86a1094\" data-element_type=\"widget\" data-e-type=\"widget\" data-widget_type=\"text-editor.default\">\n\t\t\t\t\t\t\t\t\t<ul><li><p><span style=\"color: #ff0000;\">Muttersprachliche \u00dcbersetzer f\u00fcr europ\u00e4isches Portugiesisch: Unsere \u00dcbersetzer sind portugiesische Muttersprachler mit jahrelanger Berufserfahrung und gew\u00e4hrleisten pr\u00e4zise und kontextgerechte \u00dcbersetzungen.\u00a0<\/span><\/p><\/li><li><p><span style=\"color: #ff0000;\">Beglaubigte \u00dcbersetzungen: Wir erstellen beglaubigte \u00dcbersetzungen, die von Regierungsbeh\u00f6rden und Rechtsinstitutionen anerkannt werden und gew\u00e4hrleisten so Konformit\u00e4t und Authentizit\u00e4t.\u00a0<\/span><\/p><\/li><li><p><span style=\"color: #ff0000;\">SEO-optimierter Inhalt: Unsere \u00dcbersetzungen ber\u00fccksichtigen bew\u00e4hrte SEO-Methoden und helfen Ihrer Website, in Suchmaschinen wie Google und Bing ein h\u00f6heres Ranking zu erzielen.<\/span><\/p><\/li><li><p><span style=\"color: #ff0000;\">Schnelle Bearbeitung und wettbewerbsf\u00e4hige Preise: Wir liefern qualitativ hochwertige \u00dcbersetzungen umgehend und zu wettbewerbsf\u00e4higen Preisen und halten Ihre Termine und Budgetanforderungen ein.\u00a0<\/span><\/p><\/li><li><p><span style=\"color: #ff0000;\">Branchenkenntnisse: Unsere \u00dcbersetzer verf\u00fcgen \u00fcber Fachkenntnisse in verschiedenen Branchen, darunter im juristischen, medizinischen, technischen und betriebswirtschaftlichen Bereich.\u00a0<\/span><\/p><\/li><\/ul><p><span style=\"color: #ff0000;\">Lorem ipsum dolor sit amet, consectetur adipiscing elit. Ut elit tellus, luctus nec ullamcorper mattis, pulvinar dapibus leo.<\/span><\/p>\t\t\t\t\t\t\t\t<\/div>\n\t\t\t\t<div class=\"elementor-element elementor-element-b8d521d elementor-widget elementor-widget-heading\" data-id=\"b8d521d\" data-element_type=\"widget\" data-e-type=\"widget\" data-widget_type=\"heading.default\">\n\t\t\t\t\t<h3 class=\"elementor-heading-title elementor-size-default\">Unsere \u00dcbersetzungsdienste f\u00fcr europ\u00e4isches Portugiesisch<\/h3>\t\t\t\t<\/div>\n\t\t\t\t<div class=\"elementor-element elementor-element-0707227 elementor-widget elementor-widget-heading\" data-id=\"0707227\" data-element_type=\"widget\" data-e-type=\"widget\" data-widget_type=\"heading.default\">\n\t\t\t\t\t<h5 class=\"elementor-heading-title elementor-size-default\">1. Beglaubigte Dokumenten\u00fcbersetzung<\/h5>\t\t\t\t<\/div>\n\t\t\t\t<div class=\"elementor-element elementor-element-1e85a8d elementor-widget elementor-widget-text-editor\" data-id=\"1e85a8d\" data-element_type=\"widget\" data-e-type=\"widget\" data-widget_type=\"text-editor.default\">\n\t\t\t\t\t\t\t\t\t<p style=\"font-family: Helvetica, serif; font-size: 16px; font-weight: 400; font-style: normal; color: #e41d1d;\">Wir bieten beglaubigte \u00dcbersetzungen f\u00fcr eine Vielzahl von Dokumenten an und gew\u00e4hrleisten dabei Genauigkeit und Anerkennung durch offizielle Stellen:<\/p>\n<ul style=\"margin-bottom: 1em; font-family: Helvetica, serif; font-size: 16px; font-weight: 400; font-style: normal; color: #e41d1d;\">\n<li style=\"font-size: 16px;\">\n<p style=\"font-size: 16px;\">Rechtsdokumente: Vertr\u00e4ge, Vereinbarungen, Gerichtsdokumente.<\/p>\n<\/li>\n<li style=\"font-size: 16px;\">\n<p style=\"font-size: 16px;\">Pers\u00f6nliche Dokumente: Geburtsurkunden, Heiratsurkunden, akademische Zeugnisse.<\/p>\n<\/li>\n<li style=\"font-size: 16px;\">\n<p style=\"font-size: 16px;\">Gesch\u00e4ftsdokumente: Lizenzen, Jahresabschl\u00fcsse, Unternehmensberichte<\/p>\n<\/li>\n<\/ul>\t\t\t\t\t\t\t\t<\/div>\n\t\t\t\t<div class=\"elementor-element elementor-element-b1e584b elementor-widget elementor-widget-heading\" data-id=\"b1e584b\" data-element_type=\"widget\" data-e-type=\"widget\" data-widget_type=\"heading.default\">\n\t\t\t\t\t<h5 class=\"elementor-heading-title elementor-size-default\">2. Website- und App-Lokalisierung<\/h5>\t\t\t\t<\/div>\n\t\t\t\t<div class=\"elementor-element elementor-element-28321c0 elementor-widget elementor-widget-text-editor\" data-id=\"28321c0\" data-element_type=\"widget\" data-e-type=\"widget\" data-widget_type=\"text-editor.default\">\n\t\t\t\t\t\t\t\t\t<p>Erweitern Sie Ihre digitale Pr\u00e4senz in den portugiesischsprachigen M\u00e4rkten Europas mit unseren Lokalisierungsdiensten:<\/p>\n<ul>\n<li>\n<p>Website-Lokalisierung: Anpassung der Inhalte Ihrer Website an kulturelle Nuancen und Vorlieben.<\/p>\n<\/li>\n<li>\n<p>App-Lokalisierung: Sicherstellen, dass Ihre mobilen Anwendungen f\u00fcr portugiesischsprachige europ\u00e4ische Benutzer benutzerfreundlich sind<\/p>\n<\/li>\n<li>\n<p>SEO-Optimierung: Implementierung lokalisierter Schl\u00fcsselw\u00f6rter und Meta-Tags zur Verbesserung des Suchmaschinen-Rankings.\u00a0<\/p>\n<\/li>\n<\/ul>\t\t\t\t\t\t\t\t<\/div>\n\t\t\t\t<div class=\"elementor-element elementor-element-fcbccf9 elementor-widget elementor-widget-heading\" data-id=\"fcbccf9\" data-element_type=\"widget\" data-e-type=\"widget\" data-widget_type=\"heading.default\">\n\t\t\t\t\t<h5 class=\"elementor-heading-title elementor-size-default\">3. Technische und medizinische \u00dcbersetzungen<\/h5>\t\t\t\t<\/div>\n\t\t\t\t<div class=\"elementor-element elementor-element-44f63cf elementor-widget elementor-widget-text-editor\" data-id=\"44f63cf\" data-element_type=\"widget\" data-e-type=\"widget\" data-widget_type=\"text-editor.default\">\n\t\t\t\t\t\t\t\t\t<p>Unsere Experten bearbeiten komplexe technische und medizinische Dokumente mit Pr\u00e4zision: Technische Handb\u00fccher: Benutzerhandb\u00fccher, Produkthandb\u00fccher, technische Spezifikationen.\ue206<\/p>\n<ul>\n<li>\n<p>Medizinische Dokumente: Klinische Berichte, pharmazeutische Informationen, medizinische Forschungsarbeiten.\ue206<\/p>\n<\/li>\n<\/ul>\t\t\t\t\t\t\t\t<\/div>\n\t\t\t\t<div class=\"elementor-element elementor-element-9c59844 elementor-widget elementor-widget-heading\" data-id=\"9c59844\" data-element_type=\"widget\" data-e-type=\"widget\" data-widget_type=\"heading.default\">\n\t\t\t\t\t<h5 class=\"elementor-heading-title elementor-size-default\">4. Gesch\u00e4fts- und Marketing\u00fcbersetzungen<\/h5>\t\t\t\t<\/div>\n\t\t\t\t<div class=\"elementor-element elementor-element-f772dd8 elementor-widget elementor-widget-text-editor\" data-id=\"f772dd8\" data-element_type=\"widget\" data-e-type=\"widget\" data-widget_type=\"text-editor.default\">\n\t\t\t\t\t\t\t\t\t<p>Kommunizieren Sie Ihre Markenbotschaft effektiv an das portugiesischsprachige europ\u00e4ische Publikum:<\/p><ul><li><p>Marketingmaterialien: Brosch\u00fcren, Anzeigen, Pressemitteilungen.<\/p><\/li><li><p>Gesch\u00e4ftskommunikation: Pr\u00e4sentationen, E-Mails, Unternehmenskommunikation.<\/p><\/li><\/ul>\t\t\t\t\t\t\t\t<\/div>\n\t\t\t\t<div class=\"elementor-element elementor-element-f0c342a elementor-widget elementor-widget-heading\" data-id=\"f0c342a\" data-element_type=\"widget\" data-e-type=\"widget\" data-widget_type=\"heading.default\">\n\t\t\t\t\t<h3 class=\"elementor-heading-title elementor-size-default\">Branchen, die wir bedienen<\/h3>\t\t\t\t<\/div>\n\t\t\t\t<div class=\"elementor-element elementor-element-3f3d7b9 elementor-widget elementor-widget-text-editor\" data-id=\"3f3d7b9\" data-element_type=\"widget\" data-e-type=\"widget\" data-widget_type=\"text-editor.default\">\n\t\t\t\t\t\t\t\t\t<p><span style=\"color: #ff0000;\">Wir beliefern ein breites Spektrum an Branchen, darunter:<\/span><\/p><ul><li><p><span style=\"color: #ff0000;\">Recht und Beh\u00f6rden: Bereitstellung von \u00dcbersetzungen f\u00fcr Gerichtsverfahren und beh\u00f6rdliche Mitteilungen.<\/span><\/p><\/li><li><p><span style=\"color: #ff0000;\">Gesundheitswesen und Pharmazeutika: \u00dcbersetzung von Krankenakten, Forschungsarbeiten und pharmazeutischen Dokumenten.<\/span><\/p><\/li><li><p><span style=\"color: #ff0000;\">Technologie und IT: Lokalisierung von Software, Benutzerhandb\u00fcchern und technischer Dokumentation.<\/span><\/p><\/li><li><p><span style=\"color: #ff0000;\">Finanzen und Bankwesen: \u00dcbersetzung von Finanzberichten, Anlagedokumenten und Bankmaterialien.<\/span><\/p><\/li><li><p><span style=\"color: #ff0000;\">E-Commerce und Einzelhandel: Lokalisierung von Produktbeschreibungen, Kundenbewertungen und Marketinginhalten.<\/span><\/p><\/li><\/ul>\t\t\t\t\t\t\t\t<\/div>\n\t\t\t\t<div class=\"elementor-element elementor-element-f05d1ea elementor-widget elementor-widget-heading\" data-id=\"f05d1ea\" data-element_type=\"widget\" data-e-type=\"widget\" data-widget_type=\"heading.default\">\n\t\t\t\t\t<h3 class=\"elementor-heading-title elementor-size-default\">Warum professionelle \u00dcbersetzungen ins europ\u00e4ische Portugiesisch wichtig sind<\/h3>\t\t\t\t<\/div>\n\t\t\t\t<div class=\"elementor-element elementor-element-d3ff52c elementor-widget elementor-widget-text-editor\" data-id=\"d3ff52c\" data-element_type=\"widget\" data-e-type=\"widget\" data-widget_type=\"text-editor.default\">\n\t\t\t\t\t\t\t\t\t<p>Europ\u00e4isches Portugiesisch wird von Millionen Menschen weltweit gesprochen und ist daher f\u00fcr Unternehmen und Organisationen, die eine europ\u00e4ische portugiesischsprachige Zielgruppe ansprechen m\u00f6chten, unverzichtbar. Professionelle \u00dcbersetzungen gew\u00e4hrleisten:<\/p>\n<ul>\n<li>\n<p>Kulturelle Relevanz: Pr\u00e4zise \u00dcbersetzungen, die mit der lokalen Kultur und den Br\u00e4uchen im Einklang stehen.<\/p>\n<\/li>\n<li>\n<p>Einhaltung gesetzlicher Vorschriften: Sicherstellen, dass die Dokumente den regionalen gesetzlichen Standards und Anforderungen entsprechen.<\/p>\n<\/li>\n<li>\n<p>Glaubw\u00fcrdigkeit der Marke: Pr\u00e4sentieren Sie Ihr Unternehmen professionell einem portugiesischsprachigen europ\u00e4ischen Publikum.<\/p>\n<\/li>\n<\/ul>\t\t\t\t\t\t\t\t<\/div>\n\t\t\t\t<div class=\"elementor-element elementor-element-5654d1a elementor-widget elementor-widget-heading\" data-id=\"5654d1a\" data-element_type=\"widget\" data-e-type=\"widget\" data-widget_type=\"heading.default\">\n\t\t\t\t\t<h3 class=\"elementor-heading-title elementor-size-default\">SEO-optimierte europ\u00e4ische portugiesische \u00dcbersetzungsdienste<\/h3>\t\t\t\t<\/div>\n\t\t\t\t<div class=\"elementor-element elementor-element-eff3e44 elementor-widget elementor-widget-text-editor\" data-id=\"eff3e44\" data-element_type=\"widget\" data-e-type=\"widget\" data-widget_type=\"text-editor.default\">\n\t\t\t\t\t\t\t\t\t<p style=\"font-family: Helvetica, serif; font-size: 16px; font-weight: 400; font-style: normal; color: #e41d1d;\"><span style=\"color: #ff0000;\">Unsere \u00dcbersetzungen basieren auf den bew\u00e4hrten SEO-Methoden, um Ihre Online-Sichtbarkeit zu verbessern:<\/span><\/p><ul style=\"margin-bottom: 1em; font-family: Helvetica, serif; font-size: 16px; font-weight: 400; font-style: normal; color: #e41d1d;\"><li style=\"font-size: 16px;\"><p style=\"font-size: 16px;\"><span style=\"color: #ff0000;\">Lokalisierte Schl\u00fcsselw\u00f6rter: Einbeziehung regionsspezifischer Suchbegriffe zur Verbesserung des Rankings.\u00a0<\/span><\/p><\/li><li style=\"font-size: 16px;\"><p style=\"font-size: 16px;\"><span style=\"color: #ff0000;\">Meta-Tag-Optimierung: \u00dcbersetzen und Optimieren von Meta-Beschreibungen und Titeln f\u00fcr bessere Klickraten.\u00a0<\/span><\/p><\/li><li style=\"font-size: 16px;\"><p style=\"font-size: 16px;\"><span style=\"color: #ff0000;\">Benutzerfreundliche URLs: Erstellen Sie URLs, die im europ\u00e4ischen Portugiesisch lesbar und relevant sind.\u00a0<\/span><\/p><\/li><\/ul>\t\t\t\t\t\t\t\t<\/div>\n\t\t\t\t<div class=\"elementor-element elementor-element-086d2c3 elementor-widget elementor-widget-heading\" data-id=\"086d2c3\" data-element_type=\"widget\" data-e-type=\"widget\" data-widget_type=\"heading.default\">\n\t\t\t\t\t<h3 class=\"elementor-heading-title elementor-size-default\">Holen Sie sich ein kostenloses Angebot f\u00fcr europ\u00e4ische Portugiesisch-\u00dcbersetzungsdienste<\/h3>\t\t\t\t<\/div>\n\t\t\t\t<div class=\"elementor-element elementor-element-5a01811 elementor-widget elementor-widget-text-editor\" data-id=\"5a01811\" data-element_type=\"widget\" data-e-type=\"widget\" data-widget_type=\"text-editor.default\">\n\t\t\t\t\t\t\t\t\t<p>Ben\u00f6tigen Sie professionelle \u00dcbersetzungen in europ\u00e4isches Portugiesisch? Kontaktieren Sie uns noch heute f\u00fcr ein kostenloses Angebot. Wir garantieren schnelle, pr\u00e4zise und vertrauliche \u00dcbersetzungen f\u00fcr alle Ihre Bed\u00fcrfnisse.<\/p><h4><a href=\"https:\/\/lsa-global.com\/de\/fordern-sie-ein-kostenloses-angebot-an-lsa-global\/\"><span style=\"color: #ff0000;\">Kontaktieren Sie uns noch heute!<\/span><\/a><\/h4><p>Globaler Service \u2013 Weltweit verf\u00fcgbar<\/p><p>Erweitern Sie Ihre Reichweite mit professionellen \u00dcbersetzungen ins Europ\u00e4ische Portugiesisch! Kontaktieren Sie uns jetzt, um Ihr Projekt zu besprechen.<\/p>\t\t\t\t\t\t\t\t<\/div>\n\t\t\t\t<div class=\"elementor-element elementor-element-c245744 elementor-widget elementor-widget-heading\" data-id=\"c245744\" data-element_type=\"widget\" data-e-type=\"widget\" data-widget_type=\"heading.default\">\n\t\t\t\t\t<h3 class=\"elementor-heading-title elementor-size-default\">Dar\u00fcber hinausgehen<\/h3>\t\t\t\t<\/div>\n\t\t\t\t\t<\/div>\n\t\t\t\t<\/div>\n\t\t<div class=\"elementor-element elementor-element-d5e7460 e-flex e-con-boxed e-con e-parent\" data-id=\"d5e7460\" data-element_type=\"container\" data-e-type=\"container\">\n\t\t\t\t\t<div class=\"e-con-inner\">\n\t\t\t\t<div class=\"elementor-element elementor-element-4ce5e72 elementor-widget elementor-widget-text-editor\" data-id=\"4ce5e72\" data-element_type=\"widget\" data-e-type=\"widget\" data-widget_type=\"text-editor.default\">\n\t\t\t\t\t\t\t\t\t<h5><a href=\"https:\/\/lsa-global.com\/de\/preise-und-bedingungen-fur-ubersetzungen\/\"><span style=\"color: #ff0000;\">Preispl\u00e4ne und mehr<\/span><\/a><\/h5>\t\t\t\t\t\t\t\t<\/div>\n\t\t\t\t<div class=\"elementor-element elementor-element-56eac28 elementor-widget elementor-widget-text-editor\" data-id=\"56eac28\" data-element_type=\"widget\" data-e-type=\"widget\" data-widget_type=\"text-editor.default\">\n\t\t\t\t\t\t\t\t\t<h5><a href=\"https:\/\/lsa-global.com\/de\/beitrage\/\"><span style=\"color: #ff0000;\">Weitere Beitr\u00e4ge<\/span><\/a><\/h5>\t\t\t\t\t\t\t\t<\/div>\n\t\t\t\t<div class=\"elementor-element elementor-element-a2ce3eb elementor-widget elementor-widget-text-editor\" data-id=\"a2ce3eb\" data-element_type=\"widget\" data-e-type=\"widget\" data-widget_type=\"text-editor.default\">\n\t\t\t\t\t\t\t\t\t<h5><a href=\"https:\/\/lsaglobal-translate.co.uk\/services\/translation-services\/\" target=\"_blank\" rel=\"noopener\"><span style=\"color: #ff0000;\">\u00dcbersetzungsprofi.<\/span><\/a><\/h5>\t\t\t\t\t\t\t\t<\/div>\n\t\t\t\t<div class=\"elementor-element elementor-element-fb59af0 elementor-widget elementor-widget-image\" data-id=\"fb59af0\" data-element_type=\"widget\" data-e-type=\"widget\" data-widget_type=\"image.default\">\n\t\t\t\t\t\t\t\t\t\t\t\t\t\t\t<img fetchpriority=\"high\" decoding=\"async\" data-attachment-id=\"43698\" data-permalink=\"https:\/\/lsa-global.com\/zh\/%e6%ac%a7%e6%b4%b2%e8%91%a1%e8%90%84%e7%89%99%e8%af%ad%e7%bf%bb%e8%af%91%e6%9c%8d%e5%8a%a1%e5%87%86%e7%a1%ae\/portuguese-portugal\/\" data-orig-file=\"https:\/\/i0.wp.com\/lsa-global.com\/wp-content\/uploads\/2025\/03\/Portuguese-Portugal.png?fit=2560%2C1707&amp;ssl=1\" data-orig-size=\"2560,1707\" data-comments-opened=\"0\" data-image-meta=\"{&quot;aperture&quot;:&quot;0&quot;,&quot;credit&quot;:&quot;&quot;,&quot;camera&quot;:&quot;&quot;,&quot;caption&quot;:&quot;&quot;,&quot;created_timestamp&quot;:&quot;0&quot;,&quot;copyright&quot;:&quot;&quot;,&quot;focal_length&quot;:&quot;0&quot;,&quot;iso&quot;:&quot;0&quot;,&quot;shutter_speed&quot;:&quot;0&quot;,&quot;title&quot;:&quot;&quot;,&quot;orientation&quot;:&quot;0&quot;}\" data-image-title=\"Portuguese (Portugal) Translations\" data-image-description=\"&lt;p&gt;Portuguese (Portugal) Translations&lt;\/p&gt;\" data-image-caption=\"\" data-medium-file=\"https:\/\/i0.wp.com\/lsa-global.com\/wp-content\/uploads\/2025\/03\/Portuguese-Portugal.png?fit=300%2C200&amp;ssl=1\" data-large-file=\"https:\/\/i0.wp.com\/lsa-global.com\/wp-content\/uploads\/2025\/03\/Portuguese-Portugal.png?fit=1024%2C683&amp;ssl=1\" width=\"300\" height=\"200\" src=\"https:\/\/i0.wp.com\/lsa-global.com\/wp-content\/uploads\/2025\/03\/Portuguese-Portugal.png?fit=300%2C200&amp;ssl=1\" class=\"attachment-medium size-medium wp-image-43698\" alt=\"Portugiesische (Portugal) \u00dcbersetzungen\" srcset=\"https:\/\/i0.wp.com\/lsa-global.com\/wp-content\/uploads\/2025\/03\/Portuguese-Portugal.png?w=2560&amp;ssl=1 2560w, https:\/\/i0.wp.com\/lsa-global.com\/wp-content\/uploads\/2025\/03\/Portuguese-Portugal.png?resize=300%2C200&amp;ssl=1 300w, https:\/\/i0.wp.com\/lsa-global.com\/wp-content\/uploads\/2025\/03\/Portuguese-Portugal.png?resize=1024%2C683&amp;ssl=1 1024w, https:\/\/i0.wp.com\/lsa-global.com\/wp-content\/uploads\/2025\/03\/Portuguese-Portugal.png?resize=150%2C100&amp;ssl=1 150w, https:\/\/i0.wp.com\/lsa-global.com\/wp-content\/uploads\/2025\/03\/Portuguese-Portugal.png?resize=768%2C512&amp;ssl=1 768w, https:\/\/i0.wp.com\/lsa-global.com\/wp-content\/uploads\/2025\/03\/Portuguese-Portugal.png?resize=1536%2C1024&amp;ssl=1 1536w, https:\/\/i0.wp.com\/lsa-global.com\/wp-content\/uploads\/2025\/03\/Portuguese-Portugal.png?resize=2048%2C1366&amp;ssl=1 2048w, https:\/\/i0.wp.com\/lsa-global.com\/wp-content\/uploads\/2025\/03\/Portuguese-Portugal.png?resize=18%2C12&amp;ssl=1 18w, https:\/\/i0.wp.com\/lsa-global.com\/wp-content\/uploads\/2025\/03\/Portuguese-Portugal.png?resize=370%2C247&amp;ssl=1 370w, https:\/\/i0.wp.com\/lsa-global.com\/wp-content\/uploads\/2025\/03\/Portuguese-Portugal.png?resize=760%2C507&amp;ssl=1 760w\" sizes=\"(max-width: 300px) 100vw, 300px\" title=\"\">\t\t\t\t\t\t\t\t\t\t\t\t\t\t\t<\/div>\n\t\t\t\t\t<\/div>\n\t\t\t\t<\/div>\n\t\t\t\t<\/div>","protected":false},"excerpt":{"rendered":"<p>Professional European Portuguese Translation Services \u2013 Accurate &amp; Certified Expert European Portuguese Translation Services for Businesses &amp; Individuals Are you&hellip;<\/p>","protected":false},"author":1,"featured_media":43999,"parent":0,"menu_order":0,"comment_status":"closed","ping_status":"closed","template":"","meta":{"jetpack_post_was_ever_published":false,"footnotes":""},"class_list":["post-43187","page","type-page","status-publish","has-post-thumbnail","hentry"],"jetpack_sharing_enabled":true,"jetpack_likes_enabled":true,"jetpack-related-posts":[],"jetpack_shortlink":"https:\/\/wp.me\/PerFda-bez","_links":{"self":[{"href":"https:\/\/lsa-global.com\/de\/wp-json\/wp\/v2\/pages\/43187","targetHints":{"allow":["GET"]}}],"collection":[{"href":"https:\/\/lsa-global.com\/de\/wp-json\/wp\/v2\/pages"}],"about":[{"href":"https:\/\/lsa-global.com\/de\/wp-json\/wp\/v2\/types\/page"}],"author":[{"embeddable":true,"href":"https:\/\/lsa-global.com\/de\/wp-json\/wp\/v2\/users\/1"}],"replies":[{"embeddable":true,"href":"https:\/\/lsa-global.com\/de\/wp-json\/wp\/v2\/comments?post=43187"}],"version-history":[{"count":0,"href":"https:\/\/lsa-global.com\/de\/wp-json\/wp\/v2\/pages\/43187\/revisions"}],"wp:featuredmedia":[{"embeddable":true,"href":"https:\/\/lsa-global.com\/de\/wp-json\/wp\/v2\/media\/43999"}],"wp:attachment":[{"href":"https:\/\/lsa-global.com\/de\/wp-json\/wp\/v2\/media?parent=43187"}],"curies":[{"name":"wp","href":"https:\/\/api.w.org\/{rel}","templated":true}]}}