{"id":43145,"date":"2025-03-18T11:51:55","date_gmt":"2025-03-18T10:51:55","guid":{"rendered":"https:\/\/lsa-global.com\/?page_id=43145"},"modified":"2025-04-25T14:46:51","modified_gmt":"2025-04-25T13:46:51","slug":"professional-persian-translation-services-accurate","status":"publish","type":"page","link":"https:\/\/lsa-global.com\/de\/professional-persian-translation-services-accurate\/","title":{"rendered":"Professionelle persische \u00dcbersetzungsdienste \u2013 pr\u00e4zise und zertifiziert"},"content":{"rendered":"<div data-elementor-type=\"wp-page\" data-elementor-id=\"43145\" class=\"elementor elementor-43145\" data-elementor-post-type=\"page\">\n\t\t\t\t<div class=\"elementor-element elementor-element-f2ac1c3 e-flex e-con-boxed e-con e-parent\" data-id=\"f2ac1c3\" data-element_type=\"container\" data-e-type=\"container\">\n\t\t\t\t\t<div class=\"e-con-inner\">\n\t\t\t\t<div class=\"elementor-element elementor-element-b9ecdb8 elementor-widget elementor-widget-heading\" data-id=\"b9ecdb8\" data-element_type=\"widget\" data-e-type=\"widget\" data-widget_type=\"heading.default\">\n\t\t\t\t\t<h2 class=\"elementor-heading-title elementor-size-default\">Professional Persian Translation Services \u2013 Accurate &amp; Certified<\/h2>\t\t\t\t<\/div>\n\t\t\t\t\t<\/div>\n\t\t\t\t<\/div>\n\t\t<div class=\"elementor-element elementor-element-be211c9 e-flex e-con-boxed e-con e-parent\" data-id=\"be211c9\" data-element_type=\"container\" data-e-type=\"container\">\n\t\t\t\t\t<div class=\"e-con-inner\">\n\t\t\t\t<div class=\"elementor-element elementor-element-d586d55 elementor-widget elementor-widget-image\" data-id=\"d586d55\" data-element_type=\"widget\" data-e-type=\"widget\" data-widget_type=\"image.default\">\n\t\t\t\t\t\t\t\t\t\t\t\t\t\t\t<img fetchpriority=\"high\" decoding=\"async\" data-attachment-id=\"43481\" data-permalink=\"https:\/\/lsa-global.com\/it\/servizi-di-traduzione-persiana-professionale-accurati\/persian\/\" data-orig-file=\"https:\/\/i0.wp.com\/lsa-global.com\/wp-content\/uploads\/2025\/03\/Persian.png?fit=2560%2C1463&amp;ssl=1\" data-orig-size=\"2560,1463\" data-comments-opened=\"0\" data-image-meta=\"{&quot;aperture&quot;:&quot;0&quot;,&quot;credit&quot;:&quot;&quot;,&quot;camera&quot;:&quot;&quot;,&quot;caption&quot;:&quot;&quot;,&quot;created_timestamp&quot;:&quot;0&quot;,&quot;copyright&quot;:&quot;&quot;,&quot;focal_length&quot;:&quot;0&quot;,&quot;iso&quot;:&quot;0&quot;,&quot;shutter_speed&quot;:&quot;0&quot;,&quot;title&quot;:&quot;&quot;,&quot;orientation&quot;:&quot;0&quot;}\" data-image-title=\"Persian Translation services\" data-image-description=\"&lt;p&gt;Persian Translation services &lt;\/p&gt;\" data-image-caption=\"\" data-large-file=\"https:\/\/i0.wp.com\/lsa-global.com\/wp-content\/uploads\/2025\/03\/Persian.png?fit=1024%2C585&amp;ssl=1\" width=\"300\" height=\"171\" src=\"https:\/\/i0.wp.com\/lsa-global.com\/wp-content\/uploads\/2025\/03\/Persian.png?fit=300%2C171&amp;ssl=1\" class=\"attachment-medium size-medium wp-image-43481\" alt=\"Persian Translation Services\" srcset=\"https:\/\/i0.wp.com\/lsa-global.com\/wp-content\/uploads\/2025\/03\/Persian.png?w=2560&amp;ssl=1 2560w, https:\/\/i0.wp.com\/lsa-global.com\/wp-content\/uploads\/2025\/03\/Persian.png?resize=300%2C171&amp;ssl=1 300w, https:\/\/i0.wp.com\/lsa-global.com\/wp-content\/uploads\/2025\/03\/Persian.png?resize=1024%2C585&amp;ssl=1 1024w, https:\/\/i0.wp.com\/lsa-global.com\/wp-content\/uploads\/2025\/03\/Persian.png?resize=150%2C86&amp;ssl=1 150w, https:\/\/i0.wp.com\/lsa-global.com\/wp-content\/uploads\/2025\/03\/Persian.png?resize=768%2C439&amp;ssl=1 768w, https:\/\/i0.wp.com\/lsa-global.com\/wp-content\/uploads\/2025\/03\/Persian.png?resize=1536%2C878&amp;ssl=1 1536w, https:\/\/i0.wp.com\/lsa-global.com\/wp-content\/uploads\/2025\/03\/Persian.png?resize=2048%2C1170&amp;ssl=1 2048w, https:\/\/i0.wp.com\/lsa-global.com\/wp-content\/uploads\/2025\/03\/Persian.png?resize=18%2C10&amp;ssl=1 18w, https:\/\/i0.wp.com\/lsa-global.com\/wp-content\/uploads\/2025\/03\/Persian.png?resize=370%2C211&amp;ssl=1 370w, https:\/\/i0.wp.com\/lsa-global.com\/wp-content\/uploads\/2025\/03\/Persian.png?resize=760%2C434&amp;ssl=1 760w\" sizes=\"(max-width: 300px) 100vw, 300px\" title=\"\">\t\t\t\t\t\t\t\t\t\t\t\t\t\t\t<\/div>\n\t\t\t\t\t<\/div>\n\t\t\t\t<\/div>\n\t\t<div class=\"elementor-element elementor-element-cdf5b2c e-flex e-con-boxed e-con e-parent\" data-id=\"cdf5b2c\" data-element_type=\"container\" data-e-type=\"container\">\n\t\t\t\t\t<div class=\"e-con-inner\">\n\t\t\t\t<div class=\"elementor-element elementor-element-dfd5a6d elementor-widget elementor-widget-heading\" data-id=\"dfd5a6d\" data-element_type=\"widget\" data-e-type=\"widget\" data-widget_type=\"heading.default\">\n\t\t\t\t\t<h3 class=\"elementor-heading-title elementor-size-default\">Expert Persian Translation Services for Businesses &amp; Individuals<\/h3>\t\t\t\t<\/div>\n\t\t\t\t\t<\/div>\n\t\t\t\t<\/div>\n\t\t<div class=\"elementor-element elementor-element-bb87aa4 e-flex e-con-boxed e-con e-parent\" data-id=\"bb87aa4\" data-element_type=\"container\" data-e-type=\"container\">\n\t\t\t\t\t<div class=\"e-con-inner\">\n\t\t\t\t<div class=\"elementor-element elementor-element-71fd411 elementor-widget elementor-widget-text-editor\" data-id=\"71fd411\" data-element_type=\"widget\" data-e-type=\"widget\" data-widget_type=\"text-editor.default\">\n\t\t\t\t\t\t\t\t\t<p>Are you seeking high-quality\u00a0Persian translation services? Our team of professional translators specializes in delivering accurate, culturally adapted translations tailored to Persian-speaking audiences. We offer a comprehensive range of services, including\u00a0document translation,\u00a0website localization,\u00a0technical translations, and more, ensuring your content resonates with your target market.<\/p>\t\t\t\t\t\t\t\t<\/div>\n\t\t\t\t\t<\/div>\n\t\t\t\t<\/div>\n\t\t<div class=\"elementor-element elementor-element-4623472 e-flex e-con-boxed e-con e-parent\" data-id=\"4623472\" data-element_type=\"container\" data-e-type=\"container\">\n\t\t\t\t\t<div class=\"e-con-inner\">\n\t\t\t\t<div class=\"elementor-element elementor-element-93be32e elementor-widget elementor-widget-heading\" data-id=\"93be32e\" data-element_type=\"widget\" data-e-type=\"widget\" data-widget_type=\"heading.default\">\n\t\t\t\t\t<h3 class=\"elementor-heading-title elementor-size-default\">Why Choose Our Persian Translation Services<\/h3>\t\t\t\t<\/div>\n\t\t\t\t\t<\/div>\n\t\t\t\t<\/div>\n\t\t<div class=\"elementor-element elementor-element-b5709b0 e-flex e-con-boxed e-con e-parent\" data-id=\"b5709b0\" data-element_type=\"container\" data-e-type=\"container\">\n\t\t\t\t\t<div class=\"e-con-inner\">\n\t\t\t\t<div class=\"elementor-element elementor-element-16d8340 elementor-widget elementor-widget-text-editor\" data-id=\"16d8340\" data-element_type=\"widget\" data-e-type=\"widget\" data-widget_type=\"text-editor.default\">\n\t\t\t\t\t\t\t\t\t<ul><li><p>Native Persian Translators: Our translators are native Persian (Farsi) speakers with years of full-time experience, ensuring precise and contextually appropriate translations.\u00a0<\/p><\/li><li><p>Beglaubigte \u00dcbersetzungen: Wir erstellen beglaubigte \u00dcbersetzungen, die von Regierungsbeh\u00f6rden und Rechtsinstitutionen anerkannt werden und gew\u00e4hrleisten so Konformit\u00e4t und Authentizit\u00e4t.\u00a0<\/p><\/li><li><p>SEO-optimierter Inhalt: Unsere \u00dcbersetzungen ber\u00fccksichtigen bew\u00e4hrte SEO-Methoden und helfen Ihrer Website, in Suchmaschinen wie Google und Bing ein h\u00f6heres Ranking zu erzielen.\u00a0<\/p><\/li><li><p>Schnelle Bearbeitung und wettbewerbsf\u00e4hige Preise: Wir liefern qualitativ hochwertige \u00dcbersetzungen umgehend und zu wettbewerbsf\u00e4higen Preisen und halten Ihre Termine und Budgetanforderungen ein.\u00a0<\/p><\/li><li><p>Branchenkenntnisse: Unsere \u00dcbersetzer verf\u00fcgen \u00fcber Fachkenntnisse in verschiedenen Branchen, darunter im juristischen, medizinischen, technischen und betriebswirtschaftlichen Bereich.\u00a0<\/p><\/li><\/ul>\t\t\t\t\t\t\t\t<\/div>\n\t\t\t\t\t<\/div>\n\t\t\t\t<\/div>\n\t\t<div class=\"elementor-element elementor-element-93c75f5 e-flex e-con-boxed e-con e-parent\" data-id=\"93c75f5\" data-element_type=\"container\" data-e-type=\"container\">\n\t\t\t\t\t<div class=\"e-con-inner\">\n\t\t\t\t<div class=\"elementor-element elementor-element-1926b42 elementor-widget elementor-widget-heading\" data-id=\"1926b42\" data-element_type=\"widget\" data-e-type=\"widget\" data-widget_type=\"heading.default\">\n\t\t\t\t\t<h3 class=\"elementor-heading-title elementor-size-default\">Our Persian Translation Services<\/h3>\t\t\t\t<\/div>\n\t\t\t\t<div class=\"elementor-element elementor-element-1b983c5 elementor-widget elementor-widget-heading\" data-id=\"1b983c5\" data-element_type=\"widget\" data-e-type=\"widget\" data-widget_type=\"heading.default\">\n\t\t\t\t\t<h5 class=\"elementor-heading-title elementor-size-default\">1. Beglaubigte Dokumenten\u00fcbersetzung<\/h5>\t\t\t\t<\/div>\n\t\t\t\t\t<\/div>\n\t\t\t\t<\/div>\n\t\t<div class=\"elementor-element elementor-element-c564a23 e-flex e-con-boxed e-con e-parent\" data-id=\"c564a23\" data-element_type=\"container\" data-e-type=\"container\">\n\t\t\t\t\t<div class=\"e-con-inner\">\n\t\t\t\t<div class=\"elementor-element elementor-element-9cfe233 elementor-widget elementor-widget-text-editor\" data-id=\"9cfe233\" data-element_type=\"widget\" data-e-type=\"widget\" data-widget_type=\"text-editor.default\">\n\t\t\t\t\t\t\t\t\t<p>Wir bieten beglaubigte \u00dcbersetzungen f\u00fcr eine Vielzahl von Dokumenten an und gew\u00e4hrleisten dabei Genauigkeit und Anerkennung durch offizielle Stellen:<\/p><ul><li><p>Rechtsdokumente: Vertr\u00e4ge, Vereinbarungen, Gerichtsdokumente.<\/p><\/li><li><p>Pers\u00f6nliche Dokumente: Geburtsurkunden, Heiratsurkunden, akademische Zeugnisse.<\/p><\/li><li><p>Gesch\u00e4ftsdokumente: Lizenzen, Jahresabschl\u00fcsse, Unternehmensberichte.<\/p><\/li><\/ul>\t\t\t\t\t\t\t\t<\/div>\n\t\t\t\t\t<\/div>\n\t\t\t\t<\/div>\n\t\t<div class=\"elementor-element elementor-element-22a4fb0 e-flex e-con-boxed e-con e-parent\" data-id=\"22a4fb0\" data-element_type=\"container\" data-e-type=\"container\">\n\t\t\t\t\t<div class=\"e-con-inner\">\n\t\t\t\t<div class=\"elementor-element elementor-element-dc706d8 elementor-widget elementor-widget-heading\" data-id=\"dc706d8\" data-element_type=\"widget\" data-e-type=\"widget\" data-widget_type=\"heading.default\">\n\t\t\t\t\t<h5 class=\"elementor-heading-title elementor-size-default\">2. Website- und App-Lokalisierung<\/h5>\t\t\t\t<\/div>\n\t\t\t\t\t<\/div>\n\t\t\t\t<\/div>\n\t\t<div class=\"elementor-element elementor-element-070470a e-flex e-con-boxed e-con e-parent\" data-id=\"070470a\" data-element_type=\"container\" data-e-type=\"container\">\n\t\t\t\t\t<div class=\"e-con-inner\">\n\t\t\t\t<div class=\"elementor-element elementor-element-b3b4847 elementor-widget elementor-widget-text-editor\" data-id=\"b3b4847\" data-element_type=\"widget\" data-e-type=\"widget\" data-widget_type=\"text-editor.default\">\n\t\t\t\t\t\t\t\t\t<p>Expand your digital presence in Persian-speaking markets with our localization services:<\/p><ul><li><p>Website-Lokalisierung: Anpassung der Inhalte Ihrer Website an kulturelle Nuancen und Vorlieben.<\/p><\/li><li><p>App Localization: Ensuring your mobile applications are user-friendly for Persian-speaking users.<\/p><\/li><li><p>SEO-Optimierung: Implementierung lokalisierter Schl\u00fcsselw\u00f6rter und Meta-Tags zur Verbesserung des Suchmaschinen-Rankings.\u00a0<\/p><\/li><\/ul>\t\t\t\t\t\t\t\t<\/div>\n\t\t\t\t\t<\/div>\n\t\t\t\t<\/div>\n\t\t<div class=\"elementor-element elementor-element-9e39a1b e-flex e-con-boxed e-con e-parent\" data-id=\"9e39a1b\" data-element_type=\"container\" data-e-type=\"container\">\n\t\t\t\t\t<div class=\"e-con-inner\">\n\t\t\t\t<div class=\"elementor-element elementor-element-60ebee1 elementor-widget elementor-widget-heading\" data-id=\"60ebee1\" data-element_type=\"widget\" data-e-type=\"widget\" data-widget_type=\"heading.default\">\n\t\t\t\t\t<h5 class=\"elementor-heading-title elementor-size-default\">3. Technische und medizinische \u00dcbersetzungen<\/h5>\t\t\t\t<\/div>\n\t\t\t\t\t<\/div>\n\t\t\t\t<\/div>\n\t\t<div class=\"elementor-element elementor-element-3f853d0 e-flex e-con-boxed e-con e-parent\" data-id=\"3f853d0\" data-element_type=\"container\" data-e-type=\"container\">\n\t\t\t\t\t<div class=\"e-con-inner\">\n\t\t\t\t<div class=\"elementor-element elementor-element-91f462e elementor-widget elementor-widget-text-editor\" data-id=\"91f462e\" data-element_type=\"widget\" data-e-type=\"widget\" data-widget_type=\"text-editor.default\">\n\t\t\t\t\t\t\t\t\t<p>Unsere Experten bearbeiten komplexe technische und medizinische Dokumente mit Pr\u00e4zision:<\/p><ul><li><p>Technische Handb\u00fccher: Benutzerhandb\u00fccher, Produkthandb\u00fccher, technische Daten.<\/p><\/li><li><p>Medizinische Dokumente: Klinische Berichte, pharmazeutische Informationen, medizinische Forschungsarbeiten.<\/p><\/li><\/ul>\t\t\t\t\t\t\t\t<\/div>\n\t\t\t\t\t<\/div>\n\t\t\t\t<\/div>\n\t\t<div class=\"elementor-element elementor-element-bf2cdb6 e-flex e-con-boxed e-con e-parent\" data-id=\"bf2cdb6\" data-element_type=\"container\" data-e-type=\"container\">\n\t\t\t\t\t<div class=\"e-con-inner\">\n\t\t\t\t<div class=\"elementor-element elementor-element-d8fa69f elementor-widget elementor-widget-heading\" data-id=\"d8fa69f\" data-element_type=\"widget\" data-e-type=\"widget\" data-widget_type=\"heading.default\">\n\t\t\t\t\t<h5 class=\"elementor-heading-title elementor-size-default\">4. Gesch\u00e4fts- und Marketing\u00fcbersetzungen<\/h5>\t\t\t\t<\/div>\n\t\t\t\t\t<\/div>\n\t\t\t\t<\/div>\n\t\t<div class=\"elementor-element elementor-element-0b8622b e-flex e-con-boxed e-con e-parent\" data-id=\"0b8622b\" data-element_type=\"container\" data-e-type=\"container\">\n\t\t\t\t\t<div class=\"e-con-inner\">\n\t\t\t\t<div class=\"elementor-element elementor-element-bb41907 elementor-widget elementor-widget-text-editor\" data-id=\"bb41907\" data-element_type=\"widget\" data-e-type=\"widget\" data-widget_type=\"text-editor.default\">\n\t\t\t\t\t\t\t\t\t<p>Effectively communicate your brand message to Persian-speaking audiences:<\/p><ul><li><p>Marketingmaterialien: Brosch\u00fcren, Anzeigen, Pressemitteilungen.<\/p><\/li><li><p>Gesch\u00e4ftskommunikation: Pr\u00e4sentationen, E-Mails, Unternehmenskommunikation.<\/p><\/li><\/ul>\t\t\t\t\t\t\t\t<\/div>\n\t\t\t\t\t<\/div>\n\t\t\t\t<\/div>\n\t\t<div class=\"elementor-element elementor-element-14f93b9 e-flex e-con-boxed e-con e-parent\" data-id=\"14f93b9\" data-element_type=\"container\" data-e-type=\"container\">\n\t\t\t\t\t<div class=\"e-con-inner\">\n\t\t\t\t<div class=\"elementor-element elementor-element-d7638d7 elementor-widget elementor-widget-heading\" data-id=\"d7638d7\" data-element_type=\"widget\" data-e-type=\"widget\" data-widget_type=\"heading.default\">\n\t\t\t\t\t<h3 class=\"elementor-heading-title elementor-size-default\">Branchen, die wir bedienen<\/h3>\t\t\t\t<\/div>\n\t\t\t\t\t<\/div>\n\t\t\t\t<\/div>\n\t\t<div class=\"elementor-element elementor-element-efed329 e-flex e-con-boxed e-con e-parent\" data-id=\"efed329\" data-element_type=\"container\" data-e-type=\"container\">\n\t\t\t\t\t<div class=\"e-con-inner\">\n\t\t\t\t<div class=\"elementor-element elementor-element-042c7b3 elementor-widget elementor-widget-text-editor\" data-id=\"042c7b3\" data-element_type=\"widget\" data-e-type=\"widget\" data-widget_type=\"text-editor.default\">\n\t\t\t\t\t\t\t\t\t<p>Wir beliefern ein breites Spektrum an Branchen, darunter:<\/p><ul><li><p>Recht und Beh\u00f6rden: Bereitstellung von \u00dcbersetzungen f\u00fcr Gerichtsverfahren und beh\u00f6rdliche Mitteilungen.<\/p><\/li><li><p>Gesundheitswesen und Pharmazeutika: \u00dcbersetzung von Krankenakten, Forschungsarbeiten und pharmazeutischen Dokumenten.<\/p><\/li><li><p>Technologie und IT: Lokalisierung von Software, Benutzerhandb\u00fcchern und technischer Dokumentation.<\/p><\/li><li><p>Finanzen und Bankwesen: \u00dcbersetzung von Finanzberichten, Anlagedokumenten und Bankmaterialien.<\/p><\/li><li><p>E-Commerce und Einzelhandel: Lokalisierung von Produktbeschreibungen, Kundenbewertungen und Marketinginhalten.<\/p><\/li><\/ul>\t\t\t\t\t\t\t\t<\/div>\n\t\t\t\t\t<\/div>\n\t\t\t\t<\/div>\n\t\t<div class=\"elementor-element elementor-element-678bf1d e-flex e-con-boxed e-con e-parent\" data-id=\"678bf1d\" data-element_type=\"container\" data-e-type=\"container\">\n\t\t\t\t\t<div class=\"e-con-inner\">\n\t\t\t\t<div class=\"elementor-element elementor-element-916a2af elementor-widget elementor-widget-heading\" data-id=\"916a2af\" data-element_type=\"widget\" data-e-type=\"widget\" data-widget_type=\"heading.default\">\n\t\t\t\t\t<h3 class=\"elementor-heading-title elementor-size-default\">Why Professional Persian Translation Matters<\/h3>\t\t\t\t<\/div>\n\t\t\t\t\t<\/div>\n\t\t\t\t<\/div>\n\t\t<div class=\"elementor-element elementor-element-f6f095a e-flex e-con-boxed e-con e-parent\" data-id=\"f6f095a\" data-element_type=\"container\" data-e-type=\"container\">\n\t\t\t\t\t<div class=\"e-con-inner\">\n\t\t\t\t<div class=\"elementor-element elementor-element-5c312a3 elementor-widget elementor-widget-text-editor\" data-id=\"5c312a3\" data-element_type=\"widget\" data-e-type=\"widget\" data-widget_type=\"text-editor.default\">\n\t\t\t\t\t\t\t\t\t<p>Persian, also known as Farsi, is spoken by millions of people worldwide, making it essential for businesses and organizations aiming to connect with Persian-speaking audiences. Professional translation ensures:<\/p><ul><li><p>Kulturelle Relevanz: Pr\u00e4zise \u00dcbersetzungen, die mit der lokalen Kultur und den Br\u00e4uchen im Einklang stehen.<\/p><\/li><li><p>Einhaltung gesetzlicher Vorschriften: Sicherstellen, dass die Dokumente den regionalen gesetzlichen Standards und Anforderungen entsprechen.<\/p><\/li><li><p>Brand Credibility: Presenting your business professionally to Persian-speaking audiences.<\/p><\/li><\/ul>\t\t\t\t\t\t\t\t<\/div>\n\t\t\t\t\t<\/div>\n\t\t\t\t<\/div>\n\t\t<div class=\"elementor-element elementor-element-c201018 e-flex e-con-boxed e-con e-parent\" data-id=\"c201018\" data-element_type=\"container\" data-e-type=\"container\">\n\t\t\t\t\t<div class=\"e-con-inner\">\n\t\t\t\t<div class=\"elementor-element elementor-element-a7d2347 elementor-widget elementor-widget-heading\" data-id=\"a7d2347\" data-element_type=\"widget\" data-e-type=\"widget\" data-widget_type=\"heading.default\">\n\t\t\t\t\t<h3 class=\"elementor-heading-title elementor-size-default\">SEO-Optimized Persian Translation Services<\/h3>\t\t\t\t<\/div>\n\t\t\t\t<div class=\"elementor-element elementor-element-f1899d2 elementor-widget elementor-widget-text-editor\" data-id=\"f1899d2\" data-element_type=\"widget\" data-e-type=\"widget\" data-widget_type=\"text-editor.default\">\n\t\t\t\t\t\t\t\t\t<p>Unsere \u00dcbersetzungen basieren auf den bew\u00e4hrten SEO-Methoden, um Ihre Online-Sichtbarkeit zu verbessern:<\/p><ul><li><p>Lokalisierte Schl\u00fcsselw\u00f6rter: Einbeziehung regionsspezifischer Suchbegriffe zur Verbesserung des Rankings.\u00a0<\/p><\/li><li><p>Meta-Tag-Optimierung: \u00dcbersetzen und Optimieren von Meta-Beschreibungen und Titeln f\u00fcr bessere Klickraten.\u00a0<\/p><\/li><li><p>User-Friendly URLs: Creating URLs that are readable and relevant in Persian.\u00a0<\/p><\/li><\/ul>\t\t\t\t\t\t\t\t<\/div>\n\t\t\t\t\t<\/div>\n\t\t\t\t<\/div>\n\t\t<div class=\"elementor-element elementor-element-c0a5b6b e-flex e-con-boxed e-con e-parent\" data-id=\"c0a5b6b\" data-element_type=\"container\" data-e-type=\"container\">\n\t\t\t\t\t<div class=\"e-con-inner\">\n\t\t\t\t<div class=\"elementor-element elementor-element-2a077b0 elementor-widget elementor-widget-heading\" data-id=\"2a077b0\" data-element_type=\"widget\" data-e-type=\"widget\" data-widget_type=\"heading.default\">\n\t\t\t\t\t<h3 class=\"elementor-heading-title elementor-size-default\">Get a Free Quote for Persian Translation Services<\/h3>\t\t\t\t<\/div>\n\t\t\t\t\t<\/div>\n\t\t\t\t<\/div>\n\t\t<div class=\"elementor-element elementor-element-8906e0b e-flex e-con-boxed e-con e-parent\" data-id=\"8906e0b\" data-element_type=\"container\" data-e-type=\"container\">\n\t\t\t\t\t<div class=\"e-con-inner\">\n\t\t\t\t<div class=\"elementor-element elementor-element-67337a2 elementor-widget elementor-widget-text-editor\" data-id=\"67337a2\" data-element_type=\"widget\" data-e-type=\"widget\" data-widget_type=\"text-editor.default\">\n\t\t\t\t\t\t\t\t\t<p>Need professional Persian translation services? Contact us today for a free quote. We ensure fast, precise, and confidential translations for all your needs.<\/p><h4><a href=\"https:\/\/lsa-global.com\/de\/fordern-sie-ein-kostenloses-angebot-an-lsa-global\/\"><span style=\"color: #000000;\">\ud83d\udcde Kontaktieren Sie uns noch heute!<\/span><\/a><\/h4><p>\ud83d\udccd Globaler Service \u2013 Weltweit verf\u00fcgbar<\/p><p>Expand your reach with expert Persian translation! Reach out now to discuss your project.<\/p>\t\t\t\t\t\t\t\t<\/div>\n\t\t\t\t\t<\/div>\n\t\t\t\t<\/div>\n\t\t<div class=\"elementor-element elementor-element-12d4b10 e-flex e-con-boxed e-con e-parent\" data-id=\"12d4b10\" data-element_type=\"container\" data-e-type=\"container\">\n\t\t\t\t\t<div class=\"e-con-inner\">\n\t\t\t\t<div class=\"elementor-element elementor-element-2f6e4f9 elementor-widget elementor-widget-heading\" data-id=\"2f6e4f9\" data-element_type=\"widget\" data-e-type=\"widget\" data-widget_type=\"heading.default\">\n\t\t\t\t\t<h3 class=\"elementor-heading-title elementor-size-default\">\u00dcBER DAS HINAUSGEHEN <\/h3>\t\t\t\t<\/div>\n\t\t\t\t\t<\/div>\n\t\t\t\t<\/div>\n\t\t<div class=\"elementor-element elementor-element-8c4d1b9 e-flex e-con-boxed e-con e-parent\" data-id=\"8c4d1b9\" data-element_type=\"container\" data-e-type=\"container\">\n\t\t\t\t\t<div class=\"e-con-inner\">\n\t\t\t\t<div class=\"elementor-element elementor-element-a914838 elementor-widget elementor-widget-text-editor\" data-id=\"a914838\" data-element_type=\"widget\" data-e-type=\"widget\" data-widget_type=\"text-editor.default\">\n\t\t\t\t\t\t\t\t\t<h5><a href=\"https:\/\/lsa-global.com\/de\/deutsche-sprache-lernen\/\"><span style=\"color: #ff0000;\">Kostenloses Angebot<\/span><\/a><\/h5>\t\t\t\t\t\t\t\t<\/div>\n\t\t\t\t\t<\/div>\n\t\t\t\t<\/div>\n\t\t<div class=\"elementor-element elementor-element-3786e5f e-flex e-con-boxed e-con e-parent\" data-id=\"3786e5f\" data-element_type=\"container\" data-e-type=\"container\">\n\t\t\t\t\t<div class=\"e-con-inner\">\n\t\t\t\t<div class=\"elementor-element elementor-element-3d8780e elementor-widget elementor-widget-text-editor\" data-id=\"3d8780e\" data-element_type=\"widget\" data-e-type=\"widget\" data-widget_type=\"text-editor.default\">\n\t\t\t\t\t\t\t\t\t<h5><a href=\"https:\/\/lsaglobal-translate.co.uk\/services\/translation-services\/\" target=\"_blank\" rel=\"noopener\"><span style=\"color: #ff0000;\">\u00dcbersetzungsprofi.<\/span><\/a><\/h5>\t\t\t\t\t\t\t\t<\/div>\n\t\t\t\t\t<\/div>\n\t\t\t\t<\/div>\n\t\t<div class=\"elementor-element elementor-element-abbae15 e-flex e-con-boxed e-con e-parent\" data-id=\"abbae15\" data-element_type=\"container\" data-e-type=\"container\">\n\t\t\t\t\t<div class=\"e-con-inner\">\n\t\t\t\t<div class=\"elementor-element elementor-element-13b9e2c elementor-widget elementor-widget-image\" data-id=\"13b9e2c\" data-element_type=\"widget\" data-e-type=\"widget\" data-widget_type=\"image.default\">\n\t\t\t\t\t\t\t\t\t\t\t\t\t\t\t<img fetchpriority=\"high\" decoding=\"async\" data-attachment-id=\"43481\" data-permalink=\"https:\/\/lsa-global.com\/it\/servizi-di-traduzione-persiana-professionale-accurati\/persian\/\" data-orig-file=\"https:\/\/i0.wp.com\/lsa-global.com\/wp-content\/uploads\/2025\/03\/Persian.png?fit=2560%2C1463&amp;ssl=1\" data-orig-size=\"2560,1463\" data-comments-opened=\"0\" data-image-meta=\"{&quot;aperture&quot;:&quot;0&quot;,&quot;credit&quot;:&quot;&quot;,&quot;camera&quot;:&quot;&quot;,&quot;caption&quot;:&quot;&quot;,&quot;created_timestamp&quot;:&quot;0&quot;,&quot;copyright&quot;:&quot;&quot;,&quot;focal_length&quot;:&quot;0&quot;,&quot;iso&quot;:&quot;0&quot;,&quot;shutter_speed&quot;:&quot;0&quot;,&quot;title&quot;:&quot;&quot;,&quot;orientation&quot;:&quot;0&quot;}\" data-image-title=\"Persian Translation services\" data-image-description=\"&lt;p&gt;Persian Translation services &lt;\/p&gt;\" data-image-caption=\"\" data-large-file=\"https:\/\/i0.wp.com\/lsa-global.com\/wp-content\/uploads\/2025\/03\/Persian.png?fit=1024%2C585&amp;ssl=1\" width=\"300\" height=\"171\" src=\"https:\/\/i0.wp.com\/lsa-global.com\/wp-content\/uploads\/2025\/03\/Persian.png?fit=300%2C171&amp;ssl=1\" class=\"attachment-medium size-medium wp-image-43481\" alt=\"Persian Translation Services\" srcset=\"https:\/\/i0.wp.com\/lsa-global.com\/wp-content\/uploads\/2025\/03\/Persian.png?w=2560&amp;ssl=1 2560w, https:\/\/i0.wp.com\/lsa-global.com\/wp-content\/uploads\/2025\/03\/Persian.png?resize=300%2C171&amp;ssl=1 300w, https:\/\/i0.wp.com\/lsa-global.com\/wp-content\/uploads\/2025\/03\/Persian.png?resize=1024%2C585&amp;ssl=1 1024w, https:\/\/i0.wp.com\/lsa-global.com\/wp-content\/uploads\/2025\/03\/Persian.png?resize=150%2C86&amp;ssl=1 150w, https:\/\/i0.wp.com\/lsa-global.com\/wp-content\/uploads\/2025\/03\/Persian.png?resize=768%2C439&amp;ssl=1 768w, https:\/\/i0.wp.com\/lsa-global.com\/wp-content\/uploads\/2025\/03\/Persian.png?resize=1536%2C878&amp;ssl=1 1536w, https:\/\/i0.wp.com\/lsa-global.com\/wp-content\/uploads\/2025\/03\/Persian.png?resize=2048%2C1170&amp;ssl=1 2048w, https:\/\/i0.wp.com\/lsa-global.com\/wp-content\/uploads\/2025\/03\/Persian.png?resize=18%2C10&amp;ssl=1 18w, https:\/\/i0.wp.com\/lsa-global.com\/wp-content\/uploads\/2025\/03\/Persian.png?resize=370%2C211&amp;ssl=1 370w, https:\/\/i0.wp.com\/lsa-global.com\/wp-content\/uploads\/2025\/03\/Persian.png?resize=760%2C434&amp;ssl=1 760w\" sizes=\"(max-width: 300px) 100vw, 300px\" title=\"\">\t\t\t\t\t\t\t\t\t\t\t\t\t\t\t<\/div>\n\t\t\t\t\t<\/div>\n\t\t\t\t<\/div>\n\t\t\t\t<\/div>","protected":false},"excerpt":{"rendered":"<p>Professional Persian Translation Services \u2013 Accurate &amp; Certified Expert Persian Translation Services for Businesses &amp; Individuals Are you seeking high-quality\u00a0Persian&hellip;<\/p>","protected":false},"author":1,"featured_media":44029,"parent":0,"menu_order":0,"comment_status":"closed","ping_status":"closed","template":"","meta":{"jetpack_post_was_ever_published":false,"footnotes":""},"class_list":["post-43145","page","type-page","status-publish","has-post-thumbnail","hentry"],"jetpack_sharing_enabled":true,"jetpack_likes_enabled":true,"jetpack-related-posts":[],"jetpack_shortlink":"https:\/\/wp.me\/PerFda-bdT","_links":{"self":[{"href":"https:\/\/lsa-global.com\/de\/wp-json\/wp\/v2\/pages\/43145","targetHints":{"allow":["GET"]}}],"collection":[{"href":"https:\/\/lsa-global.com\/de\/wp-json\/wp\/v2\/pages"}],"about":[{"href":"https:\/\/lsa-global.com\/de\/wp-json\/wp\/v2\/types\/page"}],"author":[{"embeddable":true,"href":"https:\/\/lsa-global.com\/de\/wp-json\/wp\/v2\/users\/1"}],"replies":[{"embeddable":true,"href":"https:\/\/lsa-global.com\/de\/wp-json\/wp\/v2\/comments?post=43145"}],"version-history":[{"count":0,"href":"https:\/\/lsa-global.com\/de\/wp-json\/wp\/v2\/pages\/43145\/revisions"}],"wp:featuredmedia":[{"embeddable":true,"href":"https:\/\/lsa-global.com\/de\/wp-json\/wp\/v2\/media\/44029"}],"wp:attachment":[{"href":"https:\/\/lsa-global.com\/de\/wp-json\/wp\/v2\/media?parent=43145"}],"curies":[{"name":"wp","href":"https:\/\/api.w.org\/{rel}","templated":true}]}}