{"id":41860,"date":"2024-09-05T19:38:14","date_gmt":"2024-09-05T18:38:14","guid":{"rendered":"https:\/\/lsa-global.com\/?page_id=41860"},"modified":"2025-04-23T14:38:35","modified_gmt":"2025-04-23T13:38:35","slug":"branchenubergreifende-expertise-in-ubersetzungsdienstleistungen","status":"publish","type":"page","link":"https:\/\/lsa-global.com\/de\/branchenubergreifende-expertise-in-ubersetzungsdienstleistungen\/","title":{"rendered":"Branchen\u00fcbergreifende \u00dcbersetzungsdienstleistungen: Exzellent und pr\u00e4zise"},"content":{"rendered":"<div data-elementor-type=\"wp-page\" data-elementor-id=\"41860\" class=\"elementor elementor-41860\" data-elementor-post-type=\"page\">\n\t\t\t\t<div class=\"elementor-element elementor-element-5bbeb3ac e-flex e-con-boxed e-con e-parent\" data-id=\"5bbeb3ac\" data-element_type=\"container\" data-e-type=\"container\">\n\t\t\t\t\t<div class=\"e-con-inner\">\n\t\t\t\t<div class=\"elementor-element elementor-element-17eb75a2 elementor-widget elementor-widget-text-editor\" data-id=\"17eb75a2\" data-element_type=\"widget\" data-e-type=\"widget\" data-widget_type=\"text-editor.default\">\n\t\t\t\t\t\t\t\t\t\n<p>Branchen\u00fcbergreifende Kompetenz im Bereich \u00dcbersetzungsdienstleistungen<\/p>\n\n<p>\u00a0<\/p>\n\n<p>Branchen\u00fcbergreifende \u00dcbersetzungskompetenz ist in der heutigen globalisierten Gesch\u00e4ftswelt von entscheidender Bedeutung. Angesichts des zunehmenden Bedarfs an effektiver Kommunikation zwischen verschiedenen Branchen und Kulturen ben\u00f6tigen Unternehmen umfassende Sprachl\u00f6sungen, die ihren spezifischen Anforderungen gerecht werden. Unser Team aus hochqualifizierten \u00dcbersetzern verf\u00fcgt \u00fcber umfassende Erfahrung in einer Vielzahl von Branchen und gew\u00e4hrleistet genaue und kulturell angemessene \u00dcbersetzungen in verschiedenen Sektoren wie Finanzen, Technologie, Gesundheitswesen, Recht und mehr.<\/p>\n\n<p>Da wir die Nuancen und Feinheiten jeder Branche genau kennen, garantieren wir pr\u00e4zise und kontextrelevante \u00dcbersetzungen, die die Professionalit\u00e4t und Glaubw\u00fcrdigkeit Ihrer Inhalte wahren. Vertrauen Sie auf unsere branchen\u00fcbergreifende Expertise bei \u00dcbersetzungsdiensten, um Sprachbarrieren zu \u00fcberwinden und eine nahtlose Kommunikation in einer zunehmend vernetzten Welt zu erm\u00f6glichen.<\/p>\n\n<p>Unser Team aus fachkundigen \u00dcbersetzern hat Erfahrung in der Erstellung hochwertiger \u00dcbersetzungen f\u00fcr die verschiedensten Branchen. Wir wissen, wie wichtig eine pr\u00e4zise und kulturell sensible Kommunikation im heutigen globalen Gesch\u00e4ftsumfeld ist. Ob im Finanz-, Technologie-, Gesundheits-, Rechts- oder anderen Sektoren, wir sorgen f\u00fcr pr\u00e4zise und kontextgerechte \u00dcbersetzungen.<\/p>\n\n<p>With our cross-industry translation services, you can confidently bridge language barriers and facilitate seamless communication in an interconnected world. Our precise and contextually relevant translations uphold the professionalism and credibility of your content across various industries. Trust our expertise to <span style=\"color: #000000;\">overcome language barriers and enable seamless communication in an interconnected world.<\/span><\/p>\n<p><span style=\"color: #000000;\"><\/span><\/p>\n<p><span style=\"color: #000000;\">Unser Team erfahrener \u00dcbersetzer liefert hochwertige \u00dcbersetzungen in den Bereichen Finanzen, Technologie, Gesundheitswesen, Recht und anderen Branchen. Wir wissen, wie wichtig eine pr\u00e4zise und kulturell sensible Kommunikation im heutigen globalen Gesch\u00e4ftsumfeld ist. Mit unseren branchen\u00fcbergreifenden \u00dcbersetzungsdiensten k\u00f6nnen Sie Sprachbarrieren sicher \u00fcberbr\u00fccken und eine reibungslose Kommunikation erm\u00f6glichen.<\/span><\/p>\n<p><span style=\"color: #000000;\"><\/span><\/p>\n<p><span style=\"color: #000000;\">Wie jedes professionelle \u00dcbersetzungsb\u00fcro verf\u00fcgen wir \u00fcber eigene Spezialisierungen in verschiedenen Branchen. LSA.GLOBAL deckt zudem ein breites Spektrum an Branchen und Nischenm\u00e4rkten ab.<\/span><\/p>\n<p><span style=\"color: #000000;\"><\/span><\/p>\n<p><span style=\"color: #000000;\">Umfangreiche \u00dcbersetzungserfahrung in verschiedenen Bereichen.<\/span><br \/><span style=\"color: #000000;\">Unsere umfassende Erfahrung und unser Fachwissen in verschiedenen anspruchsvollen Gesch\u00e4ftsbereichen, von Ingenieurwesen und Finanzen bis hin zu Medien und Reisen, haben uns dazu bef\u00e4higt, auch in vielen anderen Bereichen herausragende Leistungen zu erbringen. Unabh\u00e4ngig von der Branche wenden wir bei allem, was wir tun, konsequent einen strengen Ansatz an, sei es in der Automobilindustrie, im Rechtswesen, im Verlagswesen, im Einzelhandel oder in jedem anderen Bereich. Wir verf\u00fcgen \u00fcber ein tiefes Verst\u00e4ndnis f\u00fcr Ihr Gesch\u00e4ft und sind bestrebt, Ihnen die hochwertigen \u00dcbersetzungsdienste bereitzustellen, die Sie f\u00fcr Ihren Erfolg auf den internationalen M\u00e4rkten ben\u00f6tigen.<\/span><\/p>\n<p><span style=\"color: #000000;\"><\/span><\/p>\n<p><span style=\"color: #000000;\">Flexible translation services.<\/span><br \/><span style=\"color: #000000;\">Wir verf\u00fcgen \u00fcber ein breites Spektrum an F\u00e4higkeiten und Fertigkeiten. Ob Sie mehrsprachige \u00dcbersetzungen, Transkreationen, Lokalisierungen oder k\u00fcnstlerische Arbeiten ben\u00f6tigen, wir sind f\u00fcr Sie da. Genauigkeit ist f\u00fcr jede Sprache und jede Art von Projekt garantiert, egal ob digital oder gedruckt. Wir k\u00f6nnen die Sprachbarrieren beseitigen, auf die Ihr Unternehmen in jedem Sektor und jedem Land st\u00f6\u00dft. Alles, was Sie brauchen, ist der perfekte Partner f\u00fcr Ihre \u00dcbersetzungsagentur.<\/span><\/p>\n<p><span style=\"color: #000000;\"><\/span><\/p>\n<p><span style=\"color: #000000;\">Wir verf\u00fcgen \u00fcber die erforderliche Fachkompetenz, um Sie bei Folgendem zu unterst\u00fctzen:<\/span><br \/><span style=\"color: #000000;\">\u2013 Werbekampagnen<\/span><br \/><span style=\"color: #000000;\">\u2013 Klinische Informationen Dokumentation f\u00fcr klinische Studien<\/span><br \/><span style=\"color: #000000;\">\u2013 Leitf\u00e4den f\u00fcr Verbraucher<\/span><br \/><span style=\"color: #000000;\">\u2013 Pr\u00e4sentationen<\/span><br \/><span style=\"color: #000000;\">\u2013 Online-Einzelhandel<\/span><br \/><span style=\"color: #000000;\">\u2013 Online-Lernen<\/span><br \/><span style=\"color: #000000;\">\u2013 Nutzungsrichtlinien<\/span><br \/><span style=\"color: #000000;\">\u2013 Interne Kommunikation<\/span><br \/><span style=\"color: #000000;\">\u2013 Bedienungsanleitungen und wissenschaftliche Zeitschriften<\/span><br \/><span style=\"color: #000000;\">\u2013 Flie\u00dfend in mehreren Sprachen Suchmaschinenmarketing (SEM)<\/span><br \/><span style=\"color: #000000;\">\u2013 Monographien<\/span><br \/><span style=\"color: #000000;\">\u2013 Verpackung<\/span><br \/><span style=\"color: #000000;\">\u2013 Mitteilungen an die Medien<\/span><br \/><span style=\"color: #000000;\">\u2013 \u00d6ffentliche Informationskampagnen<\/span><br \/><span style=\"color: #000000;\">\u2013 Registrierungsdateien<\/span><br \/><span style=\"color: #000000;\">\u2013 Regulatorische Unterlagen<\/span><br \/><span style=\"color: #000000;\">\u2013 Berichte<\/span><br \/><span style=\"color: #000000;\">\u2013 Akademische Forschungsarbeiten<\/span><br \/><span style=\"color: #000000;\">\u2013 Soziale Medien und Blogs<\/span><br \/><span style=\"color: #000000;\">\u2013 Software f\u00fcr Untertitelung und Voiceover<\/span><br \/><span style=\"color: #000000;\">\u2013 Lehrb\u00fccher<\/span><br \/><span style=\"color: #000000;\">\u2013 Warnhinweise<\/span><br \/><span style=\"color: #000000;\">\u2013 Websites<\/span><br \/><span style=\"color: #000000;\">\u2013 Whitepaper.<\/span><\/p>\n<p><span style=\"color: #000000;\"><\/span><\/p>\n<p><span style=\"color: #000000;\">Zusammenfassend l\u00e4sst sich sagen, dass branchen\u00fcbergreifende \u00dcbersetzungsdienste eine entscheidende Rolle bei der Verbesserung der Kommunikation und des Verst\u00e4ndnisses zwischen verschiedenen Sektoren spielen. Von der Gestaltung \u00fcberzeugender Werbekampagnen bis hin zur Gew\u00e4hrleistung der Klarheit in der Dokumentation klinischer Studien \u00fcberbr\u00fccken diese Dienste sprachliche und kulturelle L\u00fccken. Sie sind unverzichtbar bei der Erstellung informativer Leitf\u00e4den f\u00fcr Verbraucher, der Bereitstellung wirkungsvoller Pr\u00e4sentationen und der Unterst\u00fctzung von Online-Einzelhandels- und Lerninitiativen.<\/span><\/p>\n<p><span style=\"color: #000000;\"><\/span><\/p>\n<p><span style=\"color: #000000;\">Dar\u00fcber hinaus tragen effektive \u00dcbersetzungen von Nutzungsrichtlinien, internen Mitteilungen und Bedienungsanleitungen zur betrieblichen Effizienz und Wissensverbreitung bei. Die F\u00e4higkeit, mehrere Sprachen flie\u00dfend zu beherrschen, erm\u00f6glicht es Unternehmen, Suchmaschinenmarketingstrategien zu optimieren, wissenschaftliche Monographien zu ver\u00f6ffentlichen und pr\u00e4zise Verpackungen und Medienank\u00fcndigungen zu erstellen. Schlie\u00dflich erleichtern branchen\u00fcbergreifende \u00dcbersetzungsdienste nicht nur \u00f6ffentliche Informationskampagnen und verwalten Registrierungsdateien, sondern f\u00f6rdern auch eine st\u00e4rker vernetzte globale Gemeinschaft, wodurch fachkundige \u00dcbersetzungen in der heutigen vielschichtigen Landschaft unverzichtbar werden.<\/span><\/p>\n\t\t\t\t\t\t\t\t<\/div>\n\t\t\t\t<div class=\"elementor-element elementor-element-6f1c86c elementor-widget elementor-widget-heading\" data-id=\"6f1c86c\" data-element_type=\"widget\" data-e-type=\"widget\" data-widget_type=\"heading.default\">\n\t\t\t\t\t<h3 class=\"elementor-heading-title elementor-size-default\">Dar\u00fcber hinausgehen<\/h3>\t\t\t\t<\/div>\n\t\t\t\t<div class=\"elementor-element elementor-element-a0ab4c8 elementor-widget elementor-widget-text-editor\" data-id=\"a0ab4c8\" data-element_type=\"widget\" data-e-type=\"widget\" data-widget_type=\"text-editor.default\">\n\t\t\t\t\t\t\t\t\t<h5><a href=\"https:\/\/lsa-global.com\/de\/deutsche-sprache-lernen\/\"><span style=\"color: #ff0000;\">Kostenloses Angebot<\/span><\/a><\/h5>\t\t\t\t\t\t\t\t<\/div>\n\t\t\t\t<div class=\"elementor-element elementor-element-60424aa elementor-widget elementor-widget-text-editor\" data-id=\"60424aa\" data-element_type=\"widget\" data-e-type=\"widget\" data-widget_type=\"text-editor.default\">\n\t\t\t\t\t\t\t\t\t<h5><a href=\"https:\/\/lsa-global.com\/de\/beitrage\/\"><span style=\"color: #ff0000;\">Weitere Beitr\u00e4ge<\/span><\/a><\/h5>\t\t\t\t\t\t\t\t<\/div>\n\t\t\t\t<div class=\"elementor-element elementor-element-9c1ba53 elementor-widget elementor-widget-text-editor\" data-id=\"9c1ba53\" data-element_type=\"widget\" data-e-type=\"widget\" data-widget_type=\"text-editor.default\">\n\t\t\t\t\t\t\t\t\t<h5><a href=\"https:\/\/lsaglobal-translate.co.uk\/services\/translation-services\/\" target=\"_blank\" rel=\"noopener\"><span style=\"color: #ff0000;\">\u00dcbersetzungsprofi.<\/span><\/a><\/h5>\t\t\t\t\t\t\t\t<\/div>\n\t\t\t\t\t<\/div>\n\t\t\t\t<\/div>\n\t\t\t\t<\/div>","protected":false},"excerpt":{"rendered":"<p>Cross-industry translation services expertise \u00a0 Cross-industry translation services expertise is crucial in today&#8217;s globalized business landscape. With the increasing need&hellip;<\/p>","protected":false},"author":1,"featured_media":36943,"parent":0,"menu_order":0,"comment_status":"closed","ping_status":"closed","template":"","meta":{"jetpack_post_was_ever_published":false,"footnotes":""},"class_list":["post-41860","page","type-page","status-publish","has-post-thumbnail","hentry"],"jetpack_sharing_enabled":true,"jetpack_likes_enabled":true,"jetpack-related-posts":[],"jetpack_shortlink":"https:\/\/wp.me\/PerFda-aTa","_links":{"self":[{"href":"https:\/\/lsa-global.com\/de\/wp-json\/wp\/v2\/pages\/41860","targetHints":{"allow":["GET"]}}],"collection":[{"href":"https:\/\/lsa-global.com\/de\/wp-json\/wp\/v2\/pages"}],"about":[{"href":"https:\/\/lsa-global.com\/de\/wp-json\/wp\/v2\/types\/page"}],"author":[{"embeddable":true,"href":"https:\/\/lsa-global.com\/de\/wp-json\/wp\/v2\/users\/1"}],"replies":[{"embeddable":true,"href":"https:\/\/lsa-global.com\/de\/wp-json\/wp\/v2\/comments?post=41860"}],"version-history":[{"count":0,"href":"https:\/\/lsa-global.com\/de\/wp-json\/wp\/v2\/pages\/41860\/revisions"}],"wp:featuredmedia":[{"embeddable":true,"href":"https:\/\/lsa-global.com\/de\/wp-json\/wp\/v2\/media\/36943"}],"wp:attachment":[{"href":"https:\/\/lsa-global.com\/de\/wp-json\/wp\/v2\/media?parent=41860"}],"curies":[{"name":"wp","href":"https:\/\/api.w.org\/{rel}","templated":true}]}}