{"id":41698,"date":"2024-09-05T10:59:57","date_gmt":"2024-09-05T09:59:57","guid":{"rendered":"https:\/\/lsa-global.com\/?page_id=41698"},"modified":"2025-04-24T13:19:01","modified_gmt":"2025-04-24T12:19:01","slug":"medien-und-unterhaltung","status":"publish","type":"page","link":"https:\/\/lsa-global.com\/de\/medien-und-unterhaltung\/","title":{"rendered":"Medien- und Unterhaltungs\u00fcbersetzung"},"content":{"rendered":"<div data-elementor-type=\"wp-page\" data-elementor-id=\"41698\" class=\"elementor elementor-41698\" data-elementor-post-type=\"page\">\n\t\t\t\t<div class=\"elementor-element elementor-element-5e83429 e-flex e-con-boxed e-con e-parent\" data-id=\"5e83429\" data-element_type=\"container\" data-e-type=\"container\">\n\t\t\t\t\t<div class=\"e-con-inner\">\n\t\t\t\t<div class=\"elementor-element elementor-element-8828221 elementor-widget elementor-widget-heading\" data-id=\"8828221\" data-element_type=\"widget\" data-e-type=\"widget\" data-widget_type=\"heading.default\">\n\t\t\t\t\t<h2 class=\"elementor-heading-title elementor-size-default\">Medien- und Unterhaltungs\u00fcbersetzung<\/h2>\t\t\t\t<\/div>\n\t\t\t\t<div class=\"elementor-element elementor-element-ef48a7c elementor-widget elementor-widget-image\" data-id=\"ef48a7c\" data-element_type=\"widget\" data-e-type=\"widget\" data-widget_type=\"image.default\">\n\t\t\t\t\t\t\t\t\t\t\t\t\t\t\t<img fetchpriority=\"high\" decoding=\"async\" data-attachment-id=\"41719\" data-permalink=\"https:\/\/lsa-global.com\/zh\/%e5%aa%92%e4%bd%93%e5%92%8c%e5%a8%b1%e4%b9%90\/image-14\/\" data-orig-file=\"https:\/\/i0.wp.com\/lsa-global.com\/wp-content\/uploads\/2024\/09\/image-6.png?fit=306%2C165&amp;ssl=1\" data-orig-size=\"306,165\" data-comments-opened=\"0\" data-image-meta=\"{&quot;aperture&quot;:&quot;0&quot;,&quot;credit&quot;:&quot;&quot;,&quot;camera&quot;:&quot;&quot;,&quot;caption&quot;:&quot;&quot;,&quot;created_timestamp&quot;:&quot;0&quot;,&quot;copyright&quot;:&quot;&quot;,&quot;focal_length&quot;:&quot;0&quot;,&quot;iso&quot;:&quot;0&quot;,&quot;shutter_speed&quot;:&quot;0&quot;,&quot;title&quot;:&quot;&quot;,&quot;orientation&quot;:&quot;0&quot;}\" data-image-title=\"Media and entertainment\" data-image-description=\"\" data-image-caption=\"\" data-large-file=\"https:\/\/i0.wp.com\/lsa-global.com\/wp-content\/uploads\/2024\/09\/image-6.png?fit=306%2C165&amp;ssl=1\" width=\"306\" height=\"165\" src=\"https:\/\/i0.wp.com\/lsa-global.com\/wp-content\/uploads\/2024\/09\/image-6.png?fit=306%2C165&amp;ssl=1\" class=\"attachment-large size-large wp-image-41719\" alt=\"Media and entertainment\" srcset=\"https:\/\/i0.wp.com\/lsa-global.com\/wp-content\/uploads\/2024\/09\/image-6.png?w=306&amp;ssl=1 306w, https:\/\/i0.wp.com\/lsa-global.com\/wp-content\/uploads\/2024\/09\/image-6.png?resize=300%2C162&amp;ssl=1 300w, https:\/\/i0.wp.com\/lsa-global.com\/wp-content\/uploads\/2024\/09\/image-6.png?resize=150%2C81&amp;ssl=1 150w\" sizes=\"(max-width: 306px) 100vw, 306px\" title=\"\">\t\t\t\t\t\t\t\t\t\t\t\t\t\t\t<\/div>\n\t\t\t\t<div class=\"elementor-element elementor-element-a89d96e elementor-widget elementor-widget-heading\" data-id=\"a89d96e\" data-element_type=\"widget\" data-e-type=\"widget\" data-widget_type=\"heading.default\">\n\t\t\t\t\t<h3 class=\"elementor-heading-title elementor-size-default\">Medien und Unterhaltung<\/h3>\t\t\t\t<\/div>\n\t\t\t\t<div class=\"elementor-element elementor-element-7c1a828 elementor-widget elementor-widget-text-editor\" data-id=\"7c1a828\" data-element_type=\"widget\" data-e-type=\"widget\" data-widget_type=\"text-editor.default\">\n\t\t\t\t\t\t\t\t\t<p><span style=\"color: #0000ff;\">Medien und Unterhaltung spielen eine zentrale Rolle bei der Gestaltung unserer Gesellschaft und Kultur. Sie dienen als Plattform f\u00fcr Informationsverbreitung, kreativen Ausdruck und kulturellen Austausch. \u00dcber verschiedene Medien wie Fernsehen, Radio, Film und digitale Plattformen versorgen uns Medien mit Nachrichten, Unterhaltung und Bildungsinhalten. Sie haben die Macht, die \u00f6ffentliche Meinung zu beeinflussen und den \u00f6ffentlichen Diskurs zu pr\u00e4gen. Unterhaltung hingegen bietet dem Einzelnen die M\u00f6glichkeit, dem Alltag zu entfliehen, sich zu entspannen und zu vergn\u00fcgen. Sie umfasst ein breites Spektrum an Formen wie Musik, Literatur, Theater und Gaming und deckt unterschiedliche Interessen und Vorlieben ab. Gemeinsam tragen Medien und Unterhaltung ma\u00dfgeblich zu unserem kollektiven Erleben bei, f\u00f6rdern die Vernetzung und spiegeln die sich st\u00e4ndig weiterentwickelnde Natur unserer modernen Welt wider.<\/span><\/p>\n<p>\u00a0<\/p>\n<p><span style=\"color: #0000ff;\">Einheitliche Markenkommunikation, Identit\u00e4t und Tonalit\u00e4t sind f\u00fcr globale Medien- und Unterhaltungsunternehmen entscheidend. LSA.GLOBAL ist die erste Wahl f\u00fcr Medien- und Unterhaltungsmarken weltweit. LSA.GLOBAL \u00dcbersetzung.<\/span><\/p>\t\t\t\t\t\t\t\t<\/div>\n\t\t\t\t<div class=\"elementor-element elementor-element-5ed5c79 elementor-widget elementor-widget-heading\" data-id=\"5ed5c79\" data-element_type=\"widget\" data-e-type=\"widget\" data-widget_type=\"heading.default\">\n\t\t\t\t\t<h3 class=\"elementor-heading-title elementor-size-default\">\u00dcbersetzungsdienste f\u00fcr Medien und Unterhaltung von LSA GLOBAL<\/h3>\t\t\t\t<\/div>\n\t\t\t\t<div class=\"elementor-element elementor-element-7a51593 elementor-widget elementor-widget-text-editor\" data-id=\"7a51593\" data-element_type=\"widget\" data-e-type=\"widget\" data-widget_type=\"text-editor.default\">\n\t\t\t\t\t\t\t\t\t<p><span style=\"color: #0000ff;\">Im digitalen Zeitalter \u00fcberschreiten Medien- und Unterhaltungsinhalte Grenzen schneller denn je. Ob Blockbuster, virale Serie, fesselnder Podcast oder preisgekr\u00f6ntes Videospiel \u2013 die Nachfrage nach professionellen Medien- und Unterhaltungs\u00fcbersetzungen war noch nie so gro\u00df. Wir bei LSA GLOBAL sind spezialisiert auf hochwertige, kulturell differenzierte \u00dcbersetzungen, die auf die globale Medien- und Unterhaltungsbranche zugeschnitten sind.<\/span><\/p>\t\t\t\t\t\t\t\t<\/div>\n\t\t\t\t<div class=\"elementor-element elementor-element-39a919d elementor-widget elementor-widget-heading\" data-id=\"39a919d\" data-element_type=\"widget\" data-e-type=\"widget\" data-widget_type=\"heading.default\">\n\t\t\t\t\t<h3 class=\"elementor-heading-title elementor-size-default\">Warum \u00dcbersetzungen im Medien- und Unterhaltungsbereich wichtig sind<\/h3>\t\t\t\t<\/div>\n\t\t\t\t<div class=\"elementor-element elementor-element-4ede51d elementor-widget elementor-widget-text-editor\" data-id=\"4ede51d\" data-element_type=\"widget\" data-e-type=\"widget\" data-widget_type=\"text-editor.default\">\n\t\t\t\t\t\t\t\t\t<p class=\"\" data-start=\"681\" data-end=\"1069\"><span style=\"color: #0000ff;\">Die Medienlandschaft ist global. Zuschauer weltweit m\u00f6chten Geschichten in ihrer Muttersprache erleben \u2013 ohne dabei den urspr\u00fcnglichen Ton, den Humor, die Dramatik oder die Emotionen zu verlieren. Hier kommt professionelle Unterhaltungs\u00fcbersetzung ins Spiel. Sie stellt sicher, dass Dialoge, Drehb\u00fccher, Untertitel, Voiceovers und Werbematerialien nicht nur \u00fcbersetzt, sondern auch lokalisiert werden, um die Zielgruppe zu erreichen.<\/span><\/p><p class=\"\" data-start=\"1071\" data-end=\"1207\"><span style=\"color: #0000ff;\">Von Fernsehsendungen und Filmen bis hin zu Songtexten, Trailern, Pressemappen und mehr sorgen wir daf\u00fcr, dass Ihre Inhalte eine emotionale und kulturelle Verbindung herstellen.<\/span><\/p>\t\t\t\t\t\t\t\t<\/div>\n\t\t\t\t<div class=\"elementor-element elementor-element-3de231e elementor-widget elementor-widget-heading\" data-id=\"3de231e\" data-element_type=\"widget\" data-e-type=\"widget\" data-widget_type=\"heading.default\">\n\t\t\t\t\t<h3 class=\"elementor-heading-title elementor-size-default\">Unsere Medien\u00fcbersetzungsdienste<\/h3>\t\t\t\t<\/div>\n\t\t\t\t<div class=\"elementor-element elementor-element-a0f7671 elementor-widget elementor-widget-text-editor\" data-id=\"a0f7671\" data-element_type=\"widget\" data-e-type=\"widget\" data-widget_type=\"text-editor.default\">\n\t\t\t\t\t\t\t\t\t<p class=\"\" data-start=\"1244\" data-end=\"1342\"><span style=\"color: #0000ff;\">Bei LSA GLOBAL, unsere <strong><span style=\"color: #333300;\">Medien\u00fcbersetzungsl\u00f6sungen<\/span><\/strong> decken ein breites Spektrum an Inhaltstypen ab, darunter:<\/span><\/p><ul data-start=\"1344\" data-end=\"2173\"><li class=\"\" data-start=\"1344\" data-end=\"1484\"><p class=\"\" data-start=\"1346\" data-end=\"1484\"><span style=\"color: #0000ff;\"><strong><span style=\"color: #333300;\">Untertitelung und Beschriftung<\/span><\/strong>: Pr\u00e4zise, zeitgerechte und kulturell relevante Untertitel f\u00fcr Filme, Dokumentationen, Shows und Online-Videos.<\/span><\/p><\/li><li class=\"\" data-start=\"1485\" data-end=\"1600\"><p class=\"\" data-start=\"1487\" data-end=\"1600\"><span style=\"color: #0000ff;\"><strong><span style=\"color: #333300;\">Voiceover und Synchron\u00fcbersetzung:<\/span> <\/strong>Lippensynchronisationsf\u00e4hige Skripte und Audio, adaptiert von professionellen Muttersprachlern.<\/span><\/p><\/li><li class=\"\" data-start=\"1601\" data-end=\"1742\"><p class=\"\" data-start=\"1603\" data-end=\"1742\"><span style=\"color: #0000ff;\"><strong><span style=\"color: #333300;\">Drehbuch- und Skript\u00fcbersetzung<\/span><\/strong>: Von Produktionsstudios f\u00fcr die Bewahrung von Ton, Charakterentwicklung und Dialogauthentizit\u00e4t gesch\u00e4tzt.<\/span><\/p><\/li><li class=\"\" data-start=\"1743\" data-end=\"1879\"><p class=\"\" data-start=\"1745\" data-end=\"1879\"><span style=\"color: #0000ff;\"><strong><span style=\"color: #333300;\">Spiellokalisierung:<\/span><\/strong> Vollst\u00e4ndige Adaption von Videospielen, einschlie\u00dflich Dialogen, Anweisungen, Grafiktexten und kulturellen Referenzen.<\/span><\/p><\/li><li class=\"\" data-start=\"1880\" data-end=\"2042\"><p class=\"\" data-start=\"1882\" data-end=\"2042\"><span style=\"color: #0000ff;\"><strong><span style=\"color: #333300;\">Soziale Medien und digitale Kampagnen:<\/span> <\/strong>Transkreation von Inhalten f\u00fcr Plattformen wie YouTube, TikTok, Instagram und Facebook, um sicherzustellen, dass Ihre Botschaft richtig ankommt.<\/span><\/p><\/li><li class=\"\" data-start=\"2043\" data-end=\"2173\"><p class=\"\" data-start=\"2045\" data-end=\"2173\"><span style=\"color: #0000ff;\"><strong><span style=\"color: #000000;\">Inhalte der Streaming-Plattform:<\/span><\/strong> Netflix, Amazon Prime, YouTube Originals und andere verlassen sich auf die Bereitstellung in mehreren Sprachen \u2013 das k\u00f6nnen Sie auch.<\/span><\/p><\/li><\/ul>\t\t\t\t\t\t\t\t<\/div>\n\t\t\t\t<div class=\"elementor-element elementor-element-87ef673 elementor-widget elementor-widget-heading\" data-id=\"87ef673\" data-element_type=\"widget\" data-e-type=\"widget\" data-widget_type=\"heading.default\">\n\t\t\t\t\t<h3 class=\"elementor-heading-title elementor-size-default\">Mehrsprachige Experten f\u00fcr die Kreativbranche<\/h3>\t\t\t\t<\/div>\n\t\t\t\t<div class=\"elementor-element elementor-element-6d982d3 elementor-widget elementor-widget-text-editor\" data-id=\"6d982d3\" data-element_type=\"widget\" data-e-type=\"widget\" data-widget_type=\"text-editor.default\">\n\t\t\t\t\t\t\t\t\t<p class=\"\" data-start=\"2226\" data-end=\"2532\"><span style=\"color: #0000ff;\">Unser Team besteht aus Linguisten mit Erfahrung in den Bereichen Medien, Kino und kreative K\u00fcnste. So stellen wir sicher, dass jedes \u00dcbersetzungsprojekt nicht nur sprachlich korrekt, sondern auch kulturell umfassend ist. Wir vermitteln Ihnen \u00dcbersetzer, die sich mit branchenspezifischer Terminologie und Erz\u00e4hltechniken auskennen.<\/span><\/p><p class=\"\" data-start=\"2534\" data-end=\"2694\"><span style=\"color: #0000ff;\">Wir bieten derzeit Dienstleistungen in <a href=\"https:\/\/lsa-global.com\/de\/preise-und-bedingungen-fur-ubersetzungen\/\"><strong><span style=\"color: #000000;\">\u00fcber 50 Sprachen<\/span><\/strong>,<\/a> darunter Englisch, Franz\u00f6sisch, Spanisch, Arabisch, Deutsch, Japanisch, Koreanisch, Mandarin, Portugiesisch und viele mehr.<\/span><\/p>\t\t\t\t\t\t\t\t<\/div>\n\t\t\t\t<div class=\"elementor-element elementor-element-295f6fc elementor-widget elementor-widget-heading\" data-id=\"295f6fc\" data-element_type=\"widget\" data-e-type=\"widget\" data-widget_type=\"heading.default\">\n\t\t\t\t\t<h3 class=\"elementor-heading-title elementor-size-default\">Schnelle Bearbeitung, vertraulich und skalierbar<\/h3>\t\t\t\t<\/div>\n\t\t\t\t<div class=\"elementor-element elementor-element-e20447a elementor-widget elementor-widget-text-editor\" data-id=\"e20447a\" data-element_type=\"widget\" data-e-type=\"widget\" data-widget_type=\"text-editor.default\">\n\t\t\t\t\t\t\t\t\t<p><span style=\"color: #0000ff;\">Ob Sie eine schnelle \u00dcbersetzung f\u00fcr einen Kurzfilm oder eine komplette Kampagneneinf\u00fchrung in \u00fcber 10 Sprachen ben\u00f6tigen, LSA GLOBAL verf\u00fcgt \u00fcber die<\/span> <span style=\"color: #0000ff;\">Technologie, Talent und Bearbeitungszeit sind entscheidend f\u00fcr die Umsetzung. Alle Projekte unterliegen strengen Vertraulichkeitsprotokollen und werden bei Bedarf durch Geheimhaltungsvereinbarungen abgesichert.<\/span><\/p>\t\t\t\t\t\t\t\t<\/div>\n\t\t\t\t<div class=\"elementor-element elementor-element-f33ea38 elementor-widget elementor-widget-heading\" data-id=\"f33ea38\" data-element_type=\"widget\" data-e-type=\"widget\" data-widget_type=\"heading.default\">\n\t\t\t\t\t<h3 class=\"elementor-heading-title elementor-size-default\">Steigern Sie Ihre globale Reichweite durch \u00dcbersetzungen im Unterhaltungsbereich<\/h3>\t\t\t\t<\/div>\n\t\t\t\t<div class=\"elementor-element elementor-element-3fafbf0 elementor-widget elementor-widget-text-editor\" data-id=\"3fafbf0\" data-element_type=\"widget\" data-e-type=\"widget\" data-widget_type=\"text-editor.default\">\n\t\t\t\t\t\t\t\t\t<p><span style=\"color: #0000ff;\">Durch die \u00dcbersetzung Ihrer Medieninhalte mit LSA GLOBAL erweitern Sie nicht nur Ihre Reichweite, sondern lassen die Welt an Ihrer Geschichte teilhaben. Unsere ma\u00dfgeschneiderten \u00dcbersetzungsstrategien unterst\u00fctzen Content-Ersteller, Produzenten, Verlage und Studios dabei, regional zu expandieren und gleichzeitig k\u00fcnstlerische Integrit\u00e4t und kulturelle Relevanz zu wahren.<\/span><\/p>\t\t\t\t\t\t\t\t<\/div>\n\t\t\t\t<div class=\"elementor-element elementor-element-49330ef elementor-widget elementor-widget-heading\" data-id=\"49330ef\" data-element_type=\"widget\" data-e-type=\"widget\" data-widget_type=\"heading.default\">\n\t\t\t\t\t<h3 class=\"elementor-heading-title elementor-size-default\">Konzentriert bleiben<\/h3>\t\t\t\t<\/div>\n\t\t\t\t<div class=\"elementor-element elementor-element-83c3712 elementor-widget elementor-widget-text-editor\" data-id=\"83c3712\" data-element_type=\"widget\" data-e-type=\"widget\" data-widget_type=\"text-editor.default\">\n\t\t\t\t\t\t\t\t\t<p><span style=\"color: #0000ff;\">Unabh\u00e4ngig von Ort und Sprache ist stets ein einheitlicher Tonfall erforderlich. Unsere \u00dcbersetzer f\u00fcr Medien und Unterhaltung sind nicht nur erfahrene Branchenexperten, sondern auch Experten darin, den gew\u00fcnschten Tonfall zu treffen.<\/span><\/p>\n<p>\u00a0<\/p>\n<p><span style=\"color: #0000ff;\">Wir legen gr\u00f6\u00dften Wert auf die emotionale Reaktion Ihres Publikums und stellen sicher, dass diese genau Ihren W\u00fcnschen entspricht. Mit unserer Expertise in \u00dcbersetzung, Lokalisierung und Transkreation sorgen wir daf\u00fcr, dass Ihre gew\u00fcnschte Wirkung, Bedeutung und Botschaft in verschiedenen Kulturen Anklang findet.<\/span><\/p>\t\t\t\t\t\t\t\t<\/div>\n\t\t\t\t<div class=\"elementor-element elementor-element-df2924d elementor-widget elementor-widget-heading\" data-id=\"df2924d\" data-element_type=\"widget\" data-e-type=\"widget\" data-widget_type=\"heading.default\">\n\t\t\t\t\t<h3 class=\"elementor-heading-title elementor-size-default\">Gesch\u00e4ftsorientiert<\/h3>\t\t\t\t<\/div>\n\t\t\t\t<div class=\"elementor-element elementor-element-23394ac elementor-widget elementor-widget-text-editor\" data-id=\"23394ac\" data-element_type=\"widget\" data-e-type=\"widget\" data-widget_type=\"text-editor.default\">\n\t\t\t\t\t\t\t\t\t<p><span style=\"color: #0000ff;\">\u00dcbersetzungs- und Produktionspl\u00e4ne in der Medienbranche k\u00f6nnen recht anspruchsvoll sein. Wir stellen Ihnen jedoch ein flexibles \u00dcbersetzungsteam zusammen, das Ihren Anforderungen gerecht wird. Wir haben jemanden, der die Dringlichkeit eines knappen Drucktermins versteht und stets p\u00fcnktlich liefert.<\/span><\/p>\t\t\t\t\t\t\t\t<\/div>\n\t\t\t\t<div class=\"elementor-element elementor-element-631ca36 elementor-widget elementor-widget-heading\" data-id=\"631ca36\" data-element_type=\"widget\" data-e-type=\"widget\" data-widget_type=\"heading.default\">\n\t\t\t\t\t<h3 class=\"elementor-heading-title elementor-size-default\">Abschluss<\/h3>\t\t\t\t<\/div>\n\t\t\t\t<div class=\"elementor-element elementor-element-3bc23d8 elementor-widget elementor-widget-text-editor\" data-id=\"3bc23d8\" data-element_type=\"widget\" data-e-type=\"widget\" data-widget_type=\"text-editor.default\">\n\t\t\t\t\t\t\t\t\t<p>\u00a0<\/p><p><span style=\"color: #0000ff;\">Zusammenfassend l\u00e4sst sich sagen, dass die \u00dcbersetzung von Medien und Unterhaltung eine wichtige Br\u00fccke zwischen verschiedenen Kulturen und Zielgruppen darstellt und den globalen Austausch von Ideen und Geschichten erm\u00f6glicht. Angesichts der stetigen Weiterentwicklung der Branche kann die Bedeutung pr\u00e4ziser und kultursensibler \u00dcbersetzungen nicht genug betont werden. Sie bewahrt nicht nur die urspr\u00fcngliche Absicht des Inhalts, sondern verbessert auch das Zuschauererlebnis und f\u00f6rdert ein tieferes Verst\u00e4ndnis und eine tiefere Wertsch\u00e4tzung unterschiedlicher Erz\u00e4hlungen. Als Medienkonsumenten ist es unerl\u00e4sslich, die Bem\u00fchungen anzuerkennen und zu unterst\u00fctzen, Unterhaltung einem breiteren Publikum zug\u00e4nglich zu machen und so unsere gemeinsame Kulturlandschaft zu bereichern.<\/span><\/p><p><a href=\"https:\/\/lsa-global.com\/de\/fordern-sie-ein-kostenloses-angebot-an-lsa-global\/\"><strong data-start=\"3398\" data-end=\"3439\"><span style=\"color: #000000;\">Bereit, Ihr Medienprojekt zu lokalisieren?<\/span><\/strong><\/a><br data-start=\"3439\" data-end=\"3442\" \/><span style=\"color: #0000ff;\">Kontaktieren Sie LSA GLOBAL noch heute und fordern Sie eine kostenlose Beratung zu Ihrem \u00dcbersetzungsbedarf im Bereich Medien und Unterhaltung an.<\/span><\/p>\t\t\t\t\t\t\t\t<\/div>\n\t\t\t\t\t<\/div>\n\t\t\t\t<\/div>\n\t\t<div class=\"elementor-element elementor-element-7ad22ab e-flex e-con-boxed e-con e-parent\" data-id=\"7ad22ab\" data-element_type=\"container\" data-e-type=\"container\">\n\t\t\t\t\t<div class=\"e-con-inner\">\n\t\t\t\t<div class=\"elementor-element elementor-element-28a75df elementor-widget elementor-widget-heading\" data-id=\"28a75df\" data-element_type=\"widget\" data-e-type=\"widget\" data-widget_type=\"heading.default\">\n\t\t\t\t\t<h3 class=\"elementor-heading-title elementor-size-default\">Dar\u00fcber hinausgehen<\/h3>\t\t\t\t<\/div>\n\t\t\t\t<div class=\"elementor-element elementor-element-7c87b50 elementor-widget elementor-widget-text-editor\" data-id=\"7c87b50\" data-element_type=\"widget\" data-e-type=\"widget\" data-widget_type=\"text-editor.default\">\n\t\t\t\t\t\t\t\t\t<h5><span style=\"color: #0000ff;\"><a style=\"color: #0000ff;\" href=\"https:\/\/lsa-global.com\/de\/preise-und-bedingungen-fur-ubersetzungen\/\">Preispl\u00e4ne und mehr<\/a><\/span><\/h5>\t\t\t\t\t\t\t\t<\/div>\n\t\t\t\t<div class=\"elementor-element elementor-element-5dfad2b elementor-widget elementor-widget-text-editor\" data-id=\"5dfad2b\" data-element_type=\"widget\" data-e-type=\"widget\" data-widget_type=\"text-editor.default\">\n\t\t\t\t\t\t\t\t\t<h5><span style=\"color: #0000ff;\"><a style=\"color: #0000ff;\" href=\"https:\/\/lsa-global.com\/de\/beitrage\/\">Weitere Beitr\u00e4ge<\/a><\/span><\/h5>\t\t\t\t\t\t\t\t<\/div>\n\t\t\t\t<div class=\"elementor-element elementor-element-e3cb44e elementor-widget elementor-widget-text-editor\" data-id=\"e3cb44e\" data-element_type=\"widget\" data-e-type=\"widget\" data-widget_type=\"text-editor.default\">\n\t\t\t\t\t\t\t\t\t<h5><span style=\"color: #0000ff;\"><a style=\"color: #0000ff;\" href=\"https:\/\/lsaglobal-translate.co.uk\/services\/translation-services\/\" target=\"_blank\" rel=\"noopener\">\u00dcbersetzungsprofi.<\/a><\/span><\/h5>\t\t\t\t\t\t\t\t<\/div>\n\t\t\t\t<div class=\"elementor-element elementor-element-32cc70a elementor-widget elementor-widget-text-editor\" data-id=\"32cc70a\" data-element_type=\"widget\" data-e-type=\"widget\" data-widget_type=\"text-editor.default\">\n\t\t\t\t\t\t\t\t\t<h4 style=\"font-family: Montserrat, sans-serif; font-size: 1.6429em; line-height: 1.3043em; margin-top: 1.9565em; margin-bottom: 1.0435em; letter-spacing: -0.3px; color: #1d1d1d;\"><a href=\"https:\/\/lsaglobal-translate.co.uk\/\" target=\"_blank\" rel=\"noopener\"><span style=\"color: #0000ff;\">Weitere Informationen finden Sie auf der Website von LSAGLOBAL-Translate<\/span><\/a><\/h4>\t\t\t\t\t\t\t\t<\/div>\n\t\t\t\t\t<\/div>\n\t\t\t\t<\/div>\n\t\t\t\t<\/div>","protected":false},"excerpt":{"rendered":"<p>Media and Entertainment Translation Media and Entertainment Media and Entertainment play a pivotal role in shaping our society and culture.&hellip;<\/p>","protected":false},"author":1,"featured_media":41719,"parent":0,"menu_order":0,"comment_status":"closed","ping_status":"closed","template":"","meta":{"jetpack_post_was_ever_published":false,"footnotes":""},"class_list":["post-41698","page","type-page","status-publish","has-post-thumbnail","hentry"],"jetpack_sharing_enabled":true,"jetpack_likes_enabled":true,"jetpack-related-posts":[],"jetpack_shortlink":"https:\/\/wp.me\/PerFda-aQy","_links":{"self":[{"href":"https:\/\/lsa-global.com\/de\/wp-json\/wp\/v2\/pages\/41698","targetHints":{"allow":["GET"]}}],"collection":[{"href":"https:\/\/lsa-global.com\/de\/wp-json\/wp\/v2\/pages"}],"about":[{"href":"https:\/\/lsa-global.com\/de\/wp-json\/wp\/v2\/types\/page"}],"author":[{"embeddable":true,"href":"https:\/\/lsa-global.com\/de\/wp-json\/wp\/v2\/users\/1"}],"replies":[{"embeddable":true,"href":"https:\/\/lsa-global.com\/de\/wp-json\/wp\/v2\/comments?post=41698"}],"version-history":[{"count":0,"href":"https:\/\/lsa-global.com\/de\/wp-json\/wp\/v2\/pages\/41698\/revisions"}],"wp:featuredmedia":[{"embeddable":true,"href":"https:\/\/lsa-global.com\/de\/wp-json\/wp\/v2\/media\/41719"}],"wp:attachment":[{"href":"https:\/\/lsa-global.com\/de\/wp-json\/wp\/v2\/media?parent=41698"}],"curies":[{"name":"wp","href":"https:\/\/api.w.org\/{rel}","templated":true}]}}