{"id":41689,"date":"2024-09-04T20:41:15","date_gmt":"2024-09-04T19:41:15","guid":{"rendered":"https:\/\/lsa-global.com\/?page_id=41689"},"modified":"2025-04-24T13:08:33","modified_gmt":"2025-04-24T12:08:33","slug":"ubersetzungen-im-gesundheitswesen","status":"publish","type":"page","link":"https:\/\/lsa-global.com\/de\/ubersetzungen-im-gesundheitswesen\/","title":{"rendered":"\u00dcbersetzungen im Gesundheitswesen"},"content":{"rendered":"<div data-elementor-type=\"wp-page\" data-elementor-id=\"41689\" class=\"elementor elementor-41689\" data-elementor-post-type=\"page\">\n\t\t\t\t<div class=\"elementor-element elementor-element-22cf88a e-flex e-con-boxed e-con e-parent\" data-id=\"22cf88a\" data-element_type=\"container\" data-e-type=\"container\">\n\t\t\t\t\t<div class=\"e-con-inner\">\n\t\t\t\t<div class=\"elementor-element elementor-element-4db346f elementor-widget elementor-widget-heading\" data-id=\"4db346f\" data-element_type=\"widget\" data-e-type=\"widget\" data-widget_type=\"heading.default\">\n\t\t\t\t\t<h2 class=\"elementor-heading-title elementor-size-default\">\u00dcbersetzungen im Gesundheitswesen<\/h2>\t\t\t\t<\/div>\n\t\t\t\t<div class=\"elementor-element elementor-element-292a647c elementor-widget elementor-widget-text-editor\" data-id=\"292a647c\" data-element_type=\"widget\" data-e-type=\"widget\" data-widget_type=\"text-editor.default\">\n\t\t\t\t\t\t\t\t\t\n<p>\u00a0<\/p>\n\n<figure class=\"wp-block-image size-full\"><img fetchpriority=\"high\" decoding=\"async\" width=\"281\" height=\"180\" data-attachment-id=\"41690\" data-permalink=\"https:\/\/lsa-global.com\/de\/ubersetzungen-im-gesundheitswesen\/image-13\/\" data-orig-file=\"https:\/\/i0.wp.com\/lsa-global.com\/wp-content\/uploads\/2024\/09\/image-5.png?fit=281%2C180&amp;ssl=1\" data-orig-size=\"281,180\" data-comments-opened=\"0\" data-image-meta=\"{&quot;aperture&quot;:&quot;0&quot;,&quot;credit&quot;:&quot;&quot;,&quot;camera&quot;:&quot;&quot;,&quot;caption&quot;:&quot;&quot;,&quot;created_timestamp&quot;:&quot;0&quot;,&quot;copyright&quot;:&quot;&quot;,&quot;focal_length&quot;:&quot;0&quot;,&quot;iso&quot;:&quot;0&quot;,&quot;shutter_speed&quot;:&quot;0&quot;,&quot;title&quot;:&quot;&quot;,&quot;orientation&quot;:&quot;0&quot;}\" data-image-title=\"Healthcare Translation\" data-image-description=\"\" data-image-caption=\"\" data-large-file=\"https:\/\/i0.wp.com\/lsa-global.com\/wp-content\/uploads\/2024\/09\/image-5.png?fit=281%2C180&amp;ssl=1\" data-recalc-dims=\"1\" class=\"wp-image-41690\" src=\"https:\/\/i0.wp.com\/lsa-global.com\/wp-content\/uploads\/2024\/09\/image-5.png?w=1280&#038;ssl=1\" alt=\"medical translation\" title=\"\" srcset=\"https:\/\/i0.wp.com\/lsa-global.com\/wp-content\/uploads\/2024\/09\/image-5.png?w=281&amp;ssl=1 281w, https:\/\/i0.wp.com\/lsa-global.com\/wp-content\/uploads\/2024\/09\/image-5.png?resize=150%2C96&amp;ssl=1 150w\" sizes=\"(max-width: 281px) 100vw, 281px\" \/><figcaption><\/figcaption><\/figure>\n\n<p>Healthcare Translation;<\/p>\n\n<p>Bei LSA.GLOBAL Translation wissen wir, wie wichtig eigene Erfahrung ist, und verf\u00fcgen \u00fcber umfassende Fachkenntnisse in der Bereitstellung medizinischer \u00dcbersetzungsdienste h\u00f6chster Qualit\u00e4t.<\/p>\n\n<p>Was sind \u00dcbersetzungsdienste f\u00fcr Medizin und Gesundheitswesen?<\/p>\n\n<p>\u00dcbersetzungsdienste im medizinischen und gesundheitsbezogenen Bereich umfassen die \u00dcbersetzung und Interpretation einer Vielzahl medizinischer Informationen, wie z. B. Marketingmaterialien (einschlie\u00dflich Websites), Dokumente zu klinischen Studien, medizinische Monographien, Forschungsarbeiten und Verhaltenskodizes. Medizinische \u00dcbersetzungsagenturen arbeiten mit \u00f6ffentlichen und privaten Medizinunternehmen, Gesundheitseinrichtungen, Wohlt\u00e4tigkeitsorganisationen, Organisationen und globalen Pharmakonzernen zusammen.<\/p>\n\n<p>Die Medizin ist eine globale Branche mit klinischen Studien, Konferenzen, Networking und anderen wichtigen Veranstaltungen in zahlreichen L\u00e4ndern. Es ist wichtig, dass medizinisches Fachpersonal und Mitarbeiter im Gesundheitswesen schriftliche, Audio- und Videokommunikation zu Themen wie Arzneimittelmonografien, Marketingmaterialien, E-Learning-Materialien und vielem mehr verstehen k\u00f6nnen.<\/p>\n\n<p>Wir sind f\u00fcr die Erstellung medizinischer \u00dcbersetzungen zertifiziert<\/p>\n\n<p>F\u00fcr globale Unternehmen des Gesundheitswesens, die hochmoderne Arzneimittel und medizinische Ger\u00e4te herstellen, ist pr\u00e4zise \u00dcbersetzungsqualit\u00e4t unerl\u00e4sslich. Bei LSA.GLOBAL Translation wissen wir, wie wichtig direkte Erfahrung ist, und verf\u00fcgen \u00fcber umfassende Expertise f\u00fcr die Bereitstellung hochwertiger \u00dcbersetzungsdienste im Gesundheitswesen.<\/p>\n\n<p>Unsere \u00dcbersetzer sind nicht nur professionelle \u00dcbersetzer, sondern verf\u00fcgen auch \u00fcber eine Qualifikation in einer verwandten technischen Disziplin und haben in der Gesundheitsbranche gearbeitet, sei es in den Bereichen Medizin, Pharmazie oder Medizintechnik.<\/p>\n\n<p>Wir wissen, dass Medizin und Gesundheitswesen \u00e4u\u00dferst sensible Bereiche sind. Unsere professionellen medizinischen \u00dcbersetzer befolgen strenge Verfahren, um unseren Kunden einen sicheren und gleichbleibend hochwertigen Service zu gew\u00e4hrleisten.<\/p>\n\n<p>Sorgf\u00e4ltige \u00dcbersetzung<\/p>\n\n<p>Die globale Reichweite von Pharma- und Medizintechnikunternehmen sowie der Bedarf an komplexen Produktunterst\u00fctzungs- und Marketingmaterialien erfordern nat\u00fcrlich erhebliche Investitionen in \u00dcbersetzungen. Und wie bei jeder gr\u00f6\u00dferen Ausgabe ist das Preis-Leistungs-Verh\u00e4ltnis entscheidend.<\/p>\n\n<p>Deshalb optimiert LSA.GLOBAL seine \u00dcbersetzungs-Workflows, damit sie sich nahtlos in Ihre Verwaltungsprozesse einf\u00fcgen, Ihnen Zeit und Aufwand sparen und jede Art von \u00dcbersetzung im Gesundheitswesen so effizient wie m\u00f6glich gestalten \u2013 ohne Kompromisse bei der \u00dcbersetzungsqualit\u00e4t. Seien Sie beruhigt.<\/p>\n\n<p>Vertraulichkeit gew\u00e4hrleistet<\/p>\n\n<p>Wie in jedem anderen dynamischen, innovationsgetriebenen Gesch\u00e4ftsbereich hat die Vertraulichkeit auch in unserer Arbeit im Gesundheitswesen h\u00f6chste Priorit\u00e4t, sei es bei \u00dcbersetzungen f\u00fcr Pharmaunternehmen oder f\u00fcr Hersteller medizinischer Ger\u00e4te.<\/p>\n\n<p>Unabh\u00e4ngig von Ihren Anforderungen an die Datensicherheit gew\u00e4hrleistet LSA.GLOBAL Translation stets die vollst\u00e4ndige Einhaltung. Vertrauen Sie uns, wir sch\u00fctzen Ihre Daten.<\/p>\n\n<p>Unsere zertifizierten medizinischen \u00dcbersetzungsdienste decken Folgendes ab \u2026<\/p>\n\n<p>Medizinische \u00dcbersetzungen decken ein breites Spektrum an Branchen und Fachgebieten ab. Zu den Bereichen, die unter dem Begriff \u201emedizinische \u00dcbersetzung\u201c zusammengefasst werden, geh\u00f6ren Forschungsdokumente, Marketingmaterialien, Produktinformationen zu Medizinprodukten und vieles mehr. Unsere Fach\u00fcbersetzer verf\u00fcgen \u00fcber umfassende Branchenerfahrung und decken ein breites Spektrum an medizinbezogenen Materialien ab, darunter:<\/p>\n\n<p>Werbekampagnen<\/p>\n\n<p>Klinische Bedeutung<\/p>\n\n<p>Dokumentation klinischer Studien<\/p>\n\n<p>Verbraucherleitf\u00e4den<\/p>\n\n<p>Detailhilfen<\/p>\n\n<p>E-Commerce<\/p>\n\n<p>E-Learning<\/p>\n\n<p>Gebrauchsanweisung<\/p>\n\n<p>Interne Kommunikation<\/p>\n\n<p>Handb\u00fccher und Zeitschriften<\/p>\n\n<p>Mehrsprachiges SEM<\/p>\n\n<p>Medizinische Artikel<\/p>\n\n<p>Medizinische Frageb\u00f6gen<\/p>\n\n<p>Medizinische Transkription<\/p>\n\n<p>Medizinische Schulungspr\u00e4sentationen<\/p>\n\n<p>Monographien<\/p>\n\n<p>Verpackung<\/p>\n\n<p>Pressemitteilungen<\/p>\n\n<p>\u00d6ffentliche Informationskampagnen<\/p>\n\n<p>Registrierungsdossiers<\/p>\n\n<p>Regulatorische Dokumentation<\/p>\n\n<p>Berichte<\/p>\n\n<p>Wissenschaftliche Publikationen<\/p>\n\n<p>Soziale Medien\/Blogs<\/p>\n\n<p>Software<\/p>\n\n<p>Lehrb\u00fccher<\/p>\n\n<p>Warnhinweise<\/p>\n\n<p>Websites und mobile Sites<\/p>\n\n<p>Whitepaper<\/p>\n\n<p>Warum sollten Sie uns f\u00fcr Ihre \u00dcbersetzungsbed\u00fcrfnisse im Gesundheitswesen w\u00e4hlen?<\/p>\n\n<p>\u00dcber 1000 Kunden vertrauen uns f\u00fcr hochwertige Fach\u00fcbersetzungen<\/p>\n\n<p>Sorgf\u00e4ltiges Korrekturlesen f\u00fcr Konsistenz und Genauigkeit<\/p>\n\n<p>Fachspezialisten bearbeiten jedes Projekt separat und effizient<\/p>\n\n<p>Qualit\u00e4tskontrollverfahren f\u00fcr die h\u00f6chsten Standards der Branche<\/p>\n\n<p>Strenge Datenschutzma\u00dfnahmen zum Schutz der Vertraulichkeit Ihrer Dokumente und Aufzeichnungen<\/p>\n\n<p>Wir freuen uns \u00fcber Ihre Anfrage und freuen uns auf Ihre Kontaktaufnahme. Rufen Sie uns unter +44 737 846 1403 an oder schreiben Sie uns eine E-Mail an infos@lsaglobal-translate.co.uk. Einer unserer Mitarbeiter beantwortet Ihre Anfrage gerne. F\u00fcr einen Kostenvoranschlag f\u00fcr unsere medizinischen \u00dcbersetzungsdienste f\u00fcllen Sie bitte unser kostenloses Angebotsformular auf unserer Website aus und erhalten Sie sofort ein Angebot.<\/p>\n\n<p>Wir verf\u00fcgen \u00fcber umfassende Erfahrung im medizinischen Bereich und im Umgang mit sensiblen medizinischen und gesundheitsbezogenen Dokumenten. Wir wissen, wie wichtig Vertraulichkeit bei medizinischen Dokumenten ist, und stellen sicher, dass unsere Sicherheitsverfahren h\u00f6chsten Standards entsprechen und die Erwartungen unserer Kunden \u00fcbertreffen. Unsere \u00dcbersetzer sind auf verschiedene Fachgebiete im Bereich Medizin und Gesundheitswesen spezialisiert. Das bedeutet, dass sie die Feinheiten und Details des Themas verstehen und \u00dcbersetzungen erstellen. Neben unserer Genauigkeit und Effizienz sind wir zug\u00e4nglich, freundlich und arbeiten eng mit Ihnen zusammen, um Ihre Bed\u00fcrfnisse zu ermitteln, eine Frist zu vereinbaren und beides stets einzuhalten.<\/p>\n\t\t\t\t\t\t\t\t<\/div>\n\t\t\t\t\t<\/div>\n\t\t\t\t<\/div>\n\t\t<div class=\"elementor-element elementor-element-d5b7410 e-flex e-con-boxed e-con e-parent\" data-id=\"d5b7410\" data-element_type=\"container\" data-e-type=\"container\">\n\t\t\t\t\t<div class=\"e-con-inner\">\n\t\t\t\t<div class=\"elementor-element elementor-element-923a9fd elementor-widget elementor-widget-heading\" data-id=\"923a9fd\" data-element_type=\"widget\" data-e-type=\"widget\" data-widget_type=\"heading.default\">\n\t\t\t\t\t<h3 class=\"elementor-heading-title elementor-size-default\">Dar\u00fcber hinausgehen<\/h3>\t\t\t\t<\/div>\n\t\t\t\t<div class=\"elementor-element elementor-element-29e0a8d elementor-widget elementor-widget-text-editor\" data-id=\"29e0a8d\" data-element_type=\"widget\" data-e-type=\"widget\" data-widget_type=\"text-editor.default\">\n\t\t\t\t\t\t\t\t\t<h5><a href=\"https:\/\/lsa-global.com\/de\/preise-und-bedingungen-fur-ubersetzungen\/\"><span style=\"color: #ff0000;\">Preispl\u00e4ne und mehr<\/span><\/a><\/h5>\t\t\t\t\t\t\t\t<\/div>\n\t\t\t\t<div class=\"elementor-element elementor-element-dc11cad elementor-widget elementor-widget-text-editor\" data-id=\"dc11cad\" data-element_type=\"widget\" data-e-type=\"widget\" data-widget_type=\"text-editor.default\">\n\t\t\t\t\t\t\t\t\t<h5><a href=\"https:\/\/lsa-global.com\/de\/beitrage\/\"><span style=\"color: #ff0000;\">Weitere Beitr\u00e4ge<\/span><\/a><\/h5>\t\t\t\t\t\t\t\t<\/div>\n\t\t\t\t<div class=\"elementor-element elementor-element-c12a1eb elementor-widget elementor-widget-text-editor\" data-id=\"c12a1eb\" data-element_type=\"widget\" data-e-type=\"widget\" data-widget_type=\"text-editor.default\">\n\t\t\t\t\t\t\t\t\t<h5><a href=\"https:\/\/lsaglobal-translate.co.uk\/services\/translation-services\/\" target=\"_blank\" rel=\"noopener\"><span style=\"color: #ff0000;\">\u00dcbersetzungsprofi.<\/span><\/a><\/h5>\t\t\t\t\t\t\t\t<\/div>\n\t\t\t\t<div class=\"elementor-element elementor-element-4a3b209 elementor-widget elementor-widget-text-editor\" data-id=\"4a3b209\" data-element_type=\"widget\" data-e-type=\"widget\" data-widget_type=\"text-editor.default\">\n\t\t\t\t\t\t\t\t\t<h4><span style=\"color: #000080;\"><span style=\"color: #ff0000;\">Weitere Informationen finden Sie auf der Website von LSAGLOBAL-Translate<\/span><\/span><\/h4>\t\t\t\t\t\t\t\t<\/div>\n\t\t\t\t\t<\/div>\n\t\t\t\t<\/div>\n\t\t\t\t<\/div>","protected":false},"excerpt":{"rendered":"<p>Healthcare Translation \u00a0 Healthcare Translation; At LSA.GLOBAL Translation we understand the importance of direct experience and have considerable expertise in&hellip;<\/p>","protected":false},"author":1,"featured_media":41690,"parent":0,"menu_order":0,"comment_status":"closed","ping_status":"closed","template":"","meta":{"jetpack_post_was_ever_published":false,"footnotes":""},"class_list":["post-41689","page","type-page","status-publish","has-post-thumbnail","hentry"],"jetpack_sharing_enabled":true,"jetpack_likes_enabled":true,"jetpack-related-posts":[],"jetpack_shortlink":"https:\/\/wp.me\/PerFda-aQp","_links":{"self":[{"href":"https:\/\/lsa-global.com\/de\/wp-json\/wp\/v2\/pages\/41689","targetHints":{"allow":["GET"]}}],"collection":[{"href":"https:\/\/lsa-global.com\/de\/wp-json\/wp\/v2\/pages"}],"about":[{"href":"https:\/\/lsa-global.com\/de\/wp-json\/wp\/v2\/types\/page"}],"author":[{"embeddable":true,"href":"https:\/\/lsa-global.com\/de\/wp-json\/wp\/v2\/users\/1"}],"replies":[{"embeddable":true,"href":"https:\/\/lsa-global.com\/de\/wp-json\/wp\/v2\/comments?post=41689"}],"version-history":[{"count":0,"href":"https:\/\/lsa-global.com\/de\/wp-json\/wp\/v2\/pages\/41689\/revisions"}],"wp:featuredmedia":[{"embeddable":true,"href":"https:\/\/lsa-global.com\/de\/wp-json\/wp\/v2\/media\/41690"}],"wp:attachment":[{"href":"https:\/\/lsa-global.com\/de\/wp-json\/wp\/v2\/media?parent=41689"}],"curies":[{"name":"wp","href":"https:\/\/api.w.org\/{rel}","templated":true}]}}