{"id":41670,"date":"2024-09-04T19:18:20","date_gmt":"2024-09-04T18:18:20","guid":{"rendered":"https:\/\/lsa-global.com\/?page_id=41670"},"modified":"2025-04-25T15:38:10","modified_gmt":"2025-04-25T14:38:10","slug":"ubersetzungsdienste-fur-ingenieurwesen-und-fertigung","status":"publish","type":"page","link":"https:\/\/lsa-global.com\/de\/ubersetzungsdienste-fur-ingenieurwesen-und-fertigung\/","title":{"rendered":"Engineering und Fertigung"},"content":{"rendered":"<div data-elementor-type=\"wp-page\" data-elementor-id=\"41670\" class=\"elementor elementor-41670\" data-elementor-post-type=\"page\">\n\t\t\t\t<div class=\"elementor-element elementor-element-1f49a16d e-flex e-con-boxed e-con e-parent\" data-id=\"1f49a16d\" data-element_type=\"container\" data-e-type=\"container\">\n\t\t\t\t\t<div class=\"e-con-inner\">\n\t\t\t\t<div class=\"elementor-element elementor-element-6d6f764 elementor-widget elementor-widget-heading\" data-id=\"6d6f764\" data-element_type=\"widget\" data-e-type=\"widget\" data-widget_type=\"heading.default\">\n\t\t\t\t\t<h2 class=\"elementor-heading-title elementor-size-default\">Sprachdienstleistungen f\u00fcr Ingenieurwesen und Fertigung<\/h2>\t\t\t\t<\/div>\n\t\t\t\t<div class=\"elementor-element elementor-element-d68a1d4 elementor-widget elementor-widget-heading\" data-id=\"d68a1d4\" data-element_type=\"widget\" data-e-type=\"widget\" data-widget_type=\"heading.default\">\n\t\t\t\t\t<h6 class=\"elementor-heading-title elementor-size-default\">Engineering und Fertigung<\/h6>\t\t\t\t<\/div>\n\t\t\t\t<div class=\"elementor-element elementor-element-b6dad13 elementor-widget elementor-widget-image\" data-id=\"b6dad13\" data-element_type=\"widget\" data-e-type=\"widget\" data-widget_type=\"image.default\">\n\t\t\t\t\t\t\t\t\t\t\t\t\t\t\t<img decoding=\"async\" data-attachment-id=\"41672\" data-permalink=\"https:\/\/lsa-global.com\/pt\/servicos-de-traducao-de-engenharia-e-manufatura\/engineering-manufacturing-2\/\" data-orig-file=\"https:\/\/i0.wp.com\/lsa-global.com\/wp-content\/uploads\/2024\/09\/Engineering-Manufacturing-1.png?fit=310%2C162&amp;ssl=1\" data-orig-size=\"310,162\" data-comments-opened=\"0\" data-image-meta=\"{&quot;aperture&quot;:&quot;0&quot;,&quot;credit&quot;:&quot;&quot;,&quot;camera&quot;:&quot;&quot;,&quot;caption&quot;:&quot;&quot;,&quot;created_timestamp&quot;:&quot;0&quot;,&quot;copyright&quot;:&quot;&quot;,&quot;focal_length&quot;:&quot;0&quot;,&quot;iso&quot;:&quot;0&quot;,&quot;shutter_speed&quot;:&quot;0&quot;,&quot;title&quot;:&quot;&quot;,&quot;orientation&quot;:&quot;0&quot;}\" data-image-title=\"Engineering &amp;#038; Manufacturing\" data-image-description=\"\" data-image-caption=\"\" data-medium-file=\"https:\/\/i0.wp.com\/lsa-global.com\/wp-content\/uploads\/2024\/09\/Engineering-Manufacturing-1.png?fit=300%2C157&amp;ssl=1\" data-large-file=\"https:\/\/i0.wp.com\/lsa-global.com\/wp-content\/uploads\/2024\/09\/Engineering-Manufacturing-1.png?fit=310%2C162&amp;ssl=1\" width=\"300\" height=\"157\" src=\"https:\/\/i0.wp.com\/lsa-global.com\/wp-content\/uploads\/2024\/09\/Engineering-Manufacturing-1.png?fit=300%2C157&amp;ssl=1\" class=\"attachment-medium size-medium wp-image-41672\" alt=\"Engineering &amp; Manufacturing\" srcset=\"https:\/\/i0.wp.com\/lsa-global.com\/wp-content\/uploads\/2024\/09\/Engineering-Manufacturing-1.png?w=310&amp;ssl=1 310w, https:\/\/i0.wp.com\/lsa-global.com\/wp-content\/uploads\/2024\/09\/Engineering-Manufacturing-1.png?resize=300%2C157&amp;ssl=1 300w, https:\/\/i0.wp.com\/lsa-global.com\/wp-content\/uploads\/2024\/09\/Engineering-Manufacturing-1.png?resize=150%2C78&amp;ssl=1 150w\" sizes=\"(max-width: 300px) 100vw, 300px\" title=\"\">\t\t\t\t\t\t\t\t\t\t\t\t\t\t\t<\/div>\n\t\t\t\t<div class=\"elementor-element elementor-element-ecc77bf elementor-widget elementor-widget-text-editor\" data-id=\"ecc77bf\" data-element_type=\"widget\" data-e-type=\"widget\" data-widget_type=\"text-editor.default\">\n\t\t\t\t\t\t\t\t\t<p><span style=\"color: #0000ff;\">Pr\u00e4zision und Konsistenz sind f\u00fcr Ingenieur- und Fertigungsunternehmen von entscheidender Bedeutung. Dies gilt sowohl f\u00fcr die \u00dcbersetzung technischer Dokumente und Verkaufsmaterialien als auch f\u00fcr die \u00dcbersetzung des Produkts selbst.<\/span><\/p>\n<p><!-- \/wp:paragraph --><!-- wp:paragraph --><\/p>\n<p><strong><span style=\"color: #0000ff;\">Ingenieure, die Fachbegriffe \u00fcbersetzen<\/span><\/strong><\/p>\n<p><!-- \/wp:paragraph --><!-- wp:paragraph --><\/p>\n<p><span style=\"color: #0000ff;\">Die Fachsprache im Ingenieurwesen und in der Fertigung ist gepr\u00e4gt von zahlreichen Fachbegriffen, Ausdr\u00fccken und l\u00e4nderspezifischen Besonderheiten. Ihr \u00dcbersetzer kann Ihnen nicht die erforderliche Genauigkeit liefern, wenn er diese nicht alle versteht. Deshalb sind die \u00dcbersetzer von LSA.GLOBAL nicht nur professionelle \u00dcbersetzer aus dem gleichen Land, sondern auch in Ihrem spezifischen Fachgebiet geschult und erfahren. Sie wissen, was sie \u00fcbersetzen, und machen es gleich beim ersten Mal richtig.<\/span><\/p>\n<p><!-- \/wp:paragraph --><!-- wp:paragraph --><\/p>\n<p><strong><span style=\"color: #0000ff;\">In deinem Stil<\/span><\/strong><\/p>\n<p><!-- \/wp:paragraph --><!-- wp:paragraph --><\/p>\n<p><span style=\"color: #0000ff;\">Jeder hat seinen eigenen Schreibstil. Daher ist es wichtig, dass Ihre \u00dcbersetzung im Bereich Ingenieurwesen oder Fertigung die globale Identit\u00e4t und Pers\u00f6nlichkeit Ihres Unternehmens widerspiegelt, unabh\u00e4ngig von der Sprache. Senden Sie uns einen Beispieltext. Wir stellen Ihnen Testversionen verschiedener professioneller \u00dcbersetzer des LSA.GLOBAL Translation-Netzwerks zur Verf\u00fcgung. Wir helfen Ihnen, die passende \u00dcbersetzung zu finden.<\/span><\/p>\n<p class=\"\" data-start=\"397\" data-end=\"448\"><strong><span style=\"color: #0000ff;\">Verwalten Sie Ihr LSA GLOBAL-Portal mit Zuversicht<\/span><\/strong><\/p>\n<p class=\"\" data-start=\"450\" data-end=\"730\"><span style=\"color: #0000ff;\">Bei LSA GLOBAL kennen wir die besonderen Sprachanforderungen der Ingenieur- und Fertigungsindustrie. Von komplexer technischer Dokumentation und Sicherheitsprotokollen bis hin zu Schulungsmaterialien, Compliance-Handb\u00fcchern und Produktspezifikationen \u2013 pr\u00e4zise Sprachdienstleistungen sind entscheidend.<\/span><\/p>\n<p class=\"\" data-start=\"732\" data-end=\"985\"><span style=\"color: #0000ff;\">Egal, ob Sie ein weltweit exportierender Hersteller, ein Ingenieurb\u00fcro, ein technischer \u00dcbersetzer oder ein auf Industriesektoren spezialisierter Sprachstudent sind, Ihr privates Konto bei LSA GLOBAL ist Ihre Schaltzentrale f\u00fcr alles.<\/span><\/p>\n<p class=\"\" data-start=\"987\" data-end=\"1139\"><span style=\"color: #0000ff;\">Willkommen beim Engineering &amp; Manufacturing Profile Portal \u2013 einem Bereich, der Ihre Ziele unterst\u00fctzt, Genauigkeit gew\u00e4hrleistet und f\u00fcr Klarheit in jeder Sprache sorgt.<\/span><\/p>\n<p><strong><span style=\"color: #0000ff;\">Effektiv<\/span><\/strong><\/p>\n<p><!-- \/wp:paragraph --><!-- wp:paragraph --><\/p>\n<p><span style=\"color: #0000ff;\">Qualit\u00e4t und Geschwindigkeit sind im \u00dcbersetzungsprozess von entscheidender Bedeutung, genau wie in jedem anderen Ingenieur- oder Fertigungsbereich. LSA.GLOBAL ist ISO 9001-zertifiziert. Sprach\u00fcbersetzung spart Zeit und h\u00e4lt Kosten niedrig. Sichere und effiziente \u00dcbersetzungsprozesse steigern die Leistung. Fachw\u00f6rterb\u00fccher werden st\u00e4ndig erweitert, und dynamische \u00dcbersetzungsdatens\u00e4tze optimieren den Prozess kontinuierlich. Wie eine gut ge\u00f6lte Maschine.<\/span><\/p>\t\t\t\t\t\t\t\t<\/div>\n\t\t\t\t<div class=\"elementor-element elementor-element-6a6bc09 elementor-widget elementor-widget-heading\" data-id=\"6a6bc09\" data-element_type=\"widget\" data-e-type=\"widget\" data-widget_type=\"heading.default\">\n\t\t\t\t\t<h3 class=\"elementor-heading-title elementor-size-default\">Weiter gehen<\/h3>\t\t\t\t<\/div>\n\t\t\t\t<div class=\"elementor-element elementor-element-70ee437 elementor-widget elementor-widget-text-editor\" data-id=\"70ee437\" data-element_type=\"widget\" data-e-type=\"widget\" data-widget_type=\"text-editor.default\">\n\t\t\t\t\t\t\t\t\t<h5><a href=\"https:\/\/lsa-global.com\/de\/deutsche-sprache-lernen\/\"><span style=\"color: #ff0000;\">Kostenloses Angebot<\/span><\/a><\/h5>\t\t\t\t\t\t\t\t<\/div>\n\t\t\t\t<div class=\"elementor-element elementor-element-5e2e700 elementor-widget elementor-widget-text-editor\" data-id=\"5e2e700\" data-element_type=\"widget\" data-e-type=\"widget\" data-widget_type=\"text-editor.default\">\n\t\t\t\t\t\t\t\t\t<h5><a href=\"https:\/\/lsa-global.com\/de\/beitrage\/\"><span style=\"color: #ff0000;\">Weitere Beitr\u00e4ge<\/span><\/a><\/h5>\t\t\t\t\t\t\t\t<\/div>\n\t\t\t\t<div class=\"elementor-element elementor-element-74540d1 elementor-widget elementor-widget-text-editor\" data-id=\"74540d1\" data-element_type=\"widget\" data-e-type=\"widget\" data-widget_type=\"text-editor.default\">\n\t\t\t\t\t\t\t\t\t<h5><a href=\"https:\/\/lsaglobal-translate.co.uk\/services\/translation-services\/\" target=\"_blank\" rel=\"noopener\"><span style=\"color: #ff0000;\">\u00dcbersetzungsprofi.<\/span><\/a><\/h5>\t\t\t\t\t\t\t\t<\/div>\n\t\t\t\t\t<\/div>\n\t\t\t\t<\/div>\n\t\t\t\t<\/div>","protected":false},"excerpt":{"rendered":"<p>Engineering and Manufacturing Language Services Engineering and Manufacturing Precision and consistency are very important to engineering and manufacturing businesses. This&hellip;<\/p>","protected":false},"author":1,"featured_media":41672,"parent":0,"menu_order":0,"comment_status":"closed","ping_status":"closed","template":"","meta":{"jetpack_post_was_ever_published":false,"footnotes":""},"class_list":["post-41670","page","type-page","status-publish","has-post-thumbnail","hentry"],"jetpack_sharing_enabled":true,"jetpack_likes_enabled":true,"jetpack-related-posts":[],"jetpack_shortlink":"https:\/\/wp.me\/PerFda-aQ6","_links":{"self":[{"href":"https:\/\/lsa-global.com\/de\/wp-json\/wp\/v2\/pages\/41670","targetHints":{"allow":["GET"]}}],"collection":[{"href":"https:\/\/lsa-global.com\/de\/wp-json\/wp\/v2\/pages"}],"about":[{"href":"https:\/\/lsa-global.com\/de\/wp-json\/wp\/v2\/types\/page"}],"author":[{"embeddable":true,"href":"https:\/\/lsa-global.com\/de\/wp-json\/wp\/v2\/users\/1"}],"replies":[{"embeddable":true,"href":"https:\/\/lsa-global.com\/de\/wp-json\/wp\/v2\/comments?post=41670"}],"version-history":[{"count":0,"href":"https:\/\/lsa-global.com\/de\/wp-json\/wp\/v2\/pages\/41670\/revisions"}],"wp:featuredmedia":[{"embeddable":true,"href":"https:\/\/lsa-global.com\/de\/wp-json\/wp\/v2\/media\/41672"}],"wp:attachment":[{"href":"https:\/\/lsa-global.com\/de\/wp-json\/wp\/v2\/media?parent=41670"}],"curies":[{"name":"wp","href":"https:\/\/api.w.org\/{rel}","templated":true}]}}