{"id":36414,"date":"2024-04-04T20:57:52","date_gmt":"2024-04-04T19:57:52","guid":{"rendered":"https:\/\/lsa-global.com\/login\/"},"modified":"2025-06-24T18:35:45","modified_gmt":"2025-06-24T17:35:45","slug":"cookie-richtlinie-lsa-global","status":"publish","type":"page","link":"https:\/\/lsa-global.com\/de\/cookie-richtlinie-lsa-global\/","title":{"rendered":"Cookie-Richtlinie"},"content":{"rendered":"<div data-elementor-type=\"wp-page\" data-elementor-id=\"36414\" class=\"elementor elementor-36414\" data-elementor-post-type=\"page\">\n\t\t\t\t<div class=\"elementor-element elementor-element-200315b5 e-flex e-con-boxed e-con e-parent\" data-id=\"200315b5\" data-element_type=\"container\" data-e-type=\"container\">\n\t\t\t\t\t<div class=\"e-con-inner\">\n\t\t\t\t<div class=\"elementor-element elementor-element-30d9b183 elementor-widget elementor-widget-text-editor\" data-id=\"30d9b183\" data-element_type=\"widget\" data-e-type=\"widget\" data-widget_type=\"text-editor.default\">\n\t\t\t\t\t\t\t\t\t<div class=\"wp-block-image\">\n<figure class=\"aligncenter size-full\"><img fetchpriority=\"high\" decoding=\"async\" width=\"1024\" height=\"512\" data-attachment-id=\"36458\" data-permalink=\"https:\/\/lsa-global.com\/de\/cookie-richtlinie-lsa-global\/cookie-policy-2\/\" data-orig-file=\"https:\/\/i0.wp.com\/lsa-global.com\/wp-content\/uploads\/2024\/04\/cookie-policy.jpg?fit=1024%2C512&amp;ssl=1\" data-orig-size=\"1024,512\" data-comments-opened=\"0\" data-image-meta=\"{&quot;aperture&quot;:&quot;0&quot;,&quot;credit&quot;:&quot;&quot;,&quot;camera&quot;:&quot;&quot;,&quot;caption&quot;:&quot;&quot;,&quot;created_timestamp&quot;:&quot;0&quot;,&quot;copyright&quot;:&quot;&quot;,&quot;focal_length&quot;:&quot;0&quot;,&quot;iso&quot;:&quot;0&quot;,&quot;shutter_speed&quot;:&quot;0&quot;,&quot;title&quot;:&quot;&quot;,&quot;orientation&quot;:&quot;1&quot;}\" data-image-title=\"cookie-policy\" data-image-description=\"&lt;p&gt;Cookie policy&lt;\/p&gt;\" data-image-caption=\"\" data-large-file=\"https:\/\/i0.wp.com\/lsa-global.com\/wp-content\/uploads\/2024\/04\/cookie-policy.jpg?fit=1024%2C512&amp;ssl=1\" data-recalc-dims=\"1\" class=\"wp-image-36458\" src=\"https:\/\/i0.wp.com\/lsa-global.com\/wp-content\/uploads\/2024\/04\/cookie-policy.jpg?w=1280&#038;ssl=1\" alt=\"Cookie-Richtlinie\" title=\"\" srcset=\"https:\/\/i0.wp.com\/lsa-global.com\/wp-content\/uploads\/2024\/04\/cookie-policy.jpg?w=1024&amp;ssl=1 1024w, https:\/\/i0.wp.com\/lsa-global.com\/wp-content\/uploads\/2024\/04\/cookie-policy.jpg?resize=300%2C150&amp;ssl=1 300w, https:\/\/i0.wp.com\/lsa-global.com\/wp-content\/uploads\/2024\/04\/cookie-policy.jpg?resize=150%2C75&amp;ssl=1 150w, https:\/\/i0.wp.com\/lsa-global.com\/wp-content\/uploads\/2024\/04\/cookie-policy.jpg?resize=768%2C384&amp;ssl=1 768w, https:\/\/i0.wp.com\/lsa-global.com\/wp-content\/uploads\/2024\/04\/cookie-policy.jpg?resize=370%2C185&amp;ssl=1 370w, https:\/\/i0.wp.com\/lsa-global.com\/wp-content\/uploads\/2024\/04\/cookie-policy.jpg?resize=760%2C380&amp;ssl=1 760w\" sizes=\"(max-width: 1024px) 100vw, 1024px\" \/><\/figure>\n<\/div>\n<p>Cookie-Richtlinie<\/p>\n\n<p>Aktualisiert am 06.04.2024<\/p>\n\n<p>Cookie-Richtlinien: <strong>Definitionen und Schl\u00fcsselbegriffe<\/strong><\/p>\n\n<p>Um die Dinge in dieser Cookie-Richtlinie so klar wie m\u00f6glich zu erkl\u00e4ren, werden diese Begriffe bei jeder Erw\u00e4hnung streng wie folgt definiert:<\/p>\n\n<p>\u00a0 -Cookie:\u00a0small amount of data generated by a website and saved by your web browser. It is used to identify your browser, provide analytics, remember information about you such as your language preference or login information.<\/p>\n\n<p>\u00a0 -Unternehmen: Wenn in dieser Richtlinie \u201eUnternehmen\u201c, \u201ewir\u201c, \u201euns\u201c oder \u201eunser\u201c erw\u00e4hnt wird, bezieht sich dies auf LSA.GLOBAL Language Service Academy, das gem\u00e4\u00df dieser Cookie-Richtlinie f\u00fcr Ihre Daten verantwortlich ist.<\/p>\n\n<p>\u00a0 -Device:\u00a0any internet connected device such as a phone, tablet, computer or any other device that can be used to visit LSA.GLOBAL Language Service Academy and use the services.<\/p>\n\n<p>\u00a0 -Personenbezogene Daten: alle Informationen, die direkt, indirekt oder in Verbindung mit weiteren Informationen \u2013 einschlie\u00dflich einer pers\u00f6nlichen Identifikationsnummer \u2013 die Identifizierung oder Identifizierbarkeit einer nat\u00fcrlichen Person erm\u00f6glichen.<\/p>\n\n<p>\u00a0 -Service: bezieht sich auf den von LSA.GLOBAL Language Service Academy bereitgestellten Service, wie in den entsprechenden Bedingungen (sofern verf\u00fcgbar) und auf dieser Plattform beschrieben.<\/p>\n\n<p>\u00a0 -Third-party service:\u00a0refers to advertisers, contest sponsors, promotional and marketing partners, and others who provide our content or whose products or services we think may interest you.<\/p>\n\n<p>\u00a0 -Website: Die Site von \u201eLSA.GLOBAL Language Service Academy.\u201c kann \u00fcber diese URL aufgerufen werden: lsaglobal-translate.co.uk<\/p>\n\n<p>\u00a0 -Sie: eine nat\u00fcrliche oder juristische Person, die bei LSA.GLOBAL Language Service Academy f\u00fcr die Nutzung der Dienste registriert ist.<\/p>\n\n<p>Cookie-Richtlinien: <strong>Einf\u00fchrung<\/strong><\/p>\n\n<p>Diese Cookie-Richtlinie erl\u00e4utert, wie LSA.GLOBAL Language Service Academy und seine Partner (zusammen \u201eLSA.GLOBAL Language Service Academy\u201c, \u201ewir\u201c, \u201euns\u201c und \u201eunser\u201c) Cookies und \u00e4hnliche Technologien verwenden, um Sie wiederzuerkennen, wenn Sie unsere Website besuchen, einschlie\u00dflich, aber nicht beschr\u00e4nkt auf lsaglobal-translate.co.uk und alle zugeh\u00f6rigen URLs, mobilen oder lokalisierten Versionen und zugeh\u00f6rigen Dom\u00e4nen\/Subdom\u00e4nen (\u201eWebsites\u201c). Sie erl\u00e4utert, was diese Technologien sind und warum wir sie verwenden, sowie die M\u00f6glichkeiten, wie Sie sie kontrollieren k\u00f6nnen.<\/p>\n\n<p>Was ist ein Cookie?<\/p>\n\n<p>Ein Cookie ist eine kleine Textdatei, die auf Ihrem Computer oder einem anderen mit dem Internet verbundenen Ger\u00e4t gespeichert wird, um Ihren Browser zu identifizieren, Analysen durchzuf\u00fchren und Informationen \u00fcber Sie wie Ihre Spracheinstellungen oder Anmeldeinformationen zu speichern. Cookies sind absolut sicher und k\u00f6nnen nicht zum Ausf\u00fchren von Programmen oder zum \u00dcbertragen von Viren auf Ihr Ger\u00e4t verwendet werden.<\/p>\n\n<p><strong>Warum verwenden wir Cookies?<\/strong><\/p>\n\n<p>Wir verwenden Erstanbieter- und\/oder Drittanbieter-Cookies auf unserer Website f\u00fcr verschiedene Zwecke, beispielsweise:<\/p>\n\n<p>\u00a0 - Um den Betrieb und die Funktionalit\u00e4t unserer Website zu erleichtern;<\/p>\n\n<p>\u00a0 - Um Ihr Erlebnis auf unserer Website zu verbessern und die Navigation auf ihnen schneller und einfacher zu machen;<\/p>\n\n<p>\u00a0 - Damit wir Ihnen ein ma\u00dfgeschneidertes Benutzererlebnis bieten und verstehen k\u00f6nnen, was f\u00fcr Sie n\u00fctzlich oder interessant ist;<\/p>\n\n<p>\u00a0 -Um zu analysieren, wie unsere Website genutzt wird und wie wir sie optimal anpassen k\u00f6nnen;<\/p>\n\n<p>\u00a0 -Um zuk\u00fcnftige Interessenten zu identifizieren und damit Marketing- und Verkaufsinteraktionen zu personalisieren;<\/p>\n\n<p>\u00a0 - Um die Anpassung von Online-Werbung an Ihre Interessen zu erleichtern.<\/p>\n\n<p>Welche Art von Cookies verwendet LSA.GLOBAL Language Service Academy?<\/p>\n\n<p>Cookies k\u00f6nnen entweder Sitzungscookies oder dauerhafte Cookies sein. Ein Sitzungscookie verf\u00e4llt automatisch, wenn Sie Ihren Browser schlie\u00dfen. Ein dauerhaftes Cookie bleibt bestehen, bis es abl\u00e4uft oder Sie Ihre Cookies l\u00f6schen. Ablaufdaten werden in den Cookies selbst festgelegt; einige k\u00f6nnen nach ein paar Minuten ablaufen, w\u00e4hrend andere nach mehreren Jahren ablaufen k\u00f6nnen. Cookies, die von der von Ihnen besuchten Website platziert werden, werden als \u201eErstanbieter-Cookies\u201c bezeichnet.<\/p>\n\n<p>Unbedingt erforderliche Cookies sind f\u00fcr das Funktionieren unserer Website erforderlich und k\u00f6nnen in unseren Systemen nicht deaktiviert werden. Sie sind unbedingt erforderlich, damit Sie auf der Website navigieren und ihre Funktionen nutzen k\u00f6nnen. Wenn Sie diese Cookies entfernen oder deaktivieren, k\u00f6nnen wir nicht garantieren, dass Sie unsere Website nutzen k\u00f6nnen.<\/p>\n\n<p>Wir verwenden auf unserer Website die folgenden Arten von Cookies:<\/p>\n\n<p><strong>Haftungsausschluss f\u00fcr Fehler und Auslassungen<\/strong><\/p>\n\n<p>LSA.GLOBAL Language Service Academy ist nicht f\u00fcr Inhalte, Code oder sonstige Ungenauigkeiten verantwortlich.<\/p>\n\n<p>LSA.GLOBAL Language Service Academy \u00fcbernimmt keine Gew\u00e4hrleistungen oder Garantien.<\/p>\n\n<p>LSA.GLOBAL Language Service Academy haftet in keinem Fall f\u00fcr spezielle, direkte, indirekte, Folge- oder Nebensch\u00e4den oder Sch\u00e4den jeglicher Art, sei es aufgrund von Vertragsverletzung, Fahrl\u00e4ssigkeit oder anderen unerlaubten Handlungen, die aus der Nutzung des Dienstes oder der Inhalte des Dienstes entstehen oder damit in Zusammenhang stehen. LSA.GLOBAL Language Service Academy beh\u00e4lt sich das Recht vor, die Inhalte des Dienstes jederzeit und ohne vorherige Ank\u00fcndigung zu erg\u00e4nzen, zu l\u00f6schen oder zu \u00e4ndern.<\/p>\n\n<p><strong>Allgemeiner Haftungsausschluss<\/strong><\/p>\n\n<p>Der LSA.GLOBAL Language Service Academy-Dienst und seine Inhalte werden \u201ewie besehen\u201c und \u201ewie verf\u00fcgbar\u201c ohne jegliche ausdr\u00fcckliche oder stillschweigende Garantie oder Zusicherung jeglicher Art bereitgestellt. LSA.GLOBAL Language Service Academy ist ein Verteiler und kein Herausgeber der von Dritten bereitgestellten Inhalte; als solcher \u00fcbt LSA.GLOBAL Language Service Academy keine redaktionelle Kontrolle \u00fcber diese Inhalte aus und \u00fcbernimmt keine Garantie oder Zusicherung hinsichtlich der Genauigkeit, Zuverl\u00e4ssigkeit oder Aktualit\u00e4t von Informationen, Inhalten, Diensten oder Waren, die \u00fcber den LSA.GLOBAL Language Service Academy-Dienst bereitgestellt werden oder \u00fcber diesen zug\u00e4nglich sind.<\/p>\n\n<p>Unbeschadet des Vorstehenden lehnt LSA.GLOBAL Language Service Academy ausdr\u00fccklich alle Gew\u00e4hrleistungen und Zusicherungen in Bezug auf s\u00e4mtliche Inhalte ab, die \u00fcber den LSA.GLOBAL Language Service Academy-Dienst oder in Verbindung mit diesem \u00fcbertragen werden, oder auf Websites, die als Links auf dem LSA.GLOBAL Language Service Academy-Dienst erscheinen k\u00f6nnen, oder in Bezug auf die Produkte, die als Teil des LSA.GLOBAL Language Service Academy-Dienstes oder anderweitig in Verbindung mit diesem bereitgestellt werden, einschlie\u00dflich, aber nicht beschr\u00e4nkt auf Gew\u00e4hrleistungen hinsichtlich der Marktg\u00e4ngigkeit, Eignung f\u00fcr einen bestimmten Zweck oder Nichtverletzung der Rechte Dritter.<\/p>\n\n<p>M\u00fcndliche Ratschl\u00e4ge oder schriftliche Informationen von LSA.GLOBAL Language Service Academy oder seinen verbundenen Unternehmen, Mitarbeitern, leitenden Angestellten, Direktoren, Vertretern oder dergleichen stellen keine Garantie dar. Preis- und Verf\u00fcgbarkeitsinformationen k\u00f6nnen ohne Vorank\u00fcndigung ge\u00e4ndert werden. Ohne Einschr\u00e4nkung des Vorstehenden \u00fcbernimmt LSA.GLOBAL Language Service Academy keine Garantie daf\u00fcr, dass der LSA.GLOBAL Language Service Academy-Dienst ununterbrochen, unverf\u00e4lscht, zeitgerecht oder fehlerfrei bereitgestellt wird.<\/p>\n\n<p><strong>Notwendige Cookies<\/strong><\/p>\n\n<p>Wir verwenden unbedingt erforderliche Cookies, damit unsere Website funktioniert. Diese Cookies sind unbedingt erforderlich, um grundlegende Funktionen wie Sicherheit, Netzwerkverwaltung, Ihre Cookie-Einstellungen und Barrierefreiheit zu erm\u00f6glichen. Ohne sie k\u00f6nnten Sie grundlegende Dienste nicht nutzen. Sie k\u00f6nnen diese in Ihren Browsereinstellungen deaktivieren, dies kann jedoch die Funktionsweise der Websites beeintr\u00e4chtigen.<\/p>\n\n<p>Leistungs- und Funktions-Cookies<\/p>\n\n<p>Diese Cookies werden verwendet, um die Leistung und Funktionalit\u00e4t unserer Website zu verbessern, sind jedoch f\u00fcr deren Nutzung nicht unbedingt erforderlich. Ohne diese Cookies stehen Ihnen jedoch m\u00f6glicherweise bestimmte Funktionen wie Videos nicht zur Verf\u00fcgung oder Sie m\u00fcssen bei jedem Besuch der Website Ihre Anmeldedaten erneut eingeben, da wir uns nicht daran erinnern k\u00f6nnen, dass Sie sich zuvor angemeldet haben.<\/p>\n\n<p>Cookies f\u00fcr Marketingzwecke<\/p>\n\n<p>Diese kontobasierten Marketing-Cookies erm\u00f6glichen es uns, zuk\u00fcnftige Interessenten zu identifizieren und Verkaufs- und Marketinginteraktionen mit ihnen zu personalisieren.<\/p>\n\n<p><strong>Analyse- und Anpassungs-Cookies<\/strong><\/p>\n\n<p>Diese Cookies sammeln Informationen, die uns helfen zu verstehen, wie unsere Website genutzt wird oder wie effektiv unsere Marketingkampagnen sind, oder die uns helfen, unsere Website f\u00fcr Sie anzupassen.<\/p>\n\n<p>We use cookies served by Google Analytics to collect limited data directly from end-user browsers to enable us to better understand your use of our website. Further information on how Google collects and uses this data can be found at:\u00a0https:\/\/www.google.com\/policies\/privacy\/partners\/. You can opt-out of all Google supported analytics on our Websites by visiting:\u00a0https:\/\/tools.google.com\/dlpage\/gaoptout.<\/p>\n\n<p>Werbe-Cookies<\/p>\n\n<p>Diese Cookies sammeln im Laufe der Zeit Informationen \u00fcber Ihre Online-Aktivit\u00e4ten auf der Website und anderen Online-Diensten, um Online-Werbung f\u00fcr Sie relevanter und effektiver zu gestalten. Dies wird als interessenbasierte Werbung bezeichnet. Sie erf\u00fcllen auch Funktionen wie die Verhinderung der wiederholten Anzeige derselben Anzeige und die Sicherstellung, dass Anzeigen f\u00fcr Werbetreibende richtig angezeigt werden. Ohne Cookies ist es f\u00fcr einen Werbetreibenden sehr schwierig, sein Publikum zu erreichen oder zu wissen, wie viele Anzeigen gezeigt und wie viele Klicks sie erhalten haben.<\/p>\n\n<p><strong>Cookies sozialer Medien<\/strong><\/p>\n\n<p>Diese Cookies werden verwendet, wenn Sie Informationen mithilfe einer Schaltfl\u00e4che zum Teilen in sozialen Medien oder einer \u201eGef\u00e4llt mir\u201c-Schaltfl\u00e4che auf unserer Site teilen oder Ihr Konto verkn\u00fcpfen oder mit unseren Inhalten auf oder \u00fcber eine Social-Networking-Website wie Facebook, Twitter oder Google+ interagieren. Das soziale Netzwerk zeichnet auf, dass Sie dies getan haben. Diese Cookies k\u00f6nnen auch bestimmte Codes enthalten, die auf der Plattform platziert wurden, um Conversions aus Anzeigen zu verfolgen, Anzeigen auf der Grundlage gesammelter Daten zu optimieren, Zielgruppen f\u00fcr zuk\u00fcnftige Anzeigen aufzubauen und qualifizierte Benutzer erneut anzusprechen, die bereits bestimmte Aktionen auf der Plattform durchgef\u00fchrt haben.<\/p>\n\n<p>Cookies von Drittanbietern<\/p>\n\n<p>Einige Cookies, die auf unserer Website gesetzt wurden, werden nicht von LSA.GLOBAL Language Service Academy als Erstanbieter gesetzt. Die Websites k\u00f6nnen Inhalte von Drittanbietern enthalten, um Werbung zu schalten. Diese Drittanbieter k\u00f6nnen ihre eigenen Cookies in Ihrem Webbrowser setzen. Drittanbieter kontrollieren viele der oben beschriebenen Leistungs- und Funktions-, Werbe-, Marketing- und Analyse-Cookies. Wir kontrollieren die Verwendung dieser Drittanbieter-Cookies nicht, da nur der Drittanbieter, der sie urspr\u00fcnglich gesetzt hat, auf Cookies zugreifen kann.<\/p>\n\n<p>Wie k\u00f6nnen Sie Cookies verwalten?<\/p>\n\n<p>Bei den meisten Browsern k\u00f6nnen Sie Cookies \u00fcber die \u201eEinstellungen\u201c steuern. Wenn Sie jedoch die M\u00f6glichkeit von Websites, Cookies zu setzen, einschr\u00e4nken, kann sich Ihr Benutzererlebnis verschlechtern, da es nicht mehr auf Sie zugeschnitten ist. Es kann auch sein, dass Sie keine benutzerdefinierten Einstellungen wie Anmeldeinformationen mehr speichern k\u00f6nnen. Browserhersteller bieten in ihren Produkten Hilfeseiten zur Cookie-Verwaltung an.<\/p>\n\n<p>Browserhersteller stellen Hilfeseiten zur Cookie-Verwaltung in ihren Produkten zur Verf\u00fcgung. Weitere Informationen finden Sie weiter unten.<\/p>\n\n<p>\u00a0 -Google Chrome<\/p>\n\n<p>\u00a0 -Internet Explorer<\/p>\n\n<p>\u00a0 - Mozilla Firefox<\/p>\n\n<p>\u00a0 -Safari (Desktop)<\/p>\n\n<p>\u00a0 -Safari (mobil)<\/p>\n\n<p>\u00a0 -Android Browser<\/p>\n\n<p>\u00a0 -Oper<\/p>\n\n<p>\u00a0 -Opera Mobile<\/p>\n\n<p>Blockieren und Deaktivieren von Cookies und \u00e4hnlichen Technologien<\/p>\n\n<p>Wo auch immer Sie sich befinden, k\u00f6nnen Sie Ihren Browser auch so einstellen, dass er Cookies und \u00e4hnliche Technologien blockiert. Dadurch werden jedoch m\u00f6glicherweise unsere wesentlichen Cookies blockiert und unsere Website funktioniert nicht mehr richtig. M\u00f6glicherweise k\u00f6nnen Sie nicht alle Funktionen und Dienste vollst\u00e4ndig nutzen. Sie sollten sich auch dar\u00fcber im Klaren sein, dass Sie m\u00f6glicherweise auch einige gespeicherte Informationen verlieren (z. B. gespeicherte Anmeldedaten, Websiteeinstellungen), wenn Sie Cookies in Ihrem Browser blockieren. Verschiedene Browser stellen Ihnen unterschiedliche Steuerelemente zur Verf\u00fcgung. Wenn Sie ein Cookie oder eine Cookie-Kategorie deaktivieren, wird das Cookie nicht aus Ihrem Browser gel\u00f6scht. Sie m\u00fcssen dies selbst in Ihrem Browser tun. Weitere Informationen finden Sie im Hilfemen\u00fc Ihres Browsers.<\/p>\n\n<p><strong>\u00c4nderungen unserer Cookie-Richtlinie<\/strong><\/p>\n\n<p>Wir k\u00f6nnen unseren Service und unsere Richtlinien \u00e4ndern und m\u00fcssen m\u00f6glicherweise \u00c4nderungen an dieser Cookie-Richtlinie vornehmen, damit sie unseren Service und unsere Richtlinien genau widerspiegeln. Sofern gesetzlich nichts anderes vorgeschrieben ist, benachrichtigen wir Sie (beispielsweise \u00fcber unseren Service), bevor wir \u00c4nderungen an dieser Cookie-Richtlinie vornehmen, und geben Ihnen die M\u00f6glichkeit, diese zu \u00fcberpr\u00fcfen, bevor sie in Kraft treten. Wenn Sie den Service dann weiterhin nutzen, sind Sie an die aktualisierte Cookie-Richtlinie gebunden. Wenn Sie dieser oder einer aktualisierten Cookie-Richtlinie nicht zustimmen m\u00f6chten, k\u00f6nnen Sie Ihr Konto l\u00f6schen.<\/p>\n\n<p>Ihr Einverst\u00e4ndnis<\/p>\n\n<p>Indem Sie unsere Website nutzen, ein Konto registrieren oder einen Kauf t\u00e4tigen, stimmen Sie hiermit unserer Cookie-Richtlinie zu und akzeptieren deren Bedingungen.<\/p>\n\n<p><strong>Kontaktieren Sie uns<\/strong><\/p>\n\n<p>Z\u00f6gern Sie nicht, uns zu kontaktieren, wenn Sie Fragen zu unserer Cookie-Richtlinie haben.<\/p>\n<p>United States of America:<\/p>\n<p>Office 91, 254 Chapman Rd, Suite 101-B, Newark, Delaware, 19702, USA,<\/p>\n<p>lsa-global.com<\/p>\n<p>contacts@lsa-global.com<\/p>\n<p>Office Phone: +1 3156 540 253<\/p>\n<p>or<\/p>\n\n<p>\u00a0-Via Email:\u00a0 infos@lsaglobal-translate.co.uk<\/p>\n\n<p>\u00a0-Via Phone Number:\u00a0 07378461403<\/p>\n\n<p>\u00a0-Via this Link:\u00a0 lsaglobal-translate.co.uk<\/p>\n\n<p>\u00a0-\u00dcber diese Adresse: 182-184 High Street North East Ham London E6 2JA<\/p>\n\n<figure class=\"wp-block-image size-full\"><img fetchpriority=\"high\" decoding=\"async\" width=\"1024\" height=\"512\" data-attachment-id=\"36458\" data-permalink=\"https:\/\/lsa-global.com\/de\/cookie-richtlinie-lsa-global\/cookie-policy-2\/\" data-orig-file=\"https:\/\/i0.wp.com\/lsa-global.com\/wp-content\/uploads\/2024\/04\/cookie-policy.jpg?fit=1024%2C512&amp;ssl=1\" data-orig-size=\"1024,512\" data-comments-opened=\"0\" data-image-meta=\"{&quot;aperture&quot;:&quot;0&quot;,&quot;credit&quot;:&quot;&quot;,&quot;camera&quot;:&quot;&quot;,&quot;caption&quot;:&quot;&quot;,&quot;created_timestamp&quot;:&quot;0&quot;,&quot;copyright&quot;:&quot;&quot;,&quot;focal_length&quot;:&quot;0&quot;,&quot;iso&quot;:&quot;0&quot;,&quot;shutter_speed&quot;:&quot;0&quot;,&quot;title&quot;:&quot;&quot;,&quot;orientation&quot;:&quot;1&quot;}\" data-image-title=\"cookie-policy\" data-image-description=\"&lt;p&gt;Cookie policy&lt;\/p&gt;\" data-image-caption=\"\" data-large-file=\"https:\/\/i0.wp.com\/lsa-global.com\/wp-content\/uploads\/2024\/04\/cookie-policy.jpg?fit=1024%2C512&amp;ssl=1\" data-recalc-dims=\"1\" class=\"wp-image-36458\" src=\"https:\/\/i0.wp.com\/lsa-global.com\/wp-content\/uploads\/2024\/04\/cookie-policy.jpg?w=1280&#038;ssl=1\" alt=\"Cookie-Richtlinie\" title=\"\" srcset=\"https:\/\/i0.wp.com\/lsa-global.com\/wp-content\/uploads\/2024\/04\/cookie-policy.jpg?w=1024&amp;ssl=1 1024w, https:\/\/i0.wp.com\/lsa-global.com\/wp-content\/uploads\/2024\/04\/cookie-policy.jpg?resize=300%2C150&amp;ssl=1 300w, https:\/\/i0.wp.com\/lsa-global.com\/wp-content\/uploads\/2024\/04\/cookie-policy.jpg?resize=150%2C75&amp;ssl=1 150w, https:\/\/i0.wp.com\/lsa-global.com\/wp-content\/uploads\/2024\/04\/cookie-policy.jpg?resize=768%2C384&amp;ssl=1 768w, https:\/\/i0.wp.com\/lsa-global.com\/wp-content\/uploads\/2024\/04\/cookie-policy.jpg?resize=370%2C185&amp;ssl=1 370w, https:\/\/i0.wp.com\/lsa-global.com\/wp-content\/uploads\/2024\/04\/cookie-policy.jpg?resize=760%2C380&amp;ssl=1 760w\" sizes=\"(max-width: 1024px) 100vw, 1024px\" \/><figcaption><\/figcaption><\/figure>\n\t\t\t\t\t\t\t\t<\/div>\n\t\t\t\t<div class=\"elementor-element elementor-element-df8d495 elementor-widget elementor-widget-heading\" data-id=\"df8d495\" data-element_type=\"widget\" data-e-type=\"widget\" data-widget_type=\"heading.default\">\n\t\t\t\t\t<h2 class=\"elementor-heading-title elementor-size-default\">Dar\u00fcber hinausgehen<\/h2>\t\t\t\t<\/div>\n\t\t\t\t<div class=\"elementor-element elementor-element-06eb239 elementor-widget elementor-widget-text-editor\" data-id=\"06eb239\" data-element_type=\"widget\" data-e-type=\"widget\" data-widget_type=\"text-editor.default\">\n\t\t\t\t\t\t\t\t\t<h5><a href=\"https:\/\/lsa-global.com\/de\/deutsche-sprache-lernen\/\"><span style=\"color: #ff0000;\">Deutschkurs<\/span><\/a><\/h5>\t\t\t\t\t\t\t\t<\/div>\n\t\t\t\t<div class=\"elementor-element elementor-element-2cc24b5 elementor-widget elementor-widget-text-editor\" data-id=\"2cc24b5\" data-element_type=\"widget\" data-e-type=\"widget\" data-widget_type=\"text-editor.default\">\n\t\t\t\t\t\t\t\t\t<h5><a href=\"https:\/\/lsa-global.com\/de\/deutsche-sprache-lernen\/\"><span style=\"color: #ff0000;\">Kostenloses Angebot<\/span><\/a><\/h5>\t\t\t\t\t\t\t\t<\/div>\n\t\t\t\t<div class=\"elementor-element elementor-element-d6c8b96 elementor-widget elementor-widget-text-editor\" data-id=\"d6c8b96\" data-element_type=\"widget\" data-e-type=\"widget\" data-widget_type=\"text-editor.default\">\n\t\t\t\t\t\t\t\t\t<h5><a href=\"https:\/\/lsaglobal-translate.co.uk\/services\/translation-services\/\" target=\"_blank\" rel=\"noopener\"><span style=\"color: #ff0000;\">\u00dcbersetzungsprofi.<\/span><\/a><\/h5>\t\t\t\t\t\t\t\t<\/div>\n\t\t\t\t\t<\/div>\n\t\t\t\t<\/div>\n\t\t\t\t<\/div>","protected":false},"excerpt":{"rendered":"<p>Cookie Policy Updated at 2024-04-06 Cookie Policy: Definitions and key terms To help explain things as clearly as possible in&hellip;<\/p>","protected":false},"author":1,"featured_media":36458,"parent":0,"menu_order":0,"comment_status":"closed","ping_status":"closed","template":"","meta":{"jetpack_post_was_ever_published":false,"footnotes":""},"class_list":["post-36414","page","type-page","status-publish","has-post-thumbnail","hentry"],"jetpack_sharing_enabled":true,"jetpack_likes_enabled":true,"jetpack-related-posts":[],"jetpack_shortlink":"https:\/\/wp.me\/PerFda-9tk","_links":{"self":[{"href":"https:\/\/lsa-global.com\/de\/wp-json\/wp\/v2\/pages\/36414","targetHints":{"allow":["GET"]}}],"collection":[{"href":"https:\/\/lsa-global.com\/de\/wp-json\/wp\/v2\/pages"}],"about":[{"href":"https:\/\/lsa-global.com\/de\/wp-json\/wp\/v2\/types\/page"}],"author":[{"embeddable":true,"href":"https:\/\/lsa-global.com\/de\/wp-json\/wp\/v2\/users\/1"}],"replies":[{"embeddable":true,"href":"https:\/\/lsa-global.com\/de\/wp-json\/wp\/v2\/comments?post=36414"}],"version-history":[{"count":0,"href":"https:\/\/lsa-global.com\/de\/wp-json\/wp\/v2\/pages\/36414\/revisions"}],"wp:featuredmedia":[{"embeddable":true,"href":"https:\/\/lsa-global.com\/de\/wp-json\/wp\/v2\/media\/36458"}],"wp:attachment":[{"href":"https:\/\/lsa-global.com\/de\/wp-json\/wp\/v2\/media?parent=36414"}],"curies":[{"name":"wp","href":"https:\/\/api.w.org\/{rel}","templated":true}]}}