{"id":3525,"date":"2022-08-27T09:44:57","date_gmt":"2022-08-27T09:44:57","guid":{"rendered":"https:\/\/lsa-global.com\/?page_id=3525"},"modified":"2025-04-25T12:09:49","modified_gmt":"2025-04-25T11:09:49","slug":"professionelle-copywriting-dienstleistungen","status":"publish","type":"page","link":"https:\/\/lsa-global.com\/de\/professionelle-copywriting-dienstleistungen\/","title":{"rendered":"PROFESSIONELLE COPYWRITING-DIENSTE"},"content":{"rendered":"<div data-elementor-type=\"wp-page\" data-elementor-id=\"3525\" class=\"elementor elementor-3525\" data-elementor-post-type=\"page\">\n\t\t\t\t<div class=\"elementor-element elementor-element-3aaba105 e-flex e-con-boxed e-con e-parent\" data-id=\"3aaba105\" data-element_type=\"container\" data-e-type=\"container\">\n\t\t\t\t\t<div class=\"e-con-inner\">\n\t\t\t\t<div class=\"elementor-element elementor-element-8af65ab elementor-widget elementor-widget-image\" data-id=\"8af65ab\" data-element_type=\"widget\" data-e-type=\"widget\" data-widget_type=\"image.default\">\n\t\t\t\t\t\t\t\t\t\t\t\t\t\t\t<img fetchpriority=\"high\" decoding=\"async\" data-attachment-id=\"29200\" data-permalink=\"https:\/\/lsa-global.com\/ru\/%d0%bf%d1%80%d0%be%d1%84%d0%b5%d1%81%d1%81%d0%b8%d0%be%d0%bd%d0%b0%d0%bb%d1%8c%d0%bd%d1%8b%d0%b5-%d1%83%d1%81%d0%bb%d1%83%d0%b3%d0%b8-%d0%ba%d0%be%d0%bf%d0%b8%d1%80%d0%b0%d0%b9%d1%82%d0%b8%d0%bd%d0%b3\/photo-by-mailchimp\/\" data-orig-file=\"https:\/\/i0.wp.com\/lsa-global.com\/wp-content\/uploads\/2023\/07\/lax4e6gl06s.jpg?fit=960%2C1200&amp;ssl=1\" data-orig-size=\"960,1200\" data-comments-opened=\"0\" data-image-meta=\"{&quot;aperture&quot;:&quot;0&quot;,&quot;credit&quot;:&quot;&quot;,&quot;camera&quot;:&quot;&quot;,&quot;caption&quot;:&quot;&quot;,&quot;created_timestamp&quot;:&quot;0&quot;,&quot;copyright&quot;:&quot;&quot;,&quot;focal_length&quot;:&quot;0&quot;,&quot;iso&quot;:&quot;0&quot;,&quot;shutter_speed&quot;:&quot;0&quot;,&quot;title&quot;:&quot;&quot;,&quot;orientation&quot;:&quot;0&quot;}\" data-image-title=\"Professional Copywriting Services\" data-image-description=\"\" data-image-caption=\"\" data-large-file=\"https:\/\/i0.wp.com\/lsa-global.com\/wp-content\/uploads\/2023\/07\/lax4e6gl06s.jpg?fit=819%2C1024&amp;ssl=1\" width=\"240\" height=\"300\" src=\"https:\/\/i0.wp.com\/lsa-global.com\/wp-content\/uploads\/2023\/07\/lax4e6gl06s.jpg?fit=240%2C300&amp;ssl=1\" class=\"attachment-medium size-medium wp-image-29200\" alt=\"Professionelle Copywriting-Dienste\" srcset=\"https:\/\/i0.wp.com\/lsa-global.com\/wp-content\/uploads\/2023\/07\/lax4e6gl06s.jpg?w=960&amp;ssl=1 960w, https:\/\/i0.wp.com\/lsa-global.com\/wp-content\/uploads\/2023\/07\/lax4e6gl06s.jpg?resize=240%2C300&amp;ssl=1 240w, https:\/\/i0.wp.com\/lsa-global.com\/wp-content\/uploads\/2023\/07\/lax4e6gl06s.jpg?resize=819%2C1024&amp;ssl=1 819w, https:\/\/i0.wp.com\/lsa-global.com\/wp-content\/uploads\/2023\/07\/lax4e6gl06s.jpg?resize=768%2C960&amp;ssl=1 768w, https:\/\/i0.wp.com\/lsa-global.com\/wp-content\/uploads\/2023\/07\/lax4e6gl06s.jpg?resize=370%2C463&amp;ssl=1 370w, https:\/\/i0.wp.com\/lsa-global.com\/wp-content\/uploads\/2023\/07\/lax4e6gl06s.jpg?resize=760%2C950&amp;ssl=1 760w\" sizes=\"(max-width: 240px) 100vw, 240px\" title=\"\">\t\t\t\t\t\t\t\t\t\t\t\t\t\t\t<\/div>\n\t\t\t\t\t<\/div>\n\t\t\t\t<\/div>\n\t\t<div class=\"elementor-element elementor-element-dfe6f6b e-flex e-con-boxed e-con e-parent\" data-id=\"dfe6f6b\" data-element_type=\"container\" data-e-type=\"container\">\n\t\t\t\t\t<div class=\"e-con-inner\">\n\t\t\t\t<div class=\"elementor-element elementor-element-b88ff39 elementor-widget elementor-widget-heading\" data-id=\"b88ff39\" data-element_type=\"widget\" data-e-type=\"widget\" data-widget_type=\"heading.default\">\n\t\t\t\t\t<h2 class=\"elementor-heading-title elementor-size-default\">Professionelle Copywriting-Dienste<\/h2>\t\t\t\t<\/div>\n\t\t\t\t\t<\/div>\n\t\t\t\t<\/div>\n\t\t<div class=\"elementor-element elementor-element-c912546 e-flex e-con-boxed e-con e-parent\" data-id=\"c912546\" data-element_type=\"container\" data-e-type=\"container\">\n\t\t\t\t\t<div class=\"e-con-inner\">\n\t\t\t\t<div class=\"elementor-element elementor-element-f44716f elementor-widget elementor-widget-text-editor\" data-id=\"f44716f\" data-element_type=\"widget\" data-e-type=\"widget\" data-widget_type=\"text-editor.default\">\n\t\t\t\t\t\t\t\t\t<p>Wenn Sie etwas zu sagen haben, k\u00f6nnen wir Ihre Botschaft mithilfe unserer Erfahrung und unseres Wissens auf kreative und effektive Weise verfassen, sodass sie Ihren Markt erobert. Das Team von Writing Sense vereint umfangreiche Erfahrung im Schreiben und Marketing, um originelle und kreative Texte f\u00fcr jedes Thema oder jede Nische zu erstellen.<\/p>\n<p>Wir verf\u00fcgen \u00fcber die Ressourcen, um eine einfache Landingpage zu erstellen, eine komplette Website zu schreiben oder ein gro\u00dfes SEO-Netzwerk aufzubauen, das Masseninhalte erfordert. Ein separates Team pr\u00fcft alle Kopien auf Einzigartigkeit und korrigiert sie, um durch einen strengen Qualit\u00e4tskontrollprozess die h\u00f6chsten Standards sicherzustellen.<\/p>\n<p>Ben\u00f6tigen Sie Kopien in anderen Sprachen als Englisch?<\/p>\n<p>Bitte informieren Sie uns \u00fcber unseren Pool an qualifizierten Autoren in vielen Sprachen, darunter Russisch, Deutsch, Italienisch und mehr.<\/p>\n<p>Warum sollten Sie sich f\u00fcr uns entscheiden?<\/p>\n<p>Ich habe \u00fcber 15 Jahre Erfahrung.<\/p>\n<p>LSA GLOBAL f\u00fchrt alle Arbeiten wie 100%-Originale aus.<\/p>\n<p>Wir garantieren die Qualit\u00e4t unserer Arbeit.<\/p>\n<p>Wir bieten professionelle Schreib- und Redaktionsdienste an.<\/p>\n<p>LSA GLOBAL bietet schnelle Bearbeitungszeiten.<\/p>\n<p>Wir stellen sicher, dass unsere Inhalte SEO-freundlich sind.<\/p>\n<p>LSA GLOBAL verf\u00fcgt \u00fcber umfangreiche Marketingerfahrung.<\/p>\n<p>Wir bieten erstklassigen Service.<\/p>\t\t\t\t\t\t\t\t<\/div>\n\t\t\t\t<div class=\"elementor-element elementor-element-572d20d elementor-widget elementor-widget-heading\" data-id=\"572d20d\" data-element_type=\"widget\" data-e-type=\"widget\" data-widget_type=\"heading.default\">\n\t\t\t\t\t<h3 class=\"elementor-heading-title elementor-size-default\">WEITERE ASPEKTE DES COPYWRITINGS<\/h3>\t\t\t\t<\/div>\n\t\t\t\t<div class=\"elementor-element elementor-element-eaacaf0 elementor-widget elementor-widget-heading\" data-id=\"eaacaf0\" data-element_type=\"widget\" data-e-type=\"widget\" data-widget_type=\"heading.default\">\n\t\t\t\t\t<h3 class=\"elementor-heading-title elementor-size-default\">was-bedeutet-Copywriting&quot; <\/h3>\t\t\t\t<\/div>\n\t\t\t\t<div class=\"elementor-element elementor-element-e653048 elementor-widget elementor-widget-text-editor\" data-id=\"e653048\" data-element_type=\"widget\" data-e-type=\"widget\" data-widget_type=\"text-editor.default\">\n\t\t\t\t\t\t\t\t\t<p>Ziel des Werbetexters ist es, den Leser durch qualitativ hochwertige Inhalte zu einer Entscheidung, einem Kauf oder einer anderen Handlung zu bewegen. Dabei spielt der Text eine \u00e4u\u00dferst wichtige Rolle, egal ob es sich um einen Werbespot oder Online-Inhalte handelt. Damit die sensationellsten Bilder in der Fernsehwerbung die gew\u00fcnschte Wirkung erzielen, ist eine angemessene Sprache erforderlich.<\/p>\n<p>Aus dem Marketing stammt der Begriff Copywriting, der sich auf das professionelle Schreiben von Werbetexten bezieht. Nat\u00fcrlich entspricht \u201eRedaktion\u201c dem \u201eSchreiben\u201c, w\u00e4hrend \u201eText\u201c in der Sprache des Verlagswesens, des Journalismus und der Werbung als \u201eKopie\u201c bezeichnet wird. Im Franz\u00f6sischen wird \u201eRedakteur Werbung\u201c oder \u201eDesigner-Redakteur\u201c angegeben.<\/p>\n<p><strong><span style=\"color: #000000;\">Beachten<\/span><\/strong><br \/>Beim Copywriting geht es darum, Aufmerksamkeit zu erregen, Interesse zu wecken, W\u00fcnsche zu wecken und zum Handeln zu bewegen. Je nach Zielgruppe k\u00f6nnen unterschiedliche Copywriting-Methoden das erreichen.<\/p>\t\t\t\t\t\t\t\t<\/div>\n\t\t\t\t<div class=\"elementor-element elementor-element-790ab59 elementor-widget elementor-widget-heading\" data-id=\"790ab59\" data-element_type=\"widget\" data-e-type=\"widget\" data-widget_type=\"heading.default\">\n\t\t\t\t\t<h3 class=\"elementor-heading-title elementor-size-default\">ein Texter schreibt<\/h3>\t\t\t\t<\/div>\n\t\t\t\t<div class=\"elementor-element elementor-element-b64ba85 elementor-widget elementor-widget-text-editor\" data-id=\"b64ba85\" data-element_type=\"widget\" data-e-type=\"widget\" data-widget_type=\"text-editor.default\">\n\t\t\t\t\t\t\t\t\t<p>Werbetexter k\u00f6nnen einen oder mehrere Texte f\u00fcr eine einzelne Kampagne schreiben, je nach Art des Produkts oder der Dienstleistung, die Sie bewerben m\u00f6chten. Sie m\u00fcssen den geeigneten Inhalt, Ton und die Zielgruppe bestimmen. Es ist auch notwendig, eine gute Koh\u00e4renz der gesamten Botschaft, der Texte und der Grafiken zusammen sicherzustellen. Der Werbetexter muss Kreativit\u00e4t und die Bereitschaft zeigen, sich intensiv mit einem Bereich zu befassen, mit dem er sich m\u00f6glicherweise nicht auskennt. Je nach Produkt oder Dienstleistung muss man n\u00e4mlich wissen, wie man den erforderlichen Ton anschl\u00e4gt, der von ernst bis humorvoll reichen kann.<\/p>\t\t\t\t\t\t\t\t<\/div>\n\t\t\t\t<div class=\"elementor-element elementor-element-a01a430 elementor-widget elementor-widget-heading\" data-id=\"a01a430\" data-element_type=\"widget\" data-e-type=\"widget\" data-widget_type=\"heading.default\">\n\t\t\t\t\t<h3 class=\"elementor-heading-title elementor-size-default\">wie-werde-ich-ein-guter-texter<\/h3>\t\t\t\t<\/div>\n\t\t\t\t<div class=\"elementor-element elementor-element-48ad830 elementor-widget elementor-widget-text-editor\" data-id=\"48ad830\" data-element_type=\"widget\" data-e-type=\"widget\" data-widget_type=\"text-editor.default\">\n\t\t\t\t\t\t\t\t\t<p>F\u00fcr den Job als Texter ist nicht unbedingt eine spezielle Ausbildung erforderlich. Viele haben ihre Ausbildung \u201eon the job\u201c in Agenturen absolviert. Eine Ausbildung zum Texter zu absolvieren ist jedoch aus vielerlei Hinsicht vorteilhaft. In der Ausbildung lernt man, strategisch zu denken, Ideen zu finden und nat\u00fcrlich die notwendigen Grundlagen, beispielsweise in Informatik, zu beherrschen. Dar\u00fcber hinaus vermittelt eine duale Ausbildung unersetzliche Praxiserfahrung. Die folgenden F\u00e4higkeiten und Fertigkeiten sind f\u00fcr den Texter von Vorteil, unabh\u00e4ngig von seinem Hintergrund.<\/p>\n<p>Gute Sprachkenntnisse. Kreativit\u00e4t und Fantasie sind vorhanden. Breites Allgemeinwissen ist w\u00fcnschenswert. Neugierde ist erforderlich. Lernbereitschaft ist erforderlich. Recherchef\u00e4higkeit ist erforderlich.<\/p>\t\t\t\t\t\t\t\t<\/div>\n\t\t\t\t\t<\/div>\n\t\t\t\t<\/div>\n\t\t<div class=\"elementor-element elementor-element-7e25bd8 e-flex e-con-boxed e-con e-parent\" data-id=\"7e25bd8\" data-element_type=\"container\" data-e-type=\"container\">\n\t\t\t\t\t<div class=\"e-con-inner\">\n\t\t\t\t<div class=\"elementor-element elementor-element-071772f elementor-widget elementor-widget-heading\" data-id=\"071772f\" data-element_type=\"widget\" data-e-type=\"widget\" data-widget_type=\"heading.default\">\n\t\t\t\t\t<h3 class=\"elementor-heading-title elementor-size-default\">So l\u00f6sen Sie eine Aktion aus<\/h3>\t\t\t\t<\/div>\n\t\t\t\t<div class=\"elementor-element elementor-element-21420eb elementor-widget elementor-widget-text-editor\" data-id=\"21420eb\" data-element_type=\"widget\" data-e-type=\"widget\" data-widget_type=\"text-editor.default\">\n\t\t\t\t\t\t\t\t\t<p>Die Wirksamkeit eines Texters wird anhand der Anzahl der durch die Marketingkampagne ausgel\u00f6sten Aktionen gemessen (wir sprechen von der Conversion-Rate). Um bei einem potenziellen Verbraucher explizit eine Aktion auszul\u00f6sen, schreiben wir einen Satz wie \u201eJetzt bestellen\u201c oder \u201eBesuchen Sie unseren Online-Shop\u201c. Dies sind Handlungsaufforderungen (Call-to-Action, CTA). Achten Sie auf die folgenden drei Punkte, um eine Reaktion beim Leser auszul\u00f6sen:<\/p>\n<p>Definieren Sie im Vorfeld, wen Sie mit Ihren Inhalten erreichen m\u00f6chten und sprechen Sie Ihre Zielgruppe aktiv an.<br \/>Sie m\u00fcssen den Empf\u00e4nger des Produkts oder der Dienstleistung \u00fcberzeugen, indem Sie dessen einzigartigen Vorteil, im Englischen dessen USP (Unique Selling Proposition), herausstellen. Dies beantwortet gleichzeitig die Frage, was das Produkt oder die Dienstleistung von der Konkurrenz unterscheidet.<\/p>\n<p>F\u00fcr den Leser muss die Durchf\u00fchrung einer Aktion so einfach wie m\u00f6glich sein. Wenn Sie m\u00f6chten, dass der Leser sich ein Video des Produkts ansieht, m\u00fcssen Sie ihn aktiv dazu auffordern: \u201eKlicken Sie auf das Video, um die einzigartigen Funktionen des Produkts zu entdecken.\u201c<\/p>\n<p><strong><span style=\"color: #000000;\">Beratung<\/span><\/strong><br \/>Zufriedene Kunden k\u00f6nnen Empfehlungen oder Erfahrungsberichte abgeben, was Ihre Glaubw\u00fcrdigkeit steigert.<\/p>\t\t\t\t\t\t\t\t<\/div>\n\t\t\t\t<div class=\"elementor-element elementor-element-1985047 elementor-widget elementor-widget-heading\" data-id=\"1985047\" data-element_type=\"widget\" data-e-type=\"widget\" data-widget_type=\"heading.default\">\n\t\t\t\t\t<h3 class=\"elementor-heading-title elementor-size-default\">welche Arten von Copywriting gibt es?<\/h3>\t\t\t\t<\/div>\n\t\t\t\t<div class=\"elementor-element elementor-element-5ef4cac elementor-widget elementor-widget-text-editor\" data-id=\"5ef4cac\" data-element_type=\"widget\" data-e-type=\"widget\" data-widget_type=\"text-editor.default\">\n\t\t\t\t\t\t\t\t\t<p>Insgesamt werden pro Tag 27 Millionen Online-Inhalte geteilt (Statistik von 2016). Wie stellen wir also sicher, dass die von uns verbreitete Werbebotschaft in dieser Informationsflut nicht untergeht? Unternehmen wenden sich zunehmend an professionelle Texter, um bessere Platzierungen in den Google-Suchergebnissen zu erzielen, ihren Kundenstamm zu erweitern und sich letztlich mit hochgradig individualisierten Inhalten, die Mehrwert bieten, als Marke zu vermarkten. Je nach Zielsetzung gibt es unterschiedliche Arten des Textens. Hier sind die wichtigsten.<\/p>\t\t\t\t\t\t\t\t<\/div>\n\t\t\t\t<div class=\"elementor-element elementor-element-4e81041 elementor-widget elementor-widget-heading\" data-id=\"4e81041\" data-element_type=\"widget\" data-e-type=\"widget\" data-widget_type=\"heading.default\">\n\t\t\t\t\t<h3 class=\"elementor-heading-title elementor-size-default\">Ich schreibe SEO-Texte f\u00fcr SEO-Zwecke<\/h3>\t\t\t\t<\/div>\n\t\t\t\t<div class=\"elementor-element elementor-element-4653aea elementor-widget elementor-widget-text-editor\" data-id=\"4653aea\" data-element_type=\"widget\" data-e-type=\"widget\" data-widget_type=\"text-editor.default\">\n\t\t\t\t\t\t\t\t\t<p>Beim Verfassen von suchmaschinenoptimierten Inhalten werden Schl\u00fcsselw\u00f6rter verwendet, die dabei helfen, eine gute Platzierung in Google-Suchen zu erzielen, unabh\u00e4ngig davon, ob der Text haupts\u00e4chlich werblich oder informativ ist. Die effektive Einbindung der zum Produkt passenden Schl\u00fcsselw\u00f6rter ist das Hauptanliegen in den Texten. Die Verwendung dieser Schl\u00fcsselw\u00f6rter zur klaren Definition des Themas der Seite ist keine Frage der Multiplikation ihrer Verwendung mehr. In diesem Zusammenhang hat das Content-Marketing zunehmend die Bedeutung des Informationsgehalts von Optimierungstexten betont. Der Texter muss sich an all diese Entwicklungen anpassen, die von ihm zunehmend das Verfassen von Texten einer bestimmten L\u00e4nge verlangen.<\/p>\n<p><strong><span style=\"color: #000000;\">Beratung<\/span><\/strong><br \/>In unserem Ratgeber geben wir Ihnen zehn Tipps zur Optimierung Ihrer Inhalte f\u00fcr Suchmaschinen.<\/p>\t\t\t\t\t\t\t\t<\/div>\n\t\t\t\t<div class=\"elementor-element elementor-element-c6822b9 elementor-widget elementor-widget-heading\" data-id=\"c6822b9\" data-element_type=\"widget\" data-e-type=\"widget\" data-widget_type=\"heading.default\">\n\t\t\t\t\t<h3 class=\"elementor-heading-title elementor-size-default\">Schreiben Sie einen Text, um Kaufanreize zu schaffen<\/h3>\t\t\t\t<\/div>\n\t\t\t\t<div class=\"elementor-element elementor-element-3893b77 elementor-widget elementor-widget-text-editor\" data-id=\"3893b77\" data-element_type=\"widget\" data-e-type=\"widget\" data-widget_type=\"text-editor.default\">\n\t\t\t\t\t\t\t\t\t<p>Der Texter steht vor der Herausforderung, den Leser durch Kaufanreiz-Texte von den Qualit\u00e4ten eines Produkts oder einer Dienstleistung zu \u00fcberzeugen und ihn letztlich zum Kauf zu animieren. Dies zu bewerkstelligen ist leichter gesagt als getan. Marketingexperten verf\u00fcgen oft \u00fcber kreative F\u00e4higkeiten und fundiertes Wissen, die neben einem \u00fcberzeugenden Stil unabdingbar sind. Wir empfehlen folgende Strategie, um den Kaufakt beim Leser auszul\u00f6sen.<\/p>\n<p>Bitte richten Sie Ihre Botschaft klar auf die Zielgruppe aus und sprechen Sie diese direkt an.<\/p>\n<p>Identifizieren Sie das Problem, das das Produkt oder die Dienstleistung l\u00f6st. Der potenzielle Kunde sollte das Problem anschaulich und ansprechend darstellen, um Interesse zu wecken und Vertrauen zu schaffen.<\/p>\n<p>Erkl\u00e4ren Sie, warum niemand das Problem zuvor wirklich gel\u00f6st hat.<\/p>\n<p>Erz\u00e4hlen Sie, wie Sie herausgefunden haben, dass Sie das Problem tats\u00e4chlich l\u00f6sen konnten.<\/p>\n<p>Anschlie\u00dfend sollten Sie dem Leser mitteilen, wie auch er das Produkt oder die Dienstleistung beziehen und so sein Problem l\u00f6sen kann.<\/p>\t\t\t\t\t\t\t\t<\/div>\n\t\t\t\t\t<\/div>\n\t\t\t\t<\/div>\n\t\t<div class=\"elementor-element elementor-element-1a2cf00 e-flex e-con-boxed e-con e-parent\" data-id=\"1a2cf00\" data-element_type=\"container\" data-e-type=\"container\">\n\t\t\t\t\t<div class=\"e-con-inner\">\n\t\t\t\t<div class=\"elementor-element elementor-element-c4912f4 elementor-widget elementor-widget-heading\" data-id=\"c4912f4\" data-element_type=\"widget\" data-e-type=\"widget\" data-widget_type=\"heading.default\">\n\t\t\t\t\t<h3 class=\"elementor-heading-title elementor-size-default\">Ich schreibe technische Texte<\/h3>\t\t\t\t<\/div>\n\t\t\t\t<div class=\"elementor-element elementor-element-048ce3b elementor-widget elementor-widget-text-editor\" data-id=\"048ce3b\" data-element_type=\"widget\" data-e-type=\"widget\" data-widget_type=\"text-editor.default\">\n\t\t\t\t\t\t\t\t\t<p>Technisches Copywriting bezeichnet das Verfassen von Texten, die sich auf ein bestimmtes Thema oder einen bestimmten Bereich konzentrieren und echtes technisches Wissen erfordern. Ziel ist es, dem Leser durch die Vermittlung von technischem Wissen einen Mehrwert zu bieten. Professionelle Copywriter sind in der Regel keine technischen Copywriter, sondern Experten auf ihrem Gebiet. Tats\u00e4chlich ist es besser, das Schreiben eines Textes \u00fcber die Titration von Salzs\u00e4ure einem Chemiker anzuvertrauen, als es einem Werbetreibenden anzuvertrauen. Der Redakteur steht vor der Herausforderung, Texte an Spezialisten auszurichten. Die Inhalte m\u00fcssen sachlich korrekt und detailliert sein. Technische Copywriter k\u00f6nnen neben Werbeinhalten auch Beitr\u00e4ge wie Blogs, Zeitschriftenartikel oder Benutzerhandb\u00fccher verfassen.<\/p>\t\t\t\t\t\t\t\t<\/div>\n\t\t\t\t<div class=\"elementor-element elementor-element-817e488 elementor-widget elementor-widget-heading\" data-id=\"817e488\" data-element_type=\"widget\" data-e-type=\"widget\" data-widget_type=\"heading.default\">\n\t\t\t\t\t<h3 class=\"elementor-heading-title elementor-size-default\">Ich schreibe-Inhalt-Kopien<\/h3>\t\t\t\t<\/div>\n\t\t\t\t<div class=\"elementor-element elementor-element-fd7decf elementor-widget elementor-widget-text-editor\" data-id=\"fd7decf\" data-element_type=\"widget\" data-e-type=\"widget\" data-widget_type=\"text-editor.default\">\n\t\t\t\t\t\t\t\t\t<p>Content Writer erstellen Website-Inhalte mit einem Schwerpunkt auf einem bestimmten Thema. Die Websites versorgen die Benutzer mit Informationen zu diesen Themen und informieren sie \u00fcber die neuesten Nachrichten. Als Content Writer schreiben wir h\u00e4ufig Artikel, die erkl\u00e4ren, wie Dinge zu tun sind, und begleiten die Benutzer Schritt f\u00fcr Schritt. Beim Verfassen von Texten ist es wichtig, attraktive und interessante Inhalte zu erstellen. Denn wenn ein potenzieller Kunde einen Beitrag sowohl unterhaltsam als auch informativ findet, k\u00f6nnen wir hoffen, dass er sich zum Kauf entscheidet.<\/p>\n<p>\u00a0<\/p>\t\t\t\t\t\t\t\t<\/div>\n\t\t\t\t<div class=\"elementor-element elementor-element-8bb855e elementor-widget elementor-widget-heading\" data-id=\"8bb855e\" data-element_type=\"widget\" data-e-type=\"widget\" data-widget_type=\"heading.default\">\n\t\t\t\t\t<h3 class=\"elementor-heading-title elementor-size-default\">Ich besch\u00e4ftige mich mit kreativem Texten<\/h3>\t\t\t\t<\/div>\n\t\t\t\t<div class=\"elementor-element elementor-element-919255c elementor-widget elementor-widget-text-editor\" data-id=\"919255c\" data-element_type=\"widget\" data-e-type=\"widget\" data-widget_type=\"text-editor.default\">\n\t\t\t\t\t\t\t\t\t<p>Gute Creative-Texter w\u00e4hlen ein Thema und diskutieren in ihren Beitr\u00e4gen \u00fcber bestimmte Produkte oder Dienstleistungen. Creative Copywriting ist dem Copywriting f\u00fcr Kaufanreize \u00e4hnlich, da beide darauf abzielen, potenzielle Kunden von den Qualit\u00e4ten eines Produkts oder einer Dienstleistung zu \u00fcberzeugen. Gute Creative-Texter entwickeln h\u00e4ufig Slogans f\u00fcr Unternehmen, Schlagzeilen und Konzepte. Viele Creative-Texter haben einen Marketing-Hintergrund, w\u00e4hrend andere ein nat\u00fcrliches Talent daf\u00fcr besitzen, ein Thema auf attraktive Weise zu pr\u00e4sentieren.<\/p>\t\t\t\t\t\t\t\t<\/div>\n\t\t\t\t\t<\/div>\n\t\t\t\t<\/div>\n\t\t<div class=\"elementor-element elementor-element-3609ca8 e-flex e-con-boxed e-con e-parent\" data-id=\"3609ca8\" data-element_type=\"container\" data-e-type=\"container\">\n\t\t\t\t\t<div class=\"e-con-inner\">\n\t\t\t\t<div class=\"elementor-element elementor-element-b64a06b elementor-widget elementor-widget-heading\" data-id=\"b64a06b\" data-element_type=\"widget\" data-e-type=\"widget\" data-widget_type=\"heading.default\">\n\t\t\t\t\t<h3 class=\"elementor-heading-title elementor-size-default\">zusammenfassen<\/h3>\t\t\t\t<\/div>\n\t\t\t\t<div class=\"elementor-element elementor-element-5e07ee1 elementor-widget elementor-widget-text-editor\" data-id=\"5e07ee1\" data-element_type=\"widget\" data-e-type=\"widget\" data-widget_type=\"text-editor.default\">\n\t\t\t\t\t\t\t\t\t<p>Werbetexter vermitteln klare Botschaften, die eine Anzeige aus der Masse hervorstechen lassen und nicht in der Masse untergehen lassen \u2013 egal ob in Print, Fernsehen, Radio oder Internet. Werbetexter erleben unterschiedliche Arbeitstage. An einem Tag schreibt er einen Werbepitch oder denkt sich einen Slogan aus, am n\u00e4chsten Tag schreibt er einen Text f\u00fcr ein Demonstrationsvideo. Am Ende messen die Reaktionen, die er ausgel\u00f6st hat, den Erfolg seiner Arbeit.<\/p>\t\t\t\t\t\t\t\t<\/div>\n\t\t\t\t<div class=\"elementor-element elementor-element-1d45493 elementor-widget elementor-widget-heading\" data-id=\"1d45493\" data-element_type=\"widget\" data-e-type=\"widget\" data-widget_type=\"heading.default\">\n\t\t\t\t\t<h3 class=\"elementor-heading-title elementor-size-default\">Dar\u00fcber hinausgehen<\/h3>\t\t\t\t<\/div>\n\t\t\t\t<div class=\"elementor-element elementor-element-185a9ef elementor-widget elementor-widget-text-editor\" data-id=\"185a9ef\" data-element_type=\"widget\" data-e-type=\"widget\" data-widget_type=\"text-editor.default\">\n\t\t\t\t\t\t\t\t\t<h5><span style=\"color: #000000;\"><a style=\"color: #000000;\" href=\"https:\/\/lsaglobal-translate.co.uk\/services\/translation-services\/\" target=\"_blank\" rel=\"noopener\">\u00dcbersetzungsprofi.<\/a><\/span><\/h5>\t\t\t\t\t\t\t\t<\/div>\n\t\t\t\t<div class=\"elementor-element elementor-element-2c4a82d elementor-widget elementor-widget-text-editor\" data-id=\"2c4a82d\" data-element_type=\"widget\" data-e-type=\"widget\" data-widget_type=\"text-editor.default\">\n\t\t\t\t\t\t\t\t\t<h5><a href=\"https:\/\/lsa-global.com\/de\/preise-und-bedingungen-fur-ubersetzungen\/\"><span style=\"color: #ff0000;\"><span style=\"color: #000000;\">Preispl\u00e4ne und mehr<\/span><\/span><\/a><\/h5>\t\t\t\t\t\t\t\t<\/div>\n\t\t\t\t<div class=\"elementor-element elementor-element-de280f4 elementor-widget elementor-widget-text-editor\" data-id=\"de280f4\" data-element_type=\"widget\" data-e-type=\"widget\" data-widget_type=\"text-editor.default\">\n\t\t\t\t\t\t\t\t\t<h5><span style=\"color: #000000;\"><a style=\"color: #000000;\" href=\"https:\/\/lsa-global.com\/de\/deutsche-sprache-lernen\/\">Kostenloses Angebot<\/a><\/span><\/h5>\t\t\t\t\t\t\t\t<\/div>\n\t\t\t\t\t<\/div>\n\t\t\t\t<\/div>\n\t\t\t\t<\/div>","protected":false},"excerpt":{"rendered":"<p>Professional Copywriting Services If you have something to say, we can write your message in a creative and effective manner&hellip;<\/p>","protected":false},"author":1,"featured_media":29200,"parent":0,"menu_order":0,"comment_status":"closed","ping_status":"closed","template":"","meta":{"jetpack_post_was_ever_published":false,"footnotes":""},"class_list":["post-3525","page","type-page","status-publish","has-post-thumbnail","hentry"],"jetpack_sharing_enabled":true,"jetpack_likes_enabled":true,"jetpack-related-posts":[],"jetpack_shortlink":"https:\/\/wp.me\/PerFda-UR","_links":{"self":[{"href":"https:\/\/lsa-global.com\/de\/wp-json\/wp\/v2\/pages\/3525","targetHints":{"allow":["GET"]}}],"collection":[{"href":"https:\/\/lsa-global.com\/de\/wp-json\/wp\/v2\/pages"}],"about":[{"href":"https:\/\/lsa-global.com\/de\/wp-json\/wp\/v2\/types\/page"}],"author":[{"embeddable":true,"href":"https:\/\/lsa-global.com\/de\/wp-json\/wp\/v2\/users\/1"}],"replies":[{"embeddable":true,"href":"https:\/\/lsa-global.com\/de\/wp-json\/wp\/v2\/comments?post=3525"}],"version-history":[{"count":0,"href":"https:\/\/lsa-global.com\/de\/wp-json\/wp\/v2\/pages\/3525\/revisions"}],"wp:featuredmedia":[{"embeddable":true,"href":"https:\/\/lsa-global.com\/de\/wp-json\/wp\/v2\/media\/29200"}],"wp:attachment":[{"href":"https:\/\/lsa-global.com\/de\/wp-json\/wp\/v2\/media?parent=3525"}],"curies":[{"name":"wp","href":"https:\/\/api.w.org\/{rel}","templated":true}]}}