{"id":3512,"date":"2022-08-27T09:25:28","date_gmt":"2022-08-27T09:25:28","guid":{"rendered":"https:\/\/lsa-global.com\/?page_id=3512"},"modified":"2025-04-25T12:36:09","modified_gmt":"2025-04-25T11:36:09","slug":"professionelle-dolmetscherdienste","status":"publish","type":"page","link":"https:\/\/lsa-global.com\/de\/professionelle-dolmetscherdienste\/","title":{"rendered":"Professionelle Dolmetscherdienste"},"content":{"rendered":"<div data-elementor-type=\"wp-page\" data-elementor-id=\"3512\" class=\"elementor elementor-3512\" data-elementor-post-type=\"page\">\n\t\t\t\t<div class=\"elementor-element elementor-element-5affa3c e-flex e-con-boxed e-con e-parent\" data-id=\"5affa3c\" data-element_type=\"container\" data-e-type=\"container\">\n\t\t\t\t\t<div class=\"e-con-inner\">\n\t\t\t\t<div class=\"elementor-element elementor-element-7a656d9 elementor-widget elementor-widget-image\" data-id=\"7a656d9\" data-element_type=\"widget\" data-e-type=\"widget\" data-widget_type=\"image.default\">\n\t\t\t\t\t\t\t\t\t\t\t\t\t\t\t<img decoding=\"async\" data-attachment-id=\"24861\" data-permalink=\"https:\/\/lsa-global.com\/de\/professionelle-lokalisierungsdienste\/translation-agency-3\/\" data-orig-file=\"https:\/\/i0.wp.com\/lsa-global.com\/wp-content\/uploads\/2023\/05\/Translation-Agency-3-scaled.jpg?fit=2560%2C1279&amp;ssl=1\" data-orig-size=\"2560,1279\" data-comments-opened=\"1\" data-image-meta=\"{&quot;aperture&quot;:&quot;0&quot;,&quot;credit&quot;:&quot;&quot;,&quot;camera&quot;:&quot;&quot;,&quot;caption&quot;:&quot;&quot;,&quot;created_timestamp&quot;:&quot;0&quot;,&quot;copyright&quot;:&quot;&quot;,&quot;focal_length&quot;:&quot;0&quot;,&quot;iso&quot;:&quot;0&quot;,&quot;shutter_speed&quot;:&quot;0&quot;,&quot;title&quot;:&quot;&quot;,&quot;orientation&quot;:&quot;0&quot;}\" data-image-title=\"Translation Services\" data-image-description=\"&lt;p&gt;LSA GLOBAL is a well regarded Translation Agency, providing cutting-edge translation, interpretation, editing, proofreading, localization, subtitling, and voice-over services. We manage language solutions for both large and small enterprises or clients. We provide rapid, flexible, and inexpensive services that meet your needs. Furthermore, as a renowned language academy, LSA GLOBAL as a Language School in Africa offers language courses prior to a placement test, both in-class and online, using up-to-date ICT tools and materials, adapting and tailoring the pedagogy to meet your needs and expectations for globalization.&lt;\/p&gt;\" data-image-caption=\"\" data-large-file=\"https:\/\/i0.wp.com\/lsa-global.com\/wp-content\/uploads\/2023\/05\/Translation-Agency-3-scaled.jpg?fit=1024%2C512&amp;ssl=1\" width=\"300\" height=\"150\" src=\"https:\/\/i0.wp.com\/lsa-global.com\/wp-content\/uploads\/2023\/05\/Translation-Agency-3-scaled.jpg?fit=300%2C150&amp;ssl=1\" class=\"attachment-medium size-medium wp-image-24861\" alt=\"\u00dcbersetzungsdienste\" srcset=\"https:\/\/i0.wp.com\/lsa-global.com\/wp-content\/uploads\/2023\/05\/Translation-Agency-3-scaled.jpg?w=2560&amp;ssl=1 2560w, https:\/\/i0.wp.com\/lsa-global.com\/wp-content\/uploads\/2023\/05\/Translation-Agency-3-scaled.jpg?resize=300%2C150&amp;ssl=1 300w, https:\/\/i0.wp.com\/lsa-global.com\/wp-content\/uploads\/2023\/05\/Translation-Agency-3-scaled.jpg?resize=1024%2C512&amp;ssl=1 1024w, https:\/\/i0.wp.com\/lsa-global.com\/wp-content\/uploads\/2023\/05\/Translation-Agency-3-scaled.jpg?resize=768%2C384&amp;ssl=1 768w, https:\/\/i0.wp.com\/lsa-global.com\/wp-content\/uploads\/2023\/05\/Translation-Agency-3-scaled.jpg?resize=1536%2C768&amp;ssl=1 1536w, https:\/\/i0.wp.com\/lsa-global.com\/wp-content\/uploads\/2023\/05\/Translation-Agency-3-scaled.jpg?resize=2048%2C1023&amp;ssl=1 2048w, https:\/\/i0.wp.com\/lsa-global.com\/wp-content\/uploads\/2023\/05\/Translation-Agency-3-scaled.jpg?resize=370%2C185&amp;ssl=1 370w, https:\/\/i0.wp.com\/lsa-global.com\/wp-content\/uploads\/2023\/05\/Translation-Agency-3-scaled.jpg?resize=760%2C380&amp;ssl=1 760w, https:\/\/i0.wp.com\/lsa-global.com\/wp-content\/uploads\/2023\/05\/Translation-Agency-3-scaled.jpg?resize=805%2C400&amp;ssl=1 805w, https:\/\/i0.wp.com\/lsa-global.com\/wp-content\/uploads\/2023\/05\/Translation-Agency-3-scaled.jpg?resize=600%2C300&amp;ssl=1 600w\" sizes=\"(max-width: 300px) 100vw, 300px\" title=\"\">\t\t\t\t\t\t\t\t\t\t\t\t\t\t\t<\/div>\n\t\t\t\t\t<\/div>\n\t\t\t\t<\/div>\n\t\t<div class=\"elementor-element elementor-element-c4eeebf e-flex e-con-boxed e-con e-parent\" data-id=\"c4eeebf\" data-element_type=\"container\" data-e-type=\"container\">\n\t\t\t\t\t<div class=\"e-con-inner\">\n\t\t\t\t<div class=\"elementor-element elementor-element-f970eb5 elementor-widget elementor-widget-heading\" data-id=\"f970eb5\" data-element_type=\"widget\" data-e-type=\"widget\" data-widget_type=\"heading.default\">\n\t\t\t\t\t<h3 class=\"elementor-heading-title elementor-size-default\">Professionelle Dolmetscherdienste<\/h3>\t\t\t\t<\/div>\n\t\t\t\t\t<\/div>\n\t\t\t\t<\/div>\n\t\t<div class=\"elementor-element elementor-element-4715a41 e-flex e-con-boxed e-con e-parent\" data-id=\"4715a41\" data-element_type=\"container\" data-e-type=\"container\">\n\t\t\t\t\t<div class=\"e-con-inner\">\n\t\t\t\t<div class=\"elementor-element elementor-element-81bbd8e elementor-widget elementor-widget-text-editor\" data-id=\"81bbd8e\" data-element_type=\"widget\" data-e-type=\"widget\" data-widget_type=\"text-editor.default\">\n\t\t\t\t\t\t\t\t\t<p>LSA GLOBAL bietet umfassende professionelle Dolmetschdienste. Wir dolmetschen f\u00fcr internationale Einzelpersonen, Unternehmen, Konzerne und Organisationen. Unsere Dolmetscher k\u00f6nnen Ihnen und Ihrem Unternehmen dabei helfen, eine hervorragende Kommunikation zu erreichen. Professionelles Dolmetschen wird von zertifizierten, sehr erfahrenen Linguisten durchgef\u00fchrt, die auf alle Disziplinen und Sprachen spezialisiert sind. Unsere Dolmetschdienste setzen Ma\u00dfst\u00e4be f\u00fcr Professionalit\u00e4t, Schnelligkeit und Pr\u00e4zision. LSA GLOBAL bietet Dolmetschdienste im Vereinigten K\u00f6nigreich an und nutzt dazu eine umfangreiche Liste von Dolmetschern. Wir dolmetschen in mehr als 120 Sprachen und bieten eine Vielzahl von Dolmetschdiensten an.<\/p><p>Mit unseren professionellen Dolmetscherdiensten k\u00f6nnen wir Ihnen dabei helfen, effektiv mit Nicht-Englischsprachigen zu kommunizieren. Dolmetscherdienste werden in den unterschiedlichsten Kontexten ben\u00f6tigt, darunter bei Besprechungen, Konferenzen und Einzelgespr\u00e4chen zwischen Personen mit unterschiedlicher sprachlicher Herkunft. Wir w\u00e4hlen Dolmetscher f\u00fcr bestimmte Dolmetschauftr\u00e4ge sorgf\u00e4ltig aus, basierend auf ihrer Erfahrung und den Sprachpaaren, in denen sie \u00fcber Fachwissen verf\u00fcgen. LSA GLOBAL strebt danach, einer der f\u00fchrenden Anbieter von Dolmetscherdiensten in Afrika zu werden.<\/p><p>Unsere Dolmetscher stehen f\u00fcr eine Vielzahl von Aufgaben zur Verf\u00fcgung, darunter einmalige Aufgaben, kurzfristige Initiativen und langfristige Vertr\u00e4ge. Wir legen den Preis f\u00fcr jeden Dolmetschauftrag anhand seiner Dauer und seines Standorts fest. Wir halten uns an eine faire Preispolitik und bem\u00fchen uns, die g\u00fcnstigsten und wirtschaftlichsten Dolmetschdienste anzubieten. Durch unsere Dolmetschdienste stellen wir sicher, dass wir Ihre Botschaft in jeder Sprache auf kulturell angemessene Weise \u00fcbermitteln. Eine Sprachbarriere wird nie zu Verwirrung f\u00fchren.<\/p>\t\t\t\t\t\t\t\t<\/div>\n\t\t\t\t\t<\/div>\n\t\t\t\t<\/div>\n\t\t<div class=\"elementor-element elementor-element-ae7c8a4 e-flex e-con-boxed e-con e-parent\" data-id=\"ae7c8a4\" data-element_type=\"container\" data-e-type=\"container\">\n\t\t\t\t\t<div class=\"e-con-inner\">\n\t\t\t\t<div class=\"elementor-element elementor-element-dcae44f elementor-widget elementor-widget-heading\" data-id=\"dcae44f\" data-element_type=\"widget\" data-e-type=\"widget\" data-widget_type=\"heading.default\">\n\t\t\t\t\t<h3 class=\"elementor-heading-title elementor-size-default\">Warum sollten Sie sich f\u00fcr unsere Dolmetscherdienste entscheiden?<\/h3>\t\t\t\t<\/div>\n\t\t\t\t\t<\/div>\n\t\t\t\t<\/div>\n\t\t<div class=\"elementor-element elementor-element-85eff5e e-flex e-con-boxed e-con e-parent\" data-id=\"85eff5e\" data-element_type=\"container\" data-e-type=\"container\">\n\t\t\t\t\t<div class=\"e-con-inner\">\n\t\t\t\t<div class=\"elementor-element elementor-element-59bf7ae elementor-widget elementor-widget-text-editor\" data-id=\"59bf7ae\" data-element_type=\"widget\" data-e-type=\"widget\" data-widget_type=\"text-editor.default\">\n\t\t\t\t\t\t\t\t\t<p>Unsere Dolmetscherdienste bieten Ihnen qualitativ hochwertige, fachkundige Unterst\u00fctzung f\u00fcr Ihre Dolmetschanforderungen zu angemessenen Preisen. Wir k\u00f6nnen Ihnen bei der Koordination von Terminen, Besprechungen, Konferenzen, Gerichtsverhandlungen, Arztterminen und vielem mehr helfen.<\/p>\t\t\t\t\t\t\t\t<\/div>\n\t\t\t\t\t<\/div>\n\t\t\t\t<\/div>\n\t\t<div class=\"elementor-element elementor-element-1ee444e e-flex e-con-boxed e-con e-parent\" data-id=\"1ee444e\" data-element_type=\"container\" data-e-type=\"container\">\n\t\t\t\t\t<div class=\"e-con-inner\">\n\t\t\t\t<div class=\"elementor-element elementor-element-735c5cb elementor-widget elementor-widget-heading\" data-id=\"735c5cb\" data-element_type=\"widget\" data-e-type=\"widget\" data-widget_type=\"heading.default\">\n\t\t\t\t\t<h3 class=\"elementor-heading-title elementor-size-default\">Konsekutivdolmetschen <\/h3>\t\t\t\t<\/div>\n\t\t\t\t\t<\/div>\n\t\t\t\t<\/div>\n\t\t<div class=\"elementor-element elementor-element-9422c8a e-flex e-con-boxed e-con e-parent\" data-id=\"9422c8a\" data-element_type=\"container\" data-e-type=\"container\">\n\t\t\t\t\t<div class=\"e-con-inner\">\n\t\t\t\t<div class=\"elementor-element elementor-element-755958a elementor-widget elementor-widget-text-editor\" data-id=\"755958a\" data-element_type=\"widget\" data-e-type=\"widget\" data-widget_type=\"text-editor.default\">\n\t\t\t\t\t\t\t\t\t<p>LSA GLOBAL bietet Online-Konsekutivdolmetschdienste in \u00fcber 75 Sprachen an. In Einzelgespr\u00e4chen oder in kleinen Gruppen wird Konsekutivdolmetschen eingesetzt. Unsere Dolmetscher m\u00fcssen strenge Standards der Professionalit\u00e4t einhalten. Nach einer Verz\u00f6gerung wiederholt der Dolmetscher die Bemerkungen des Sprechers in der Zielsprache. F\u00fcr Konsekutivdolmetschen ist selten eine spezielle Ausr\u00fcstung erforderlich. Unsere Dolmetscher haben ein au\u00dfergew\u00f6hnliches Verst\u00e4ndnis f\u00fcr die sprachlichen und kulturellen Anforderungen unserer Kunden. Um Konsekutivdolmetschen durchf\u00fchren zu k\u00f6nnen, m\u00fcssen Linguisten, die professionelle Dolmetscher werden m\u00f6chten, \u00fcber hervorragende sprachliche F\u00e4higkeiten und ausgepr\u00e4gte Kommunikationsf\u00e4higkeiten verf\u00fcgen. Wir besch\u00e4ftigen nur hochqualifizierte, professionelle Dolmetscher, die unsere Marke und Dienstleistungen repr\u00e4sentieren k\u00f6nnen.<\/p><p>Konsekutivdolmetschen eignet sich f\u00fcr Arzttermine, Einwanderungstermine, Polizeivernehmungen, Gesch\u00e4ftstreffen kleiner Gruppen, Gerichts- und Rechtstermine, Schulungsaktivit\u00e4ten und viele andere Einzelgespr\u00e4che mit zwei oder mehr Personen, die nicht in einer einzigen Sprache kommunizieren k\u00f6nnen. Konsekutivdolmetscher ben\u00f6tigen fortgeschrittene Sprachkenntnisse, ausgepr\u00e4gte zwischenmenschliche Kommunikationsf\u00e4higkeiten und Facherfahrung in dem Bereich, in dem sie dolmetschen. Wir w\u00e4hlen die qualifiziertesten Dolmetscher aus, damit Sie und Ihr Unternehmen in einer Vielzahl von Situationen effektiv kommunizieren k\u00f6nnen.<\/p>\t\t\t\t\t\t\t\t<\/div>\n\t\t\t\t\t<\/div>\n\t\t\t\t<\/div>\n\t\t<div class=\"elementor-element elementor-element-d0779fb e-flex e-con-boxed e-con e-parent\" data-id=\"d0779fb\" data-element_type=\"container\" data-e-type=\"container\">\n\t\t\t\t\t<div class=\"e-con-inner\">\n\t\t\t\t<div class=\"elementor-element elementor-element-2a4fe30 elementor-widget elementor-widget-heading\" data-id=\"2a4fe30\" data-element_type=\"widget\" data-e-type=\"widget\" data-widget_type=\"heading.default\">\n\t\t\t\t\t<h3 class=\"elementor-heading-title elementor-size-default\">Warum sollten Sie sich f\u00fcr unsere Konsekutivdolmetschdienste entscheiden?<\/h3>\t\t\t\t<\/div>\n\t\t\t\t<div class=\"elementor-element elementor-element-801dfef elementor-widget elementor-widget-text-editor\" data-id=\"801dfef\" data-element_type=\"widget\" data-e-type=\"widget\" data-widget_type=\"text-editor.default\">\n\t\t\t\t\t\t\t\t\t<p>Wir bieten Ihnen erstklassige, individuelle und preiswerte Konsekutivdolmetschdienste. Unsere qualifizierten Dolmetscher stehen Ihnen f\u00fcr Termine, Besprechungen, Konferenzen, Gerichtsverhandlungen, Arzttermine und alle anderen Anl\u00e4sse zur Verf\u00fcgung.<\/p>\t\t\t\t\t\t\t\t<\/div>\n\t\t\t\t\t<\/div>\n\t\t\t\t<\/div>\n\t\t<div class=\"elementor-element elementor-element-e3f5802 e-flex e-con-boxed e-con e-parent\" data-id=\"e3f5802\" data-element_type=\"container\" data-e-type=\"container\">\n\t\t\t\t\t<div class=\"e-con-inner\">\n\t\t\t\t<div class=\"elementor-element elementor-element-ca6a46b elementor-widget elementor-widget-heading\" data-id=\"ca6a46b\" data-element_type=\"widget\" data-e-type=\"widget\" data-widget_type=\"heading.default\">\n\t\t\t\t\t<h3 class=\"elementor-heading-title elementor-size-default\">Anbieter von Simultandolmetschdiensten<\/h3>\t\t\t\t<\/div>\n\t\t\t\t<div class=\"elementor-element elementor-element-1a0e7d4 elementor-widget elementor-widget-text-editor\" data-id=\"1a0e7d4\" data-element_type=\"widget\" data-e-type=\"widget\" data-widget_type=\"text-editor.default\">\n\t\t\t\t\t\t\t\t\t<p>LSA GLOBAL bietet professionelle Simultandolmetschdienste an. Simultandolmetschen wird normalerweise bei gro\u00dfen Meetings und Konferenzen eingesetzt, bei denen mehrere Sprachen gesprochen werden. Beim Simultandolmetschen, einer komplexen Form des Dolmetschens, wird ein Dolmetscher ben\u00f6tigt, der dem Sprecher zuh\u00f6ren und gleichzeitig dolmetschen kann. Dolmetscher dolmetschen in ein Mikrofon, w\u00e4hrend sie dem Sprecher \u00fcber einen Ohrh\u00f6rer in einer schalldichten Kabine zuh\u00f6ren. Das Mikrofon \u00fcbertr\u00e4gt die Verdolmetschung an die Ohrh\u00f6rer der Zuh\u00f6rer, die diese Sprache verstehen m\u00fcssen. Gro\u00dfe Konferenzen auf der ganzen Welt nutzen Simultandolmetschdienste, wobei die Vereinten Nationen als Paradebeispiel dienen. Je nach Art der Konferenz und den Dolmetschanforderungen unserer Kunden bestimmen wir einen qualifizierten Dolmetscher.<\/p><p>Simultanes Dolmetschen erfordert jahrelange Erfahrung und Kenntnisse sowohl des Themas als auch des Publikums. Veranstaltungen, bei denen Dolmetscherdienste erforderlich sind, erfordern eine umfassende Planung und spezielle Ausr\u00fcstung. Bei den meisten Konferenzorten beurteilen wir Aufbau und Ausr\u00fcstung h\u00e4ufig schon Tage im Voraus. Durch den Einsatz modernster Dolmetschtechnologie \u00fcbertreffen wir die Erwartungen unserer Kunden. Wir zertifizieren unsere \u00dcbersetzer und f\u00fchren Hintergrundpr\u00fcfungen durch.<\/p>\t\t\t\t\t\t\t\t<\/div>\n\t\t\t\t<div class=\"elementor-element elementor-element-4d5ed9d elementor-widget elementor-widget-heading\" data-id=\"4d5ed9d\" data-element_type=\"widget\" data-e-type=\"widget\" data-widget_type=\"heading.default\">\n\t\t\t\t\t<h3 class=\"elementor-heading-title elementor-size-default\">Warum sollten Sie sich f\u00fcr unsere Simultandolmetschdienste entscheiden?<\/h3>\t\t\t\t<\/div>\n\t\t\t\t<div class=\"elementor-element elementor-element-cf3be1b elementor-widget elementor-widget-text-editor\" data-id=\"cf3be1b\" data-element_type=\"widget\" data-e-type=\"widget\" data-widget_type=\"text-editor.default\">\n\t\t\t\t\t\t\t\t\t<p>Unser Team bietet herausragende und personalisierte Simultandolmetschdienste zu angemessenen Preisen. Wir k\u00f6nnen Sie bei allen Dolmetschauftr\u00e4gen unterst\u00fctzen, einschlie\u00dflich mittelgro\u00dfer und gro\u00dfer Meetings und Konferenzen. Unsere Organisation stellt hochqualifizierte professionelle Dolmetscher zur Verf\u00fcgung, die die modernste Dolmetschtechnologie einsetzen.<\/p>\t\t\t\t\t\t\t\t<\/div>\n\t\t\t\t<div class=\"elementor-element elementor-element-a4081e4 elementor-widget elementor-widget-heading\" data-id=\"a4081e4\" data-element_type=\"widget\" data-e-type=\"widget\" data-widget_type=\"heading.default\">\n\t\t\t\t\t<h3 class=\"elementor-heading-title elementor-size-default\">Anbieter von telefonischen Dolmetscherdiensten<\/h3>\t\t\t\t<\/div>\n\t\t\t\t<div class=\"elementor-element elementor-element-efa3e30 elementor-widget elementor-widget-text-editor\" data-id=\"efa3e30\" data-element_type=\"widget\" data-e-type=\"widget\" data-widget_type=\"text-editor.default\">\n\t\t\t\t\t\t\t\t\t<p>LSA GLOBAL bietet OPI-Dienste in mehr als 75 Sprachen an, sodass Kunden jederzeit und \u00fcberall sprachliche Unterst\u00fctzung erhalten k\u00f6nnen. Wie bei allen Dolmetschdiensten ben\u00f6tigt OPI hochqualifizierte Linguisten, die die sprachlichen Anforderungen der Personen verstehen, f\u00fcr die sie dolmetschen. Unsere Kunden ben\u00f6tigen Linguisten, die jederzeit f\u00fcr telefonisches Dolmetschen verf\u00fcgbar sind. Wir stellen sicher, dass Sie jederzeit Zugang zum geeigneten Dolmetscher haben.<\/p><p>Wir nutzen die neueste Telefondolmetschtechnologie. Mit unserer benutzerfreundlichen Dolmetschl\u00f6sung k\u00f6nnen Sie innerhalb von Sekunden eine sichere Verbindung herstellen, 24 Stunden am Tag, sieben Tage die Woche, in jedem Telefonnetz. Als Kunde von File Translations k\u00f6nnen Sie eine geb\u00fchrenfreie Nummer anrufen und wir erfassen Ihre grundlegenden Kontoinformationen und die gew\u00fcnschte Sprache. Sie k\u00f6nnen innerhalb weniger Minuten mit dem Dolmetschen beginnen. Sie k\u00f6nnen jederzeit Hilfe finden, wenn Sie sie ben\u00f6tigen.<\/p><p>Zertifizierte Dolmetscher sind Profis. Wir besch\u00e4ftigen hochqualifizierte, professionelle Dolmetscher mit Fachkenntnissen in den Sprachen Ihrer Kunden. Wir bieten Unterst\u00fctzung f\u00fcr acht der am h\u00e4ufigsten gesprochenen Sprachen der Welt. Zu jeder Zeit sind \u00fcber 500 professionelle Dolmetscher damit besch\u00e4ftigt, Dokumente zu \u00fcbersetzen.<\/p><p>F\u00fcr eine effektive Kommunikation reicht es oft nicht aus, die Kultur Ihrer Kunden zu kennen. Wir stellen sicher, dass unsere Dolmetscher \u00fcber die erforderliche kulturelle Kompetenz verf\u00fcgen, um kulturell angemessene Dolmetschdienste zu bieten, da die Welt kulturell vielf\u00e4ltig ist und es wichtig ist, Botschaften auf kulturell angemessene Weise zu \u00fcbermitteln.<\/p>\t\t\t\t\t\t\t\t<\/div>\n\t\t\t\t<div class=\"elementor-element elementor-element-657c005 elementor-widget elementor-widget-heading\" data-id=\"657c005\" data-element_type=\"widget\" data-e-type=\"widget\" data-widget_type=\"heading.default\">\n\t\t\t\t\t<h4 class=\"elementor-heading-title elementor-size-default\">DOLMETSCHEN UND SIMULTAN\u00dcBERSETZUNGEN<\/h4>\t\t\t\t<\/div>\n\t\t\t\t<div class=\"elementor-element elementor-element-01ee5f1 elementor-widget elementor-widget-text-editor\" data-id=\"01ee5f1\" data-element_type=\"widget\" data-e-type=\"widget\" data-widget_type=\"text-editor.default\">\n\t\t\t\t\t\t\t\t\t<p>Kontaktieren Sie uns noch heute. Wir bieten Ihnen einen individuellen Dolmetscherservice, der Ihren pers\u00f6nlichen und gesch\u00e4ftlichen Anforderungen gerecht wird. Wir melden uns umgehend bei Ihnen. Unser Team steht Ihnen jederzeit gerne zur Verf\u00fcgung.<\/p>\t\t\t\t\t\t\t\t<\/div>\n\t\t\t\t\t<\/div>\n\t\t\t\t<\/div>\n\t\t<div class=\"elementor-element elementor-element-4df1e41 e-flex e-con-boxed e-con e-parent\" data-id=\"4df1e41\" data-element_type=\"container\" data-e-type=\"container\">\n\t\t\t\t\t<div class=\"e-con-inner\">\n\t\t\t\t<div class=\"elementor-element elementor-element-691e89c elementor-widget elementor-widget-heading\" data-id=\"691e89c\" data-element_type=\"widget\" data-e-type=\"widget\" data-widget_type=\"heading.default\">\n\t\t\t\t\t<h4 class=\"elementor-heading-title elementor-size-default\"><a href=\"https:\/\/lsa-global.com\/de\/fordern-sie-ein-kostenloses-angebot-an-lsa-global\/\">Jetzt kostenloses Angebot anfordern<\/a><\/h4>\t\t\t\t<\/div>\n\t\t\t\t\t<\/div>\n\t\t\t\t<\/div>\n\t\t<div class=\"elementor-element elementor-element-5a162ad e-flex e-con-boxed e-con e-parent\" data-id=\"5a162ad\" data-element_type=\"container\" data-e-type=\"container\">\n\t\t\t\t\t<div class=\"e-con-inner\">\n\t\t\t\t<div class=\"elementor-element elementor-element-6983b60 elementor-widget elementor-widget-heading\" data-id=\"6983b60\" data-element_type=\"widget\" data-e-type=\"widget\" data-widget_type=\"heading.default\">\n\t\t\t\t\t<h3 class=\"elementor-heading-title elementor-size-default\">Dar\u00fcber hinausgehen<\/h3>\t\t\t\t<\/div>\n\t\t\t\t<div class=\"elementor-element elementor-element-23bf6c0 elementor-widget elementor-widget-text-editor\" data-id=\"23bf6c0\" data-element_type=\"widget\" data-e-type=\"widget\" data-widget_type=\"text-editor.default\">\n\t\t\t\t\t\t\t\t\t<h5><span style=\"color: #ff0000;\"><a style=\"color: #ff0000;\" href=\"https:\/\/lsa-global.com\/de\/preise-und-bedingungen-fur-ubersetzungen\/\">Preispl\u00e4ne und mehr<\/a><\/span><\/h5>\t\t\t\t\t\t\t\t<\/div>\n\t\t\t\t<div class=\"elementor-element elementor-element-7d12202 elementor-widget elementor-widget-text-editor\" data-id=\"7d12202\" data-element_type=\"widget\" data-e-type=\"widget\" data-widget_type=\"text-editor.default\">\n\t\t\t\t\t\t\t\t\t<h5><span style=\"color: #ff0000;\"><a style=\"color: #ff0000;\" href=\"https:\/\/lsa-global.com\/de\/deutsche-sprache-lernen\/\">Deutschkurs<\/a><\/span><\/h5>\t\t\t\t\t\t\t\t<\/div>\n\t\t\t\t<div class=\"elementor-element elementor-element-65298c7 elementor-widget elementor-widget-text-editor\" data-id=\"65298c7\" data-element_type=\"widget\" data-e-type=\"widget\" data-widget_type=\"text-editor.default\">\n\t\t\t\t\t\t\t\t\t<h5><span style=\"color: #ff0000;\"><a style=\"color: #ff0000;\" href=\"https:\/\/lsa-global.com\/de\/deutsche-sprache-lernen\/\">Kostenloses Angebot<\/a><\/span><\/h5>\t\t\t\t\t\t\t\t<\/div>\n\t\t\t\t<div class=\"elementor-element elementor-element-5798509 elementor-widget elementor-widget-text-editor\" data-id=\"5798509\" data-element_type=\"widget\" data-e-type=\"widget\" data-widget_type=\"text-editor.default\">\n\t\t\t\t\t\t\t\t\t<h5><span style=\"color: #ff0000;\"><a style=\"color: #ff0000;\" href=\"https:\/\/lsa-global.com\/de\/beitrage\/\">Weitere Beitr\u00e4ge<\/a><\/span><\/h5>\t\t\t\t\t\t\t\t<\/div>\n\t\t\t\t<div class=\"elementor-element elementor-element-acd5393 elementor-widget elementor-widget-text-editor\" data-id=\"acd5393\" data-element_type=\"widget\" data-e-type=\"widget\" data-widget_type=\"text-editor.default\">\n\t\t\t\t\t\t\t\t\t<h5><span style=\"color: #ff0000;\"><a style=\"color: #ff0000;\" href=\"https:\/\/lsaglobal-translate.co.uk\/services\/translation-services\/\" target=\"_blank\" rel=\"noopener\">\u00dcbersetzungsprofi.<\/a><\/span><\/h5>\t\t\t\t\t\t\t\t<\/div>\n\t\t\t\t\t<\/div>\n\t\t\t\t<\/div>\n\t\t<div class=\"elementor-element elementor-element-0472a2c e-flex e-con-boxed e-con e-parent\" data-id=\"0472a2c\" data-element_type=\"container\" data-e-type=\"container\">\n\t\t\t\t\t<div class=\"e-con-inner\">\n\t\t\t\t<div class=\"elementor-element elementor-element-ddfb94c elementor-widget elementor-widget-image\" data-id=\"ddfb94c\" data-element_type=\"widget\" data-e-type=\"widget\" data-widget_type=\"image.default\">\n\t\t\t\t\t\t\t\t\t\t\t\t\t\t\t<img decoding=\"async\" data-attachment-id=\"23100\" data-permalink=\"https:\/\/lsa-global.com\/de\/call-center-operator-global-international-communications-concept\/\" data-orig-file=\"https:\/\/i0.wp.com\/lsa-global.com\/wp-content\/uploads\/2023\/04\/istockphoto-484021710-612x612-1.jpg?fit=612%2C197&amp;ssl=1\" data-orig-size=\"612,197\" data-comments-opened=\"1\" data-image-meta=\"{&quot;aperture&quot;:&quot;0&quot;,&quot;credit&quot;:&quot;Getty Images\/iStockphoto&quot;,&quot;camera&quot;:&quot;&quot;,&quot;caption&quot;:&quot;call center operator global international communications concept&quot;,&quot;created_timestamp&quot;:&quot;0&quot;,&quot;copyright&quot;:&quot;Visivasnc&quot;,&quot;focal_length&quot;:&quot;0&quot;,&quot;iso&quot;:&quot;0&quot;,&quot;shutter_speed&quot;:&quot;0&quot;,&quot;title&quot;:&quot;call center operator global international communications concept&quot;,&quot;orientation&quot;:&quot;0&quot;}\" data-image-title=\"\" data-image-description=\"\" data-image-caption=\"&lt;p&gt;LSA GLOBAL call center operator global international &lt;\/p&gt;\" data-large-file=\"https:\/\/i0.wp.com\/lsa-global.com\/wp-content\/uploads\/2023\/04\/istockphoto-484021710-612x612-1.jpg?fit=612%2C197&amp;ssl=1\" width=\"300\" height=\"97\" src=\"https:\/\/i0.wp.com\/lsa-global.com\/wp-content\/uploads\/2023\/04\/istockphoto-484021710-612x612-1.jpg?fit=300%2C97&amp;ssl=1\" class=\"attachment-medium size-medium wp-image-23100\" alt=\"LSA Dolmetschdienste\" srcset=\"https:\/\/i0.wp.com\/lsa-global.com\/wp-content\/uploads\/2023\/04\/istockphoto-484021710-612x612-1.jpg?w=612&amp;ssl=1 612w, https:\/\/i0.wp.com\/lsa-global.com\/wp-content\/uploads\/2023\/04\/istockphoto-484021710-612x612-1.jpg?resize=300%2C97&amp;ssl=1 300w, https:\/\/i0.wp.com\/lsa-global.com\/wp-content\/uploads\/2023\/04\/istockphoto-484021710-612x612-1.jpg?resize=370%2C119&amp;ssl=1 370w, https:\/\/i0.wp.com\/lsa-global.com\/wp-content\/uploads\/2023\/04\/istockphoto-484021710-612x612-1.jpg?resize=600%2C193&amp;ssl=1 600w\" sizes=\"(max-width: 300px) 100vw, 300px\" title=\"\">\t\t\t\t\t\t\t\t\t\t\t\t\t\t\t<\/div>\n\t\t\t\t\t<\/div>\n\t\t\t\t<\/div>\n\t\t\t\t<\/div>","protected":false},"excerpt":{"rendered":"<p>Professional Interpretation Services LSA GLOBAL provides comprehensive professional interpretation services. We interpret for international individuals, enterprises, corporations, and organizations. Our&hellip;<\/p>","protected":false},"author":1,"featured_media":2983,"parent":0,"menu_order":0,"comment_status":"closed","ping_status":"closed","template":"","meta":{"jetpack_post_was_ever_published":false,"footnotes":""},"class_list":["post-3512","page","type-page","status-publish","has-post-thumbnail","hentry"],"jetpack_sharing_enabled":true,"jetpack_likes_enabled":true,"jetpack-related-posts":[],"jetpack_shortlink":"https:\/\/wp.me\/PerFda-UE","_links":{"self":[{"href":"https:\/\/lsa-global.com\/de\/wp-json\/wp\/v2\/pages\/3512","targetHints":{"allow":["GET"]}}],"collection":[{"href":"https:\/\/lsa-global.com\/de\/wp-json\/wp\/v2\/pages"}],"about":[{"href":"https:\/\/lsa-global.com\/de\/wp-json\/wp\/v2\/types\/page"}],"author":[{"embeddable":true,"href":"https:\/\/lsa-global.com\/de\/wp-json\/wp\/v2\/users\/1"}],"replies":[{"embeddable":true,"href":"https:\/\/lsa-global.com\/de\/wp-json\/wp\/v2\/comments?post=3512"}],"version-history":[{"count":0,"href":"https:\/\/lsa-global.com\/de\/wp-json\/wp\/v2\/pages\/3512\/revisions"}],"wp:featuredmedia":[{"embeddable":true,"href":"https:\/\/lsa-global.com\/de\/wp-json\/wp\/v2\/media\/2983"}],"wp:attachment":[{"href":"https:\/\/lsa-global.com\/de\/wp-json\/wp\/v2\/media?parent=3512"}],"curies":[{"name":"wp","href":"https:\/\/api.w.org\/{rel}","templated":true}]}}