{"id":32514,"date":"2023-12-21T20:27:20","date_gmt":"2023-12-21T19:27:20","guid":{"rendered":"https:\/\/lsa-global.com\/?page_id=32514"},"modified":"2025-04-02T16:58:34","modified_gmt":"2025-04-02T15:58:34","slug":"werde-lehrer-lsa-global","status":"publish","type":"page","link":"https:\/\/lsa-global.com\/de\/werde-lehrer-lsa-global\/","title":{"rendered":"Werde Lehrer"},"content":{"rendered":"<div data-elementor-type=\"wp-page\" data-elementor-id=\"32514\" class=\"elementor elementor-32514\" data-elementor-post-type=\"page\">\n\t\t\t\t<div class=\"elementor-element elementor-element-148dcccd e-flex e-con-boxed e-con e-parent\" data-id=\"148dcccd\" data-element_type=\"container\" data-e-type=\"container\">\n\t\t\t\t\t<div class=\"e-con-inner\">\n\t\t\t\t<div class=\"elementor-element elementor-element-8bc1245 elementor-widget elementor-widget-heading\" data-id=\"8bc1245\" data-element_type=\"widget\" data-e-type=\"widget\" data-widget_type=\"heading.default\">\n\t\t\t\t\t<h2 class=\"elementor-heading-title elementor-size-default\">Werden Sie Lehrer: F\u00fcllen Sie das Formular aus.<\/h2>\t\t\t\t<\/div>\n\t\t\t\t<div class=\"elementor-element elementor-element-606f3d75 elementor-widget elementor-widget-text-editor\" data-id=\"606f3d75\" data-element_type=\"widget\" data-e-type=\"widget\" data-widget_type=\"text-editor.default\">\n\t\t\t\t\t\t\t\t\t<div class=\"wp-block-image\">\n<figure class=\"aligncenter size-full is-resized\"><img fetchpriority=\"high\" decoding=\"async\" width=\"612\" height=\"408\" data-attachment-id=\"2987\" data-permalink=\"https:\/\/lsa-global.com\/de\/istockphoto-1279092857-612x612\/\" data-orig-file=\"https:\/\/i0.wp.com\/lsa-global.com\/wp-content\/uploads\/2022\/08\/istockphoto-1279092857-612x612-2.jpg?fit=612%2C408&amp;ssl=1\" data-orig-size=\"612,408\" data-comments-opened=\"1\" data-image-meta=\"{&quot;aperture&quot;:&quot;0&quot;,&quot;credit&quot;:&quot;Getty Images&quot;,&quot;camera&quot;:&quot;&quot;,&quot;caption&quot;:&quot;young business woman student teacher tutor wear wireless headset video conference calling on laptop computer talk by webcam learn teach in online chat, distance webinar online teaching concept&quot;,&quot;created_timestamp&quot;:&quot;0&quot;,&quot;copyright&quot;:&quot;&quot;,&quot;focal_length&quot;:&quot;0&quot;,&quot;iso&quot;:&quot;0&quot;,&quot;shutter_speed&quot;:&quot;0&quot;,&quot;title&quot;:&quot;&quot;,&quot;orientation&quot;:&quot;0&quot;}\" data-image-title=\"\" data-image-description=\"\" data-image-caption=\"\" data-large-file=\"https:\/\/i0.wp.com\/lsa-global.com\/wp-content\/uploads\/2022\/08\/istockphoto-1279092857-612x612-2.jpg?fit=612%2C408&amp;ssl=1\" data-recalc-dims=\"1\" class=\"wp-image-2987\" style=\"width: 712px; height: auto;\" src=\"https:\/\/i0.wp.com\/lsa-global.com\/wp-content\/uploads\/2022\/08\/istockphoto-1279092857-612x612-2.jpg?w=1280&#038;ssl=1\" alt=\"Werden Sie unser Kursleiter\" title=\"\" srcset=\"https:\/\/i0.wp.com\/lsa-global.com\/wp-content\/uploads\/2022\/08\/istockphoto-1279092857-612x612-2.jpg?w=612&amp;ssl=1 612w, https:\/\/i0.wp.com\/lsa-global.com\/wp-content\/uploads\/2022\/08\/istockphoto-1279092857-612x612-2.jpg?resize=600%2C400&amp;ssl=1 600w, https:\/\/i0.wp.com\/lsa-global.com\/wp-content\/uploads\/2022\/08\/istockphoto-1279092857-612x612-2.jpg?resize=300%2C200&amp;ssl=1 300w, https:\/\/i0.wp.com\/lsa-global.com\/wp-content\/uploads\/2022\/08\/istockphoto-1279092857-612x612-2.jpg?resize=370%2C247&amp;ssl=1 370w\" sizes=\"(max-width: 612px) 100vw, 612px\" \/><\/figure>\n<\/div>\n<p>\u00a0<\/p>\n\t\t\t\t\t\t\t\t<\/div>\n\t\t\t\t<div class=\"elementor-element elementor-element-3c0a6aa sc_fly_static elementor-widget elementor-widget-learnpress_become_a_teacher\" data-id=\"3c0a6aa\" data-element_type=\"widget\" data-e-type=\"widget\" data-widget_type=\"learnpress_become_a_teacher.default\">\n\t\t\t\t<div class=\"elementor-widget-container\">\n\t\t\t\t\t<div class=\"learnpress\">\r\n\t\t\t\t\t\t\t\t\t<div class=\"learn-press-message success\" >\r\n\t\t\t\t Bitte <strong><a href=\"https:\/\/lsa-global.com\/de\/studentenzentrum\/\">Anmelden<\/a><\/strong>, um deine Anfrage zu senden!\t\t\t<\/div>\r\n\r\n\t\t\r\n\t\r\n<\/div>\t\t\t\t<\/div>\n\t\t\t\t<\/div>\n\t\t\t\t<div class=\"elementor-element elementor-element-33ee116 elementor-widget elementor-widget-heading\" data-id=\"33ee116\" data-element_type=\"widget\" data-e-type=\"widget\" data-widget_type=\"heading.default\">\n\t\t\t\t\t<h4 class=\"elementor-heading-title elementor-size-default\">Voraussetzungen f\u00fcr die Lehre in den meisten Disziplinen.<\/h4>\t\t\t\t<\/div>\n\t\t\t\t\t<\/div>\n\t\t\t\t<\/div>\n\t\t<div class=\"elementor-element elementor-element-fa44a7c e-flex e-con-boxed e-con e-parent\" data-id=\"fa44a7c\" data-element_type=\"container\" data-e-type=\"container\">\n\t\t\t\t\t<div class=\"e-con-inner\">\n\t\t<div class=\"elementor-element elementor-element-4bf742f e-con-full e-flex e-con e-child\" data-id=\"4bf742f\" data-element_type=\"container\" data-e-type=\"container\">\n\t\t\t\t<div class=\"elementor-element elementor-element-7ed5865 elementor-widget elementor-widget-text-editor\" data-id=\"7ed5865\" data-element_type=\"widget\" data-e-type=\"widget\" data-widget_type=\"text-editor.default\">\n\t\t\t\t\t\t\t\t\t<h6><span style=\"color: #000080; font-weight: normal;\">Werde Lehrer.<\/span><\/h6>\n<p><span style=\"font-size: 16px;\">Beurteilung der Eignung f\u00fcr den Lehrerberuf. Beispiel: Ein Lehrer im Umgang mit einem Sch\u00fcler. Ein p\u00e4dagogischer Beruf kann sowohl erf\u00fcllend als auch anspruchsvoll sein. Kompetente P\u00e4dagogen beeinflussen das Leben junger Menschen regelm\u00e4\u00dfig ma\u00dfgeblich.&nbsp;<\/span><\/p><p><span style=\"font-size: 16px;\">Die Lehrkr\u00e4fte vermitteln ihren Sch\u00fclern nicht nur schulische F\u00e4higkeiten, sondern auch korrektes Verhalten, effektive zwischenmenschliche F\u00e4higkeiten und eine starke Arbeitsmoral, um Ziele zu erreichen. Wenn Sie einen Beruf anstreben, der es Ihnen erm\u00f6glicht, aktiv zur Gesellschaft beizutragen und einen sp\u00fcrbaren Einfluss auf die Welt zu nehmen, k\u00f6nnte der Lehrberuf eine \u00dcberlegung wert sein.<\/span><\/p>\n<p><!-- \/wp:paragraph --><!-- wp:paragraph --><\/p>\n<p>Viele Menschen, die eine Karriere im Bildungsbereich anstreben, erleben eine lange und erf\u00fcllende berufliche Laufbahn, w\u00e4hrend es einige gibt, die das Berufsfeld aus verschiedenen Gr\u00fcnden vorzeitig aufgeben, um eine alternative Besch\u00e4ftigung zu suchen. Bevor Sie Zeit und M\u00fche in den Erwerb einer Zertifizierung und der erforderlichen Ausbildung investieren, um eine Karriere als Lehrer zu erreichen, m\u00fcssen Sie unbedingt sicherstellen, dass Sie \u00fcber die geeigneten Qualifikationen f\u00fcr die Arbeit verf\u00fcgen und dass der Job Ihren pers\u00f6nlichen Eignungen entspricht.<\/p>\n<p><!-- \/wp:paragraph --><!-- wp:paragraph --><\/p>\n<p><\/p>\t\t\t\t\t\t\t\t<\/div>\n\t\t\t\t<\/div>\n\t\t<div class=\"elementor-element elementor-element-9a400a5 e-con-full e-flex e-con e-child\" data-id=\"9a400a5\" data-element_type=\"container\" data-e-type=\"container\">\n\t\t\t\t<div class=\"elementor-element elementor-element-70423e1 elementor-widget elementor-widget-text-editor\" data-id=\"70423e1\" data-element_type=\"widget\" data-e-type=\"widget\" data-widget_type=\"text-editor.default\">\n\t\t\t\t\t\t\t\t\t<p>Lehrer interagieren mit Personen unterschiedlicher Altersgruppen, ob Kinder oder Erwachsene, in Bildungsumgebungen wie Klassenzimmern oder anderen Lernumgebungen.<\/p>\n<p>\u00a0Bildungseinrichtungen bieten verschiedene M\u00f6glichkeiten, wie \u00f6ffentliche oder private Schulen, Charter- oder Magnetschulen, internationale Schulen oder sprachspezifische Schulen f\u00fcr Nicht-Englischsprachige im In- und Ausland. Grundschul-, Mittelschul- und Oberschullehrer haben einen entscheidenden Einfluss auf die Entwicklung und Zukunftsaussichten von Kindern. Sie unterrichten in akademischen F\u00e4chern wie Sprachen und Rechnen und vermitteln ihnen pers\u00f6nliche Qualit\u00e4ten wie gutes Benehmen und Disziplin.\u00a0<\/p>\n<p><span style=\"font-size: 16px;\">Lehrer m\u00fcssen \u00fcber ein tiefes Verst\u00e4ndnis ihres Fachgebiets verf\u00fcgen und die F\u00e4higkeit besitzen, ihr Wissen anderen kompetent zu vermitteln.\u00a0<\/span><span style=\"font-size: 16px;\">Einer der\u00a0<\/span><span style=\"font-size: 16px;\">wichtige Eigenschaften eines guten Lehrers ist die Liebe zum Lernen. Lehrer sollten\u00a0<\/span><span style=\"font-size: 16px;\">h\u00f6ren nie auf, neue Dinge zu lernen, da sie dieses Wissen an ihre\u00a0<\/span><span style=\"font-size: 16px;\">Sch\u00fcler. Lernen hilft Lehrern auch, auf dem neuesten Stand der Lehrmethoden zu bleiben\u00a0<\/span><span style=\"font-size: 16px;\">Methoden und Trends.<\/span><\/p>\n<p><span style=\"font-size: 16px;\">Ein Lehrer hat die M\u00f6glichkeit, in allen akademischen Disziplinen zu unterrichten oder sich auf ein bestimmtes Fachgebiet zu konzentrieren. Kindergarten- und Grundschullehrer unterrichten oft eine einzelne Gruppe von Sch\u00fclern in einem breiten Spektrum von Disziplinen, darunter Lesen, Naturwissenschaften und Mathematik.\u00a0<\/span><\/p>\n<p><span style=\"font-size: 16px;\">In der Regel konzentrieren sich Mittel- und Oberstufenlehrer auf ein oder zwei Spezialf\u00e4cher, wie Mathematik oder Naturwissenschaften. Innerhalb dieser breiteren Bereiche kann ein Lehrer verschiedene Kurse unterrichten. Beispielsweise kann ein Oberstufenlehrer mit naturwissenschaftlicher Expertise Chemie, Biologie und Physik unterrichten. Ein Abschluss und eine staatliche Zertifizierung im jeweiligen Fachbereich sind erforderlich.<\/span><\/p>\t\t\t\t\t\t\t\t<\/div>\n\t\t\t\t<\/div>\n\t\t\t\t\t<\/div>\n\t\t\t\t<\/div>\n\t\t<div class=\"elementor-element elementor-element-32c4750 e-flex e-con-boxed e-con e-parent\" data-id=\"32c4750\" data-element_type=\"container\" data-e-type=\"container\">\n\t\t\t\t\t<div class=\"e-con-inner\">\n\t\t\t\t<div class=\"elementor-element elementor-element-64dffe2 elementor-widget elementor-widget-heading\" data-id=\"64dffe2\" data-element_type=\"widget\" data-e-type=\"widget\" data-widget_type=\"heading.default\">\n\t\t\t\t\t<h2 class=\"elementor-heading-title elementor-size-default\">Dar\u00fcber hinausgehen<\/h2>\t\t\t\t<\/div>\n\t\t\t\t<div class=\"elementor-element elementor-element-7bdfd45 elementor-widget elementor-widget-text-editor\" data-id=\"7bdfd45\" data-element_type=\"widget\" data-e-type=\"widget\" data-widget_type=\"text-editor.default\">\n\t\t\t\t\t\t\t\t\t<h5><a href=\"https:\/\/lsaglobal-translate.co.uk\/services\/translation-services\/\" target=\"_blank\" rel=\"noopener\"><span style=\"color: #ff0000;\">\u00dcbersetzungsprofi.<\/span><\/a><\/h5>\t\t\t\t\t\t\t\t<\/div>\n\t\t\t\t<div class=\"elementor-element elementor-element-5408329 elementor-widget elementor-widget-text-editor\" data-id=\"5408329\" data-element_type=\"widget\" data-e-type=\"widget\" data-widget_type=\"text-editor.default\">\n\t\t\t\t\t\t\t\t\t<h5><a href=\"https:\/\/lsa-global.com\/de\/preise-und-bedingungen-fur-ubersetzungen\/\"><span style=\"color: #ff0000;\">Preispl\u00e4ne und mehr<\/span><\/a><\/h5>\t\t\t\t\t\t\t\t<\/div>\n\t\t\t\t<div class=\"elementor-element elementor-element-7e37d8a elementor-widget elementor-widget-text-editor\" data-id=\"7e37d8a\" data-element_type=\"widget\" data-e-type=\"widget\" data-widget_type=\"text-editor.default\">\n\t\t\t\t\t\t\t\t\t<h5><a href=\"https:\/\/lsa-global.com\/de\/deutsche-sprache-lernen\/\"><span style=\"color: #ff0000;\">Kostenloses Angebot<\/span><\/a><\/h5>\t\t\t\t\t\t\t\t<\/div>\n\t\t\t\t\t<\/div>\n\t\t\t\t<\/div>\n\t\t\t\t<\/div>","protected":false},"excerpt":{"rendered":"<p>Become a Teacher: fill in the form. \u00a0 You are a teacher! Prerequisites For Teaching in Most Disciplines. Become a&hellip;<\/p>","protected":false},"author":1,"featured_media":3025,"parent":0,"menu_order":0,"comment_status":"closed","ping_status":"closed","template":"","meta":{"jetpack_post_was_ever_published":false,"footnotes":""},"class_list":["post-32514","page","type-page","status-publish","has-post-thumbnail","hentry"],"jetpack_sharing_enabled":true,"jetpack_likes_enabled":true,"jetpack-related-posts":[],"jetpack_shortlink":"https:\/\/wp.me\/PerFda-8sq","_links":{"self":[{"href":"https:\/\/lsa-global.com\/de\/wp-json\/wp\/v2\/pages\/32514","targetHints":{"allow":["GET"]}}],"collection":[{"href":"https:\/\/lsa-global.com\/de\/wp-json\/wp\/v2\/pages"}],"about":[{"href":"https:\/\/lsa-global.com\/de\/wp-json\/wp\/v2\/types\/page"}],"author":[{"embeddable":true,"href":"https:\/\/lsa-global.com\/de\/wp-json\/wp\/v2\/users\/1"}],"replies":[{"embeddable":true,"href":"https:\/\/lsa-global.com\/de\/wp-json\/wp\/v2\/comments?post=32514"}],"version-history":[{"count":0,"href":"https:\/\/lsa-global.com\/de\/wp-json\/wp\/v2\/pages\/32514\/revisions"}],"wp:featuredmedia":[{"embeddable":true,"href":"https:\/\/lsa-global.com\/de\/wp-json\/wp\/v2\/media\/3025"}],"wp:attachment":[{"href":"https:\/\/lsa-global.com\/de\/wp-json\/wp\/v2\/media?parent=32514"}],"curies":[{"name":"wp","href":"https:\/\/api.w.org\/{rel}","templated":true}]}}