{"id":25717,"date":"2023-06-06T15:09:52","date_gmt":"2023-06-06T14:09:52","guid":{"rendered":"https:\/\/lsa-global.com\/?page_id=25717"},"modified":"2025-04-24T13:05:04","modified_gmt":"2025-04-24T12:05:04","slug":"fordern-sie-ein-kostenloses-angebot-an-lsa-global","status":"publish","type":"page","link":"https:\/\/lsa-global.com\/de\/fordern-sie-ein-kostenloses-angebot-an-lsa-global\/","title":{"rendered":"Holen Sie sich ein kostenloses Angebot"},"content":{"rendered":"<div data-elementor-type=\"wp-page\" data-elementor-id=\"25717\" class=\"elementor elementor-25717\" data-elementor-post-type=\"page\">\n\t\t\t\t<div class=\"elementor-element elementor-element-b1bef50 e-flex e-con-boxed e-con e-parent\" data-id=\"b1bef50\" data-element_type=\"container\" data-e-type=\"container\">\n\t\t\t\t\t<div class=\"e-con-inner\">\n\t\t\t\t<div class=\"elementor-element elementor-element-4bb1e54 elementor-widget elementor-widget-heading\" data-id=\"4bb1e54\" data-element_type=\"widget\" data-e-type=\"widget\" data-widget_type=\"heading.default\">\n\t\t\t\t\t<h2 class=\"elementor-heading-title elementor-size-default\">Fordern Sie jetzt Ihr KOSTENLOSES Angebot an!<\/h2>\t\t\t\t<\/div>\n\t\t\t\t<div class=\"elementor-element elementor-element-b8da902 elementor-widget elementor-widget-image\" data-id=\"b8da902\" data-element_type=\"widget\" data-e-type=\"widget\" data-widget_type=\"image.default\">\n\t\t\t\t\t\t\t\t\t\t\t\t\t\t\t<img fetchpriority=\"high\" decoding=\"async\" data-attachment-id=\"25718\" data-permalink=\"https:\/\/lsa-global.com\/zh\/%e8%8e%b7%e5%8f%96%e5%85%8d%e8%b4%b9%e6%8a%a5%e4%bb%b7-lsa-global\/quote\/\" data-orig-file=\"https:\/\/i0.wp.com\/lsa-global.com\/wp-content\/uploads\/2023\/06\/quote.jpg?fit=346%2C235&amp;ssl=1\" data-orig-size=\"346,235\" data-comments-opened=\"1\" data-image-meta=\"{&quot;aperture&quot;:&quot;0&quot;,&quot;credit&quot;:&quot;&quot;,&quot;camera&quot;:&quot;&quot;,&quot;caption&quot;:&quot;&quot;,&quot;created_timestamp&quot;:&quot;0&quot;,&quot;copyright&quot;:&quot;&quot;,&quot;focal_length&quot;:&quot;0&quot;,&quot;iso&quot;:&quot;0&quot;,&quot;shutter_speed&quot;:&quot;0&quot;,&quot;title&quot;:&quot;&quot;,&quot;orientation&quot;:&quot;0&quot;}\" data-image-title=\"Get a Free Quote\" data-image-description=\"&lt;p&gt;Get a Free Quote &lt;\/p&gt;\" data-image-caption=\"\" data-medium-file=\"https:\/\/i0.wp.com\/lsa-global.com\/wp-content\/uploads\/2023\/06\/quote.jpg?fit=300%2C204&amp;ssl=1\" data-large-file=\"https:\/\/i0.wp.com\/lsa-global.com\/wp-content\/uploads\/2023\/06\/quote.jpg?fit=346%2C235&amp;ssl=1\" width=\"300\" height=\"204\" src=\"https:\/\/i0.wp.com\/lsa-global.com\/wp-content\/uploads\/2023\/06\/quote.jpg?fit=300%2C204&amp;ssl=1\" class=\"attachment-medium size-medium wp-image-25718\" alt=\"Holen Sie sich ein kostenloses Angebot\" srcset=\"https:\/\/i0.wp.com\/lsa-global.com\/wp-content\/uploads\/2023\/06\/quote.jpg?w=346&amp;ssl=1 346w, https:\/\/i0.wp.com\/lsa-global.com\/wp-content\/uploads\/2023\/06\/quote.jpg?resize=300%2C204&amp;ssl=1 300w\" sizes=\"(max-width: 300px) 100vw, 300px\" title=\"\">\t\t\t\t\t\t\t\t\t\t\t\t\t\t\t<\/div>\n\t\t\t\t<div class=\"elementor-element elementor-element-cbea5e6 elementor-widget elementor-widget-text-editor\" data-id=\"cbea5e6\" data-element_type=\"widget\" data-e-type=\"widget\" data-widget_type=\"text-editor.default\">\n\t\t\t\t\t\t\t\t\t<h6><span style=\"color: #0000ff;\">Erhalten Sie ein kostenloses Angebot<\/span><\/h6>\t\t\t\t\t\t\t\t<\/div>\n\t\t\t\t\t<\/div>\n\t\t\t\t<\/div>\n\t\t<div class=\"elementor-element elementor-element-7151d58 e-flex e-con-boxed e-con e-parent\" data-id=\"7151d58\" data-element_type=\"container\" data-e-type=\"container\">\n\t\t\t\t\t<div class=\"e-con-inner\">\n\t\t\t\t<div class=\"elementor-element elementor-element-0a3765c elementor-widget elementor-widget-heading\" data-id=\"0a3765c\" data-element_type=\"widget\" data-e-type=\"widget\" data-widget_type=\"heading.default\">\n\t\t\t\t\t<h4 class=\"elementor-heading-title elementor-size-default\">Erhalten Sie sofort Ihr kostenloses \u00dcbersetzungsangebot mit LSA.GLOBAL<\/h4>\t\t\t\t<\/div>\n\t\t\t\t\t<\/div>\n\t\t\t\t<\/div>\n\t\t<div class=\"elementor-element elementor-element-40aaea4 e-flex e-con-boxed e-con e-parent\" data-id=\"40aaea4\" data-element_type=\"container\" data-e-type=\"container\">\n\t\t\t\t\t<div class=\"e-con-inner\">\n\t\t\t\t<div class=\"elementor-element elementor-element-0c80cac elementor-widget elementor-widget-text-editor\" data-id=\"0c80cac\" data-element_type=\"widget\" data-e-type=\"widget\" data-widget_type=\"text-editor.default\">\n\t\t\t\t\t\t\t\t\t<p>Suchen Sie nach einem zuverl\u00e4ssigen und erstklassigen \u00dcbersetzungsdienst, der all Ihre Anforderungen erf\u00fcllt, egal ob es sich um Dokumente, Audiodateien oder Videoinhalte handelt? Dann sind Sie bei LSA.GLOBAL genau richtig! Wir bieten eine m\u00fchelos einfache und benutzerfreundliche Plattform, auf der Sie unverbindlich ein Angebot anfordern k\u00f6nnen. Sie m\u00fcssen lediglich Ihre Dateien hochladen und unser engagiertes Team erstellt Ihnen ein personalisiertes Angebot, das perfekt auf Ihre spezifischen \u00dcbersetzungsanforderungen abgestimmt ist.<\/p>\t\t\t\t\t\t\t\t<\/div>\n\t\t\t\t<div class=\"elementor-element elementor-element-261a234 elementor-widget elementor-widget-heading\" data-id=\"261a234\" data-element_type=\"widget\" data-e-type=\"widget\" data-widget_type=\"heading.default\">\n\t\t\t\t\t<h3 class=\"elementor-heading-title elementor-size-default\">Optimierter Angebotsanfrageprozess<\/h3>\t\t\t\t<\/div>\n\t\t\t\t<div class=\"elementor-element elementor-element-ebe2518 elementor-widget elementor-widget-text-editor\" data-id=\"ebe2518\" data-element_type=\"widget\" data-e-type=\"widget\" data-widget_type=\"text-editor.default\">\n\t\t\t\t\t\t\t\t\t<p>Bei LSA.GLOBAL ist es unglaublich unkompliziert, ein \u00dcbersetzungsangebot einzuholen. Hier ist ein detaillierter \u00dcberblick dar\u00fcber, wie unser Prozess funktioniert, um sicherzustellen, dass Sie ein nahtloses Erlebnis haben:<\/p><ol><li><p><strong><span style=\"color: #0000ff;\">Geben Sie Ihre Dateien frei:\u00a0<\/span><\/strong>Wir haben es f\u00fcr Sie \u00e4u\u00dferst bequem gemacht, Ihre Dokumente, Audioaufnahmen oder Videomaterialien direkt auf die LSA.GLOBAL-Plattform hochzuladen. Unser System unterst\u00fctzt eine Vielzahl von Dateiformaten, sodass Sie flexibel das Format ausw\u00e4hlen k\u00f6nnen, das Ihren Anforderungen am besten entspricht.<\/p><\/li><li><p><strong><span style=\"color: #0000ff;\">Holen Sie sich Ihr Angebot:\u00a0<\/span><\/strong>Sobald Sie Ihre Dateien eingereicht haben, bewertet unser Expertenteam den Inhalt, die erforderlichen Sprachpaare und die Komplexit\u00e4t Ihres \u00dcbersetzungsprojekts sorgf\u00e4ltig. Nach Abschluss einer gr\u00fcndlichen Analyse erhalten Sie umgehend ein umfassendes und transparentes Angebot.<\/p><\/li><\/ol><p>Bei LSA.GLOBAL sind wir stolz auf unsere transparente und wettbewerbsf\u00e4hige Preisstruktur. Unsere detaillierten Angebote geben Aufschluss \u00fcber die anfallenden Kosten und erm\u00f6glichen Ihnen, fundierte Entscheidungen \u00fcber die \u00dcbersetzungsdienste zu treffen, die Ihren Anforderungen am besten entsprechen. Wir legen Wert darauf, bei jedem Schritt des Prozesses Transparenz zu wahren, damit Sie genau wissen, was Sie erwartet.<\/p><p>Lorem ipsum dolor sit amet, consectetur adipiscing elit. Ut elit tellus, luctus nec ullamcorper mattis, pulvinar dapibus leo.<\/p>\t\t\t\t\t\t\t\t<\/div>\n\t\t\t\t<div class=\"elementor-element elementor-element-2aabe7c elementor-widget elementor-widget-heading\" data-id=\"2aabe7c\" data-element_type=\"widget\" data-e-type=\"widget\" data-widget_type=\"heading.default\">\n\t\t\t\t\t<h3 class=\"elementor-heading-title elementor-size-default\">Was zeichnet LSA.GLOBAL f\u00fcr Ihre \u00dcbersetzungsanforderungen aus?<\/h3>\t\t\t\t<\/div>\n\t\t\t\t<div class=\"elementor-element elementor-element-1b6643c elementor-widget elementor-widget-text-editor\" data-id=\"1b6643c\" data-element_type=\"widget\" data-e-type=\"widget\" data-widget_type=\"text-editor.default\">\n\t\t\t\t\t\t\t\t\t<p>Wenn Sie LSA.GLOBAL f\u00fcr Ihre \u00dcbersetzungsprojekte ausw\u00e4hlen, erhalten Sie Zugriff auf:<\/p><ul><li><p><strong><span style=\"color: #0000ff;\">Schnelle und genaue Sch\u00e4tzungen:\u00a0<\/span><\/strong>Wir erstellen kostenlose und sofortige Angebote, sodass Sie die mit Ihrem \u00dcbersetzungsprojekt verbundenen Kosten schnell und unverbindlich absch\u00e4tzen k\u00f6nnen. So k\u00f6nnen Sie sich schnell einen \u00dcberblick \u00fcber die finanziellen Aspekte verschaffen, w\u00e4hrend Sie Ihre n\u00e4chsten Schritte planen.<\/p><\/li><li><p><strong><span style=\"color: #0000ff;\">Vielf\u00e4ltige Sprachoptionen:<\/span><\/strong>\u00a0Unsere \u00dcbersetzungsdienste decken eine gro\u00dfe Bandbreite an Sprachenpaaren ab. Das bedeutet, dass wir auf Ihre spezifischen Sprachanforderungen eingehen k\u00f6nnen, ganz gleich, wie einzigartig oder speziell diese auch sein m\u00f6gen.<\/p><\/li><li><p><strong><span style=\"color: #0000ff;\">Erfahrene und qualifizierte \u00dcbersetzer:<\/span><\/strong>\u00a0Unser Team besteht aus hochqualifizierten \u00dcbersetzern mit umfangreicher Expertise in zahlreichen Bereichen und Branchen. Ihr fundiertes Wissen stellt sicher, dass Ihre \u00dcbersetzungen nicht nur genau, sondern auch kulturell sensibel sind und regionale Nuancen und Kontexte ber\u00fccksichtigen.<\/p><\/li><li><p><strong><span style=\"color: #0000ff;\">Verpflichtung zu Sicherheit und Vertraulichkeit:<\/span><\/strong>\u00a0Die Sicherheit und Vertraulichkeit Ihrer Dokumente und sensiblen Informationen hat f\u00fcr uns w\u00e4hrend des gesamten \u00dcbersetzungsprozesses h\u00f6chste Priorit\u00e4t. Sie k\u00f6nnen sicher sein, dass Ihre Daten jederzeit gesch\u00fctzt sind.<\/p><\/li><li><p><strong><span style=\"color: #0000ff;\">Vielf\u00e4ltige Auswahl an Dateiformaten:<\/span><\/strong>\u00a0Unsere Plattform erm\u00f6glicht die einfache \u00dcbermittlung verschiedener Dokumenttypen und stellt sicher, dass Sie beim Hochladen von Dateien \u00fcber die erforderliche Flexibilit\u00e4t verf\u00fcgen.<\/p><\/li><\/ul>\t\t\t\t\t\t\t\t<\/div>\n\t\t\t\t<div class=\"elementor-element elementor-element-51d03b1 elementor-widget elementor-widget-heading\" data-id=\"51d03b1\" data-element_type=\"widget\" data-e-type=\"widget\" data-widget_type=\"heading.default\">\n\t\t\t\t\t<h3 class=\"elementor-heading-title elementor-size-default\">Machen Sie noch heute den ersten Schritt in Richtung Ihrer Ziele!<\/h3>\t\t\t\t<\/div>\n\t\t\t\t<div class=\"elementor-element elementor-element-75ff027 elementor-widget elementor-widget-text-editor\" data-id=\"75ff027\" data-element_type=\"widget\" data-e-type=\"widget\" data-widget_type=\"text-editor.default\">\n\t\t\t\t\t\t\t\t\t<p>Lassen Sie sich nicht l\u00e4nger von Sprachbarrieren zur\u00fcckhalten. Bereiten Sie sich auf reibungslose Kommunikation und Erfolg in all Ihren Gesch\u00e4ftsvorhaben vor. Besuchen Sie LSA.GLOBAL, um ein kostenloses Angebot f\u00fcr Ihren \u00dcbersetzungsbedarf zu erhalten. Unsere oberste Priorit\u00e4t ist es, herausragende \u00dcbersetzungsdienste zu liefern, die auf Ihre individuellen Anforderungen und Zeitrahmen zugeschnitten sind.<\/p><p>Entdecken Sie die enormen M\u00f6glichkeiten, die eine klare Kommunikation \u00fcber Sprachen hinweg mit sich bringt, indem Sie LSA.GLOBAL noch heute besuchen.<\/p>\t\t\t\t\t\t\t\t<\/div>\n\t\t\t\t<div class=\"elementor-element elementor-element-a84fc2f elementor-widget elementor-widget-heading\" data-id=\"a84fc2f\" data-element_type=\"widget\" data-e-type=\"widget\" data-widget_type=\"heading.default\">\n\t\t\t\t\t<h3 class=\"elementor-heading-title elementor-size-default\">Weitere \u00dcberlegungen<\/h3>\t\t\t\t<\/div>\n\t\t\t\t<div class=\"elementor-element elementor-element-2bb428c elementor-widget elementor-widget-text-editor\" data-id=\"2bb428c\" data-element_type=\"widget\" data-e-type=\"widget\" data-widget_type=\"text-editor.default\">\n\t\t\t\t\t\t\t\t\t<p>Bitte beachten Sie, dass dieser Artikel nur ein Beispiel ist und mit spezifischeren Details zu LSA.GLOBAL weiter angepasst werden kann. Es w\u00e4re von Vorteil, auf die in verschiedenen Branchen verf\u00fcgbare Expertise einzugehen, beispielsweise in den Bereichen Recht, Medizin, Technik und Marketing, und alle Spezialbereiche der angebotenen \u00dcbersetzungsdienste hervorzuheben. Dadurch erhalten potenzielle Kunden ein umfassenderes Verst\u00e4ndnis davon, wie sich LSA.GLOBAL in der wettbewerbsintensiven \u00dcbersetzungslandschaft abhebt.<\/p>\t\t\t\t\t\t\t\t<\/div>\n\t\t\t\t<div class=\"elementor-element elementor-element-092dc7f elementor-widget elementor-widget-heading\" data-id=\"092dc7f\" data-element_type=\"widget\" data-e-type=\"widget\" data-widget_type=\"heading.default\">\n\t\t\t\t\t<h3 class=\"elementor-heading-title elementor-size-default\">Dar\u00fcber hinausgehen<\/h3>\t\t\t\t<\/div>\n\t\t\t\t<div class=\"elementor-element elementor-element-e233ff5 elementor-widget elementor-widget-text-editor\" data-id=\"e233ff5\" data-element_type=\"widget\" data-e-type=\"widget\" data-widget_type=\"text-editor.default\">\n\t\t\t\t\t\t\t\t\t<h5><a href=\"https:\/\/lsa-global.com\/de\/preise-und-bedingungen-fur-ubersetzungen\/\"><span style=\"color: #ff0000;\">Preispl\u00e4ne und mehr<\/span><\/a><\/h5>\t\t\t\t\t\t\t\t<\/div>\n\t\t\t\t<div class=\"elementor-element elementor-element-5c6d37a elementor-widget elementor-widget-text-editor\" data-id=\"5c6d37a\" data-element_type=\"widget\" data-e-type=\"widget\" data-widget_type=\"text-editor.default\">\n\t\t\t\t\t\t\t\t\t<h5><a href=\"https:\/\/lsa-global.com\/de\/deutsche-sprache-lernen\/\"><span style=\"color: #ff0000;\">Kostenloses Angebot<\/span><\/a><\/h5>\t\t\t\t\t\t\t\t<\/div>\n\t\t\t\t<div class=\"elementor-element elementor-element-0e931a7 elementor-widget elementor-widget-text-editor\" data-id=\"0e931a7\" data-element_type=\"widget\" data-e-type=\"widget\" data-widget_type=\"text-editor.default\">\n\t\t\t\t\t\t\t\t\t<h5><a href=\"https:\/\/lsa-global.com\/de\/beitrage\/\"><span style=\"color: #ff0000;\">Weitere Beitr\u00e4ge<\/span><\/a><\/h5>\t\t\t\t\t\t\t\t<\/div>\n\t\t\t\t<div class=\"elementor-element elementor-element-6cc2d03 elementor-widget elementor-widget-text-editor\" data-id=\"6cc2d03\" data-element_type=\"widget\" data-e-type=\"widget\" data-widget_type=\"text-editor.default\">\n\t\t\t\t\t\t\t\t\t<h5><a href=\"https:\/\/lsaglobal-translate.co.uk\/services\/translation-services\/\" target=\"_blank\" rel=\"noopener\"><span style=\"color: #ff0000;\">\u00dcbersetzungsprofi.<\/span><\/a><\/h5>\t\t\t\t\t\t\t\t<\/div>\n\t\t\t\t<div class=\"elementor-element elementor-element-e8b35e7 elementor-widget elementor-widget-text-editor\" data-id=\"e8b35e7\" data-element_type=\"widget\" data-e-type=\"widget\" data-widget_type=\"text-editor.default\">\n\t\t\t\t\t\t\t\t\t<h4><span style=\"color: #000080;\"><span style=\"color: #ff0000;\">Weitere Informationen finden Sie auf der Website von LSAGLOBAL-Translate<\/span><\/span><\/h4>\t\t\t\t\t\t\t\t<\/div>\n\t\t\t\t\t<\/div>\n\t\t\t\t<\/div>\n\t\t\t\t<\/div>","protected":false},"excerpt":{"rendered":"<p>Get your FREE quote now! Get a free quote Get Your Free Translation Quote Instantly with LSA.GLOBAL Are you searching&hellip;<\/p>","protected":false},"author":1,"featured_media":37237,"parent":0,"menu_order":0,"comment_status":"closed","ping_status":"closed","template":"","meta":{"jetpack_post_was_ever_published":false,"footnotes":""},"class_list":["post-25717","page","type-page","status-publish","has-post-thumbnail","hentry"],"jetpack_sharing_enabled":true,"jetpack_likes_enabled":true,"jetpack-related-posts":[],"jetpack_shortlink":"https:\/\/wp.me\/PerFda-6GN","_links":{"self":[{"href":"https:\/\/lsa-global.com\/de\/wp-json\/wp\/v2\/pages\/25717","targetHints":{"allow":["GET"]}}],"collection":[{"href":"https:\/\/lsa-global.com\/de\/wp-json\/wp\/v2\/pages"}],"about":[{"href":"https:\/\/lsa-global.com\/de\/wp-json\/wp\/v2\/types\/page"}],"author":[{"embeddable":true,"href":"https:\/\/lsa-global.com\/de\/wp-json\/wp\/v2\/users\/1"}],"replies":[{"embeddable":true,"href":"https:\/\/lsa-global.com\/de\/wp-json\/wp\/v2\/comments?post=25717"}],"version-history":[{"count":0,"href":"https:\/\/lsa-global.com\/de\/wp-json\/wp\/v2\/pages\/25717\/revisions"}],"wp:featuredmedia":[{"embeddable":true,"href":"https:\/\/lsa-global.com\/de\/wp-json\/wp\/v2\/media\/37237"}],"wp:attachment":[{"href":"https:\/\/lsa-global.com\/de\/wp-json\/wp\/v2\/media?parent=25717"}],"curies":[{"name":"wp","href":"https:\/\/api.w.org\/{rel}","templated":true}]}}