{"id":20051,"date":"2022-12-31T14:37:46","date_gmt":"2022-12-31T13:37:46","guid":{"rendered":"https:\/\/lsa-global.com\/?page_id=20051"},"modified":"2025-04-25T15:36:23","modified_gmt":"2025-04-25T14:36:23","slug":"studentenzentrum","status":"publish","type":"page","link":"https:\/\/lsa-global.com\/de\/studentenzentrum\/","title":{"rendered":"Studierenden-Hub"},"content":{"rendered":"<div data-elementor-type=\"wp-page\" data-elementor-id=\"20051\" class=\"elementor elementor-20051\" data-elementor-post-type=\"page\">\n\t\t\t\t\t\t<section class=\"elementor-section elementor-top-section elementor-element elementor-element-4eb37d8 elementor-section-stretched elementor-section-boxed elementor-section-height-default elementor-section-height-default\" data-id=\"4eb37d8\" data-element_type=\"section\" data-e-type=\"section\" data-settings=\"{&quot;stretch_section&quot;:&quot;section-stretched&quot;}\">\n\t\t\t\t\t\t<div class=\"elementor-container elementor-column-gap-extended\">\n\t\t\t\t\t<div class=\"elementor-column elementor-col-100 elementor-top-column elementor-element elementor-element-3d39559 sc_layouts_column_icons_position_left\" data-id=\"3d39559\" data-element_type=\"column\" data-e-type=\"column\">\n\t\t\t<div class=\"elementor-widget-wrap elementor-element-populated\">\n\t\t\t\t\t\t<div class=\"elementor-element elementor-element-b2cf656 elementor-widget__width-initial e-transform elementor-widget elementor-widget-image\" data-id=\"b2cf656\" data-element_type=\"widget\" data-e-type=\"widget\" data-settings=\"{&quot;_transform_translateX_effect&quot;:{&quot;unit&quot;:&quot;px&quot;,&quot;size&quot;:176,&quot;sizes&quot;:[]},&quot;_transform_translateX_effect_mobile&quot;:{&quot;unit&quot;:&quot;px&quot;,&quot;size&quot;:47,&quot;sizes&quot;:[]},&quot;_transform_translateX_effect_tablet&quot;:{&quot;unit&quot;:&quot;px&quot;,&quot;size&quot;:&quot;&quot;,&quot;sizes&quot;:[]},&quot;_transform_translateY_effect&quot;:{&quot;unit&quot;:&quot;px&quot;,&quot;size&quot;:&quot;&quot;,&quot;sizes&quot;:[]},&quot;_transform_translateY_effect_tablet&quot;:{&quot;unit&quot;:&quot;px&quot;,&quot;size&quot;:&quot;&quot;,&quot;sizes&quot;:[]},&quot;_transform_translateY_effect_mobile&quot;:{&quot;unit&quot;:&quot;px&quot;,&quot;size&quot;:&quot;&quot;,&quot;sizes&quot;:[]}}\" data-widget_type=\"image.default\">\n\t\t\t\t\t\t\t\t\t\t\t\t\t\t\t<img fetchpriority=\"high\" decoding=\"async\" data-attachment-id=\"25281\" data-permalink=\"https:\/\/lsa-global.com\/fr\/pole-etudiant\/lsa-global-education-hub\/\" data-orig-file=\"https:\/\/i0.wp.com\/lsa-global.com\/wp-content\/uploads\/2023\/05\/LSA-GLOBAL-Education-Hub.jpg?fit=2374%2C1311&amp;ssl=1\" data-orig-size=\"2374,1311\" data-comments-opened=\"1\" data-image-meta=\"{&quot;aperture&quot;:&quot;0&quot;,&quot;credit&quot;:&quot;&quot;,&quot;camera&quot;:&quot;&quot;,&quot;caption&quot;:&quot;&quot;,&quot;created_timestamp&quot;:&quot;0&quot;,&quot;copyright&quot;:&quot;&quot;,&quot;focal_length&quot;:&quot;0&quot;,&quot;iso&quot;:&quot;0&quot;,&quot;shutter_speed&quot;:&quot;0&quot;,&quot;title&quot;:&quot;&quot;,&quot;orientation&quot;:&quot;0&quot;}\" data-image-title=\"LSA GLOBAL Education Hub\" data-image-description=\"\" data-image-caption=\"\" data-medium-file=\"https:\/\/i0.wp.com\/lsa-global.com\/wp-content\/uploads\/2023\/05\/LSA-GLOBAL-Education-Hub.jpg?fit=300%2C166&amp;ssl=1\" data-large-file=\"https:\/\/i0.wp.com\/lsa-global.com\/wp-content\/uploads\/2023\/05\/LSA-GLOBAL-Education-Hub.jpg?fit=1024%2C565&amp;ssl=1\" width=\"1024\" height=\"565\" src=\"https:\/\/i0.wp.com\/lsa-global.com\/wp-content\/uploads\/2023\/05\/LSA-GLOBAL-Education-Hub.jpg?fit=1024%2C565&amp;ssl=1\" class=\"attachment-large size-large wp-image-25281\" alt=\"\" srcset=\"https:\/\/i0.wp.com\/lsa-global.com\/wp-content\/uploads\/2023\/05\/LSA-GLOBAL-Education-Hub.jpg?w=2374&amp;ssl=1 2374w, https:\/\/i0.wp.com\/lsa-global.com\/wp-content\/uploads\/2023\/05\/LSA-GLOBAL-Education-Hub.jpg?resize=300%2C166&amp;ssl=1 300w, https:\/\/i0.wp.com\/lsa-global.com\/wp-content\/uploads\/2023\/05\/LSA-GLOBAL-Education-Hub.jpg?resize=1024%2C565&amp;ssl=1 1024w, https:\/\/i0.wp.com\/lsa-global.com\/wp-content\/uploads\/2023\/05\/LSA-GLOBAL-Education-Hub.jpg?resize=768%2C424&amp;ssl=1 768w, https:\/\/i0.wp.com\/lsa-global.com\/wp-content\/uploads\/2023\/05\/LSA-GLOBAL-Education-Hub.jpg?resize=1536%2C848&amp;ssl=1 1536w, https:\/\/i0.wp.com\/lsa-global.com\/wp-content\/uploads\/2023\/05\/LSA-GLOBAL-Education-Hub.jpg?resize=2048%2C1131&amp;ssl=1 2048w, https:\/\/i0.wp.com\/lsa-global.com\/wp-content\/uploads\/2023\/05\/LSA-GLOBAL-Education-Hub.jpg?resize=370%2C204&amp;ssl=1 370w, https:\/\/i0.wp.com\/lsa-global.com\/wp-content\/uploads\/2023\/05\/LSA-GLOBAL-Education-Hub.jpg?resize=760%2C420&amp;ssl=1 760w, https:\/\/i0.wp.com\/lsa-global.com\/wp-content\/uploads\/2023\/05\/LSA-GLOBAL-Education-Hub.jpg?resize=600%2C331&amp;ssl=1 600w\" sizes=\"(max-width: 1024px) 100vw, 1024px\" title=\"\">\t\t\t\t\t\t\t\t\t\t\t\t\t\t\t<\/div>\n\t\t\t\t\t<\/div>\n\t\t<\/div>\n\t\t\t\t\t<\/div>\n\t\t<\/section>\n\t\t<div class=\"elementor-element elementor-element-70d02df e-flex e-con-boxed e-con e-parent\" data-id=\"70d02df\" data-element_type=\"container\" data-e-type=\"container\">\n\t\t\t\t\t<div class=\"e-con-inner\">\n\t\t\t\t<div class=\"elementor-element elementor-element-f1d9a1f elementor-widget elementor-widget-shortcode\" data-id=\"f1d9a1f\" data-element_type=\"widget\" data-e-type=\"widget\" data-widget_type=\"shortcode.default\">\n\t\t\t\t\t\t\t<div class=\"elementor-shortcode\"> <div class=\"learnpress\"><div\r\n\tclass=\"learn-press-message error lp-content-area\">This shortcode LP Profile only use on the page <a href=\"https:\/\/lsa-global.com\/wp-admin\/admin.php?page=learn-press-settings\"><strong>Profil<\/strong><\/a><\/div>\r\n<\/div><\/div>\n\t\t\t\t\t\t<\/div>\n\t\t\t\t\t<\/div>\n\t\t\t\t<\/div>\n\t\t<div class=\"elementor-element elementor-element-7137059 e-flex e-con-boxed e-con e-parent\" data-id=\"7137059\" data-element_type=\"container\" data-e-type=\"container\">\n\t\t\t\t\t<div class=\"e-con-inner\">\n\t\t\t\t<div class=\"elementor-element elementor-element-ffa7fc7 elementor-align-center elementor-widget elementor-widget-button\" data-id=\"ffa7fc7\" data-element_type=\"widget\" data-e-type=\"widget\" data-widget_type=\"button.default\">\n\t\t\t\t\t\t\t\t\t\t<a class=\"elementor-button elementor-button-link elementor-size-xl\" href=\"https:\/\/billing.stripe.com\/p\/login\/eVa3gjcV82W73CwbII\" target=\"_blank\" rel=\"noopener\">\n\t\t\t\t\t\t<span class=\"elementor-button-content-wrapper\">\n\t\t\t\t\t\t<span class=\"elementor-button-icon\">\n\t\t\t\t<svg aria-hidden=\"true\" class=\"e-font-icon-svg e-far-calendar-alt\" viewbox=\"0 0 448 512\" xmlns=\"http:\/\/www.w3.org\/2000\/svg\"><path d=\"M148 288h-40c-6.6 0-12-5.4-12-12v-40c0-6.6 5.4-12 12-12h40c6.6 0 12 5.4 12 12v40c0 6.6-5.4 12-12 12zm108-12v-40c0-6.6-5.4-12-12-12h-40c-6.6 0-12 5.4-12 12v40c0 6.6 5.4 12 12 12h40c6.6 0 12-5.4 12-12zm96 0v-40c0-6.6-5.4-12-12-12h-40c-6.6 0-12 5.4-12 12v40c0 6.6 5.4 12 12 12h40c6.6 0 12-5.4 12-12zm-96 96v-40c0-6.6-5.4-12-12-12h-40c-6.6 0-12 5.4-12 12v40c0 6.6 5.4 12 12 12h40c6.6 0 12-5.4 12-12zm-96 0v-40c0-6.6-5.4-12-12-12h-40c-6.6 0-12 5.4-12 12v40c0 6.6 5.4 12 12 12h40c6.6 0 12-5.4 12-12zm192 0v-40c0-6.6-5.4-12-12-12h-40c-6.6 0-12 5.4-12 12v40c0 6.6 5.4 12 12 12h40c6.6 0 12-5.4 12-12zm96-260v352c0 26.5-21.5 48-48 48H48c-26.5 0-48-21.5-48-48V112c0-26.5 21.5-48 48-48h48V12c0-6.6 5.4-12 12-12h40c6.6 0 12 5.4 12 12v52h128V12c0-6.6 5.4-12 12-12h40c6.6 0 12 5.4 12 12v52h48c26.5 0 48 21.5 48 48zm-48 346V160H48v298c0 3.3 2.7 6 6 6h340c3.3 0 6-2.7 6-6z\"><\/path><\/svg>\t\t\t<\/span>\n\t\t\t\t\t\t\t\t\t<span class=\"elementor-button-text\">VERWALTEN SIE IHR ABONNEMENT <\/span>\n\t\t\t\t\t<\/span>\n\t\t\t\t\t<\/a>\n\t\t\t\t\t\t\t\t<\/div>\n\t\t\t\t\t<\/div>\n\t\t\t\t<\/div>\n\t\t<div class=\"elementor-element elementor-element-5fcb0f8 e-flex e-con-boxed e-con e-parent\" data-id=\"5fcb0f8\" data-element_type=\"container\" data-e-type=\"container\">\n\t\t\t\t\t<div class=\"e-con-inner\">\n\t\t\t\t<div class=\"elementor-element elementor-element-a9b06bc elementor-widget elementor-widget-spacer\" data-id=\"a9b06bc\" data-element_type=\"widget\" data-e-type=\"widget\" data-widget_type=\"spacer.default\">\n\t\t\t\t\t\t\t<div class=\"elementor-spacer\">\n\t\t\t<div class=\"elementor-spacer-inner\"><\/div>\n\t\t<\/div>\n\t\t\t\t\t\t<\/div>\n\t\t\t\t<div class=\"elementor-element elementor-element-93b5dd0 sc_fly_static elementor-widget elementor-widget-trx_sc_title\" data-id=\"93b5dd0\" data-element_type=\"widget\" data-e-type=\"widget\" data-widget_type=\"trx_sc_title.default\">\n\t\t\t\t<div class=\"elementor-widget-container\">\n\t\t\t\t\t<div id=\"trx_sc_title_80478583\"\n\t\tclass=\"sc_title sc_title_default\"><span class=\"sc_item_subtitle sc_title_subtitle sc_item_subtitle_above sc_item_title_style_default\">So funktioniert Ihr Portal<\/span><h2 class=\"sc_item_title sc_title_title sc_item_title_style_default\"><span class=\"sc_item_title_text\">Studierendenportal oder Hub<\/span><\/h2><div class=\"sc_item_descr sc_title_descr\"><p> LSA GLOBAL verwendet eine Anmeldeseite, auf der Studierende einen Benutzernamen und ein Passwort eingeben k\u00f6nnen, um auf Programme und andere Lernmaterialien zuzugreifen. Diese Anmeldeseite wird allgemein als Studenten-Hub oder -Portal bezeichnet. Manchmal wird auch der gesamte, den Studierenden zug\u00e4ngliche Teil eines Lernmanagementsystems (LMS) als Studentenportal bezeichnet.<\/p>\n<p>Ein Lernender, der an einem Online-Zertifizierungsprogramm teilnimmt, kann \u00fcber ein Studentenportal auf Online-Kursmaterialien wie Artikel, Vorlesungen und Videos zugreifen, die auf den Servern der Schule gehostet werden. LSA GLOBAL kann Studentenportale verwenden, um Informationen \u00fcber die Schule, Kursdetails, Kalender, akademische Ressourcen und Kontaktinformationen bereitzustellen.<\/p>\n<p>LSA GLOBAL kann au\u00dferdem in Studentenportale integriert werden, um Studenten einen einfachen Zugriff auf pers\u00f6nliche Informationen zu erm\u00f6glichen, wie etwa die Verfolgung der Auszahlung von Finanzhilfen und die Nutzung medizinischer Dienste auf dem Campus usw.<\/p>\n<\/div><div class=\"sc_title_button_image sc_item_button_image sc_align_none\"><img decoding=\"async\" src=\"https:\/\/i0.wp.com\/lsa-global.com\/wp-content\/uploads\/2023\/05\/LSA-GLOBAL-Education-Hub.jpg?resize=370%2C208&#038;ssl=1\" alt=\"Button&#039;s image\" title=\"\"><\/div><\/div><!-- \/.sc_title -->\t\t\t\t<\/div>\n\t\t\t\t<\/div>\n\t\t\t\t<div class=\"elementor-element elementor-element-e51d653 elementor-widget elementor-widget-heading\" data-id=\"e51d653\" data-element_type=\"widget\" data-e-type=\"widget\" data-widget_type=\"heading.default\">\n\t\t\t\t\t<h2 class=\"elementor-heading-title elementor-size-default\">Dar\u00fcber hinausgehen<\/h2>\t\t\t\t<\/div>\n\t\t\t\t<div class=\"elementor-element elementor-element-b0a3c5b elementor-widget elementor-widget-text-editor\" data-id=\"b0a3c5b\" data-element_type=\"widget\" data-e-type=\"widget\" data-widget_type=\"text-editor.default\">\n\t\t\t\t\t\t\t\t\t<h5><a href=\"https:\/\/lsa-global.com\/de\/preise-und-bedingungen-fur-ubersetzungen\/\"><span style=\"color: #ff0000;\">Preispl\u00e4ne und mehr<\/span><\/a><\/h5>\t\t\t\t\t\t\t\t<\/div>\n\t\t\t\t<div class=\"elementor-element elementor-element-ebe1108 elementor-widget elementor-widget-text-editor\" data-id=\"ebe1108\" data-element_type=\"widget\" data-e-type=\"widget\" data-widget_type=\"text-editor.default\">\n\t\t\t\t\t\t\t\t\t<h5><a href=\"https:\/\/lsa-global.com\/de\/beitrage\/\"><span style=\"color: #ff0000;\">Weitere Beitr\u00e4ge<\/span><\/a><\/h5>\t\t\t\t\t\t\t\t<\/div>\n\t\t\t\t<div class=\"elementor-element elementor-element-bc2f608 elementor-widget elementor-widget-text-editor\" data-id=\"bc2f608\" data-element_type=\"widget\" data-e-type=\"widget\" data-widget_type=\"text-editor.default\">\n\t\t\t\t\t\t\t\t\t<h5><a href=\"https:\/\/lsaglobal-translate.co.uk\/services\/translation-services\/\" target=\"_blank\" rel=\"noopener\"><span style=\"color: #ff0000;\">\u00dcbersetzungsprofi.<\/span><\/a><\/h5>\t\t\t\t\t\t\t\t<\/div>\n\t\t\t\t<div class=\"elementor-element elementor-element-e70a5d2 elementor-widget elementor-widget-text-editor\" data-id=\"e70a5d2\" data-element_type=\"widget\" data-e-type=\"widget\" data-widget_type=\"text-editor.default\">\n\t\t\t\t\t\t\t\t\t<h4><a href=\"https:\/\/lsaglobal-translate.co.uk\/\" target=\"_blank\" rel=\"noopener\"><span style=\"color: #000080;\"><span style=\"color: #ff0000;\">Weitere Informationen finden Sie auf der Website von LSAGLOBAL-Translate<\/span><\/span><\/a><\/h4>\t\t\t\t\t\t\t\t<\/div>\n\t\t\t\t\t<\/div>\n\t\t\t\t<\/div>\n\t\t\t\t<\/div>","protected":false},"excerpt":{"rendered":"<p>MANAGE YOUR SUBSCRIPTION How Your Portal works Student Portal or Hub LSA GLOBAL uses a login page where students can&hellip;<\/p>","protected":false},"author":1,"featured_media":25739,"parent":0,"menu_order":0,"comment_status":"closed","ping_status":"closed","template":"","meta":{"jetpack_post_was_ever_published":false,"footnotes":""},"class_list":["post-20051","page","type-page","status-publish","has-post-thumbnail","hentry"],"jetpack_sharing_enabled":true,"jetpack_likes_enabled":true,"jetpack-related-posts":[],"jetpack_shortlink":"https:\/\/wp.me\/PerFda-5dp","_links":{"self":[{"href":"https:\/\/lsa-global.com\/de\/wp-json\/wp\/v2\/pages\/20051","targetHints":{"allow":["GET"]}}],"collection":[{"href":"https:\/\/lsa-global.com\/de\/wp-json\/wp\/v2\/pages"}],"about":[{"href":"https:\/\/lsa-global.com\/de\/wp-json\/wp\/v2\/types\/page"}],"author":[{"embeddable":true,"href":"https:\/\/lsa-global.com\/de\/wp-json\/wp\/v2\/users\/1"}],"replies":[{"embeddable":true,"href":"https:\/\/lsa-global.com\/de\/wp-json\/wp\/v2\/comments?post=20051"}],"version-history":[{"count":0,"href":"https:\/\/lsa-global.com\/de\/wp-json\/wp\/v2\/pages\/20051\/revisions"}],"wp:featuredmedia":[{"embeddable":true,"href":"https:\/\/lsa-global.com\/de\/wp-json\/wp\/v2\/media\/25739"}],"wp:attachment":[{"href":"https:\/\/lsa-global.com\/de\/wp-json\/wp\/v2\/media?parent=20051"}],"curies":[{"name":"wp","href":"https:\/\/api.w.org\/{rel}","templated":true}]}}